{"id":102,"date":"2015-05-09T15:50:41","date_gmt":"2015-05-09T15:50:41","guid":{"rendered":"https:\/\/www.cajaforensesantafe.org.ar\/?page_id=102"},"modified":"2025-08-27T01:43:07","modified_gmt":"2025-08-27T01:43:07","slug":"reconquista","status":"publish","type":"page","link":"https:\/\/www.cajaforensesantafe.org.ar\/?page_id=102","title":{"rendered":"Reconquista"},"content":{"rendered":"<div class=\"wpb-content-wrapper\"><p>[vc_row][vc_column][vc_column_text css=\u00bb\u00bb]<span style=\"color: #0000ff;\">Fiscalizadores:<\/span> Maximiliano Delettieres \/ Pablo Delb\u00f3n<\/p>\n<p><span class=\"ff2 fc0 fs10 fb fu \" style=\"color: #3366ff;\">Direcci\u00f3n<\/span><span class=\"ff2 fc0 fs10 fb \">:<\/span><span class=\"ff2 fc0 fs10 \"> San Mart\u00edn1186<\/span><\/p>\n<p><span class=\"ff2 fc0 fs10 fb fu \" style=\"color: #3366ff;\">Tel\u00e9fono:<\/span><span class=\"ff2 fc0 fs10 \"> (03482) 426719<br \/>\n<\/span><\/p>\n<p><span class=\"ff2 fc0 fs10 fb fu \"><span style=\"color: #3366ff;\">Mail:<\/span><\/span><span class=\"ff2 fc0 fs10 \"> mdelettieresfiscalizacion@cajaforensesantafe.org.ar<\/span><\/p>\n<p>pdelbonfiscalizacion@cajaforensesantafe.org.ar[\/vc_column_text][\/vc_column][\/vc_row][vc_row][vc_column][vc_gmaps link=\u00bb#E-8_JTNDaWZyYW1lJTIwc3JjJTNEJTIyaHR0cHMlM0ElMkYlMkZ3d3cuZ29vZ2xlLmNvbSUyRm1hcHMlMkZlbWJlZCUzRnBiJTNEJTIxMW0xOCUyMTFtMTIlMjExbTMlMjExZDM0ODQuNTAzNjgxNzQ1NzQ1JTIxMmQtNTkuNjQ1MzE5OTg0MzY3NDIlMjEzZC0yOS4xNDk4MjYxOTcyMDM3NjUlMjEybTMlMjExZjAlMjEyZjAlMjEzZjAlMjEzbTIlMjExaTEwMjQlMjEyaTc2OCUyMTRmMTMuMSUyMTNtMyUyMTFtMiUyMTFzMHg5NDRlYmFiZDYyMjRkODQ1JTI1M0EweDI3ZDI4NzBhMmRkMThlYzMlMjEyc1NhbiUyQk1hcnQlMjVDMyUyNUFEbiUyQjExODYlMjUyQyUyQlMzNTYwR1VYJTJCUmVjb25xdWlzdGElMjUyQyUyQlNhbnRhJTJCRmUlMjE1ZTAlMjEzbTIlMjExc2VzJTIxMnNhciUyMTR2MTQ1NDU5NTAyNDk4MiUyMiUyMHdpZHRoJTNEJTIyNjAwJTIyJTIwaGVpZ2h0JTNEJTIyNDUwJTIyJTIwZnJhbWVib3JkZXIlM0QlMjIwJTIyJTIwc3R5bGUlM0QlMjJib3JkZXIlM0EwJTIyJTIwYWxsb3dmdWxsc2NyZWVuJTNFJTNDJTJGaWZyYW1lJTNF\u00bb][\/vc_column][\/vc_row]<\/p>\n<\/div>","protected":false},"excerpt":{"rendered":"<p>[vc_row][vc_column][vc_column_text css=\u00bb\u00bb]Fiscalizadores: Maximiliano Delettieres \/ Pablo Delb\u00f3n Direcci\u00f3n: San Mart\u00edn1186 Tel\u00e9fono: (03482) 426719 Mail: mdelettieresfiscalizacion@cajaforensesantafe.org.ar pdelbonfiscalizacion@cajaforensesantafe.org.ar[\/vc_column_text][\/vc_column][\/vc_row][vc_row][vc_column][vc_gmaps link=\u00bb#E-8_JTNDaWZyYW1lJTIwc3JjJTNEJTIyaHR0cHMlM0ElMkYlMkZ3d3cuZ29vZ2xlLmNvbSUyRm1hcHMlMkZlbWJlZCUzRnBiJTNEJTIxMW0xOCUyMTFtMTIlMjExbTMlMjExZDM0ODQuNTAzNjgxNzQ1NzQ1JTIxMmQtNTkuNjQ1MzE5OTg0MzY3NDIlMjEzZC0yOS4xNDk4MjYxOTcyMDM3NjUlMjEybTMlMjExZjAlMjEyZjAlMjEzZjAlMjEzbTIlMjExaTEwMjQlMjEyaTc2OCUyMTRmMTMuMSUyMTNtMyUyMTFtMiUyMTFzMHg5NDRlYmFiZDYyMjRkODQ1JTI1M0EweDI3ZDI4NzBhMmRkMThlYzMlMjEyc1NhbiUyQk1hcnQlMjVDMyUyNUFEbiUyQjExODYlMjUyQyUyQlMzNTYwR1VYJTJCUmVjb25xdWlzdGElMjUyQyUyQlNhbnRhJTJCRmUlMjE1ZTAlMjEzbTIlMjExc2VzJTIxMnNhciUyMTR2MTQ1NDU5NTAyNDk4MiUyMiUyMHdpZHRoJTNEJTIyNjAwJTIyJTIwaGVpZ2h0JTNEJTIyNDUwJTIyJTIwZnJhbWVib3JkZXIlM0QlMjIwJTIyJTIwc3R5bGUlM0QlMjJib3JkZXIlM0EwJTIyJTIwYWxsb3dmdWxsc2NyZWVuJTNFJTNDJTJGaWZyYW1lJTNF\u00bb][\/vc_column][\/vc_row]<\/p>\n","protected":false},"author":1,"featured_media":0,"parent":97,"menu_order":0,"comment_status":"closed","ping_status":"closed","template":"","meta":{"footnotes":""},"class_list":["post-102","page","type-page","status-publish","hentry","description-off"],"_links":{"self":[{"href":"https:\/\/www.cajaforensesantafe.org.ar\/index.php?rest_route=\/wp\/v2\/pages\/102","targetHints":{"allow":["GET"]}}],"collection":[{"href":"https:\/\/www.cajaforensesantafe.org.ar\/index.php?rest_route=\/wp\/v2\/pages"}],"about":[{"href":"https:\/\/www.cajaforensesantafe.org.ar\/index.php?rest_route=\/wp\/v2\/types\/page"}],"author":[{"embeddable":true,"href":"https:\/\/www.cajaforensesantafe.org.ar\/index.php?rest_route=\/wp\/v2\/users\/1"}],"replies":[{"embeddable":true,"href":"https:\/\/www.cajaforensesantafe.org.ar\/index.php?rest_route=%2Fwp%2Fv2%2Fcomments&post=102"}],"version-history":[{"count":7,"href":"https:\/\/www.cajaforensesantafe.org.ar\/index.php?rest_route=\/wp\/v2\/pages\/102\/revisions"}],"predecessor-version":[{"id":3718,"href":"https:\/\/www.cajaforensesantafe.org.ar\/index.php?rest_route=\/wp\/v2\/pages\/102\/revisions\/3718"}],"up":[{"embeddable":true,"href":"https:\/\/www.cajaforensesantafe.org.ar\/index.php?rest_route=\/wp\/v2\/pages\/97"}],"wp:attachment":[{"href":"https:\/\/www.cajaforensesantafe.org.ar\/index.php?rest_route=%2Fwp%2Fv2%2Fmedia&parent=102"}],"curies":[{"name":"wp","href":"https:\/\/api.w.org\/{rel}","templated":true}]}}