{"id":1109,"date":"2016-09-26T21:56:56","date_gmt":"2016-09-26T21:56:56","guid":{"rendered":"https:\/\/www.cajaforensesantafe.org.ar\/?page_id=1109"},"modified":"2024-11-04T15:09:18","modified_gmt":"2024-11-04T15:09:18","slug":"hospital-italiano","status":"publish","type":"page","link":"https:\/\/www.cajaforensesantafe.org.ar\/?page_id=1109","title":{"rendered":"Hospital Italiano"},"content":{"rendered":"<div class=\"wpb-content-wrapper\"><p>[vc_row][vc_column width=\u00bb1\/1&#8243;][vc_column_text]<\/p>\n<p><a class=\"dt-single-image\" href=\"https:\/\/www.cajaforensesantafe.org.ar\/wp-content\/uploads\/2016\/09\/italiano.jpg\" data-dt-img-description=\"\"><img loading=\"lazy\" decoding=\"async\" class=\"alignnone wp-image-1110 size-full\" src=\"https:\/\/www.cajaforensesantafe.org.ar\/wp-content\/uploads\/2016\/09\/italiano.jpg\" alt=\"italiano\" width=\"2279\" height=\"420\" \/><\/a><\/p>\n<p>[\/vc_column_text][\/vc_column][\/vc_row][vc_row][vc_column width=\u00bb1\/1&#8243;][vc_column_text]<span style=\"color: #000000;\">La Caja forense de la Primera Circunscrip. de Santa Fe, tiene convenio con el Hospital Italiano de Buenos Aires, tanto para la atenci\u00f3n Ambulatoria como para Internaciones.<\/span><\/p>\n<p><span style=\"color: #000000;\">Para acceder a los servicios, deber\u00e1 dirigirse a la Secci\u00f3n \u201cPacientes del Interior\u201d en el nivel CERO <\/span><span style=\"color: #000000;\">de dicho hospital, donde deber\u00e1 presentar la siguiente documentaci\u00f3n<\/span>:<br \/>\n<span style=\"color: #000000;\">1<\/span><strong><span style=\"color: #0000ff;\"><span style=\"color: #000000;\">&#8211;<\/span> D.N.I DEL PACIENTE<\/span> <\/strong><br \/>\n<span style=\"color: #000000;\">2-<\/span><strong><span style=\"color: #0000ff;\"> CREDENCIAL DE AFILIACI\u00d3N A LA CAJA FORENSE<\/span> <\/strong><span style=\"color: #000000;\">(Tarjeta Dorada) del paciente<\/span><br \/>\n<span style=\"color: #000000;\"> 3- Adem\u00e1s, a los efectos de una mayor celeridad en la autorizaci\u00f3n de pr\u00e1cticas no programadas con anterioridad, pero que pudieran serle requeridas en el propio Hospital Italiano, Ud. deber\u00e1 solicitar previamente en el \u00c1rea Salud de Caja Forense, la correspondiente<\/span> <strong><span style=\"color: #0000ff;\">CONSTANCIA DE DERIVACI\u00d3N<\/span><\/strong>[\/vc_column_text][\/vc_column][\/vc_row][vc_row][vc_column width=\u00bb1\/1&#8243;][vc_empty_space height=\u00bb32px\u00bb][\/vc_column][\/vc_row][vc_row][vc_column width=\u00bb1\/1&#8243;][vc_column_text css=\u00bb.vc_custom_1577717025600{background-color: #1e73be !important;}\u00bb]<\/p>\n<p style=\"text-align: left;\"><span style=\"color: #ffffff;\"><strong>\u00a0 \u00a0C\u00d3MO ES LA COBERTURA<\/strong><\/span><\/p>\n<p>[\/vc_column_text][\/vc_column][\/vc_row][vc_row][vc_column width=\u00bb1\/1&#8243;][vc_empty_space height=\u00bb15px\u00bb][\/vc_column][\/vc_row][vc_row][vc_column width=\u00bb1\/1&#8243;][vc_column_text]<span style=\"color: #000000;\"><strong>Se\u00f1or\/a\u00a0\u00a0Afiliado\/a:<\/strong><\/span><\/p>\n<p><span lang=\"ES-TRAD\" style=\"color: #000000;\">\u00a0\u00a0\u00a0\u00a0\u00a0\u00a0\u00a0\u00a0 Esta Instituci\u00f3n ha bregado por brindar a sus afiliados la mejor y m\u00e1s amplia cobertura, facilitando el derecho de libre elecci\u00f3n y acceso a la tecnolog\u00eda de avanzada.<\/span><\/p>\n<p><span lang=\"ES-TRAD\" style=\"color: #000000;\">\u00a0\u00a0\u00a0\u00a0\u00a0\u00a0\u00a0\u00a0\u00a0 Nuestras mejores intenciones se enfrentan, lamentablemente, con la realidad econ\u00f3mica que demuestra no solo el desapego de los profesionales del derecho en el cumplimiento de los aportes obligatorios, sino tambi\u00e9n con los constantes incrementos por parte de los prestadores que elevan la facturaci\u00f3n a l\u00edmites que generan una extrema preocupaci\u00f3n y obligan a adoptar medidas en resguardo del sustento patrimonial de la Caja.<\/span><\/p>\n<p><span lang=\"ES-TRAD\" style=\"color: #000000;\">\u00a0\u00a0\u00a0\u00a0\u00a0\u00a0\u00a0\u00a0\u00a0 En virtud de lo expresado y considerando los valores impuestos por el Hospital Italiano de Buenos Aires, que difieren sustancialmente de los pautados con prestadores de nuestra provincia, se ha resuelto que a partir del 1\u00ba de julio de 2017, las pr\u00e1cticas a realizarse en dicha instituci\u00f3n sanatorial, recibir\u00e1n la cobertura econ\u00f3mica hasta el m\u00e1ximo valor acordado con prestadores de la provincia de Santa Fe, debiendo el afiliado asumir el costo que supere los mismos, a excepci\u00f3n de aquellas prestaciones que por su complejidad no puedan ser realizadas en nuestra provincia.<\/span><\/p>\n<p><span lang=\"ES-TRAD\" style=\"color: #000000;\">Rogamos consultar con el \u00c1rea Salud a los fines de interiorizarse en forma previa a la realizaci\u00f3n de cualquier tipo de pr\u00e1ctica.<\/span><\/p>\n<p><span style=\"color: #000000;\"><strong><span lang=\"ES-TRAD\">Directorio Caja Forense<\/span><\/strong><\/span>[\/vc_column_text][\/vc_column][\/vc_row][vc_row][vc_column width=\u00bb1\/1&#8243;][vc_empty_space height=\u00bb15px\u00bb][\/vc_column][\/vc_row][vc_row][vc_column width=\u00bb1\/1&#8243;][vc_column_text css=\u00bb.vc_custom_1478004981663{background-color: #1e73be !important;}\u00bb]<\/p>\n<p><span style=\"color: #ffffff;\">\u00a0\u00a0\u00a0 CONSULTA<\/span><\/p>\n<p>[\/vc_column_text][\/vc_column][\/vc_row][vc_row][vc_column width=\u00bb1\/1&#8243;][vc_empty_space height=\u00bb15px\u00bb][\/vc_column][\/vc_row][vc_row][vc_column width=\u00bb1\/1&#8243;][vc_column_text]<span style=\"color: #000000;\">&#8211; Presentar la Tarjeta Magn\u00e9tica<\/span><br \/>\n<span style=\"color: #000000;\"> &#8211; y su D.N.I.<\/span>[\/vc_column_text][\/vc_column][\/vc_row][vc_row][vc_column width=\u00bb1\/1&#8243;][vc_empty_space height=\u00bb15px\u00bb][\/vc_column][\/vc_row][vc_row][vc_column width=\u00bb1\/1&#8243;][vc_column_text css=\u00bb.vc_custom_1474928833550{background-color: #1e73be !important;}\u00bb]<\/p>\n<p><strong>\u00a0\u00a0\u00a0 <span style=\"color: #ffffff;\">PRACTICAS PROGRAMADAS: Ambulatorias\/internaciones\/cirug\u00edas<\/span><\/strong><\/p>\n<p>[\/vc_column_text][\/vc_column][\/vc_row][vc_row][vc_column width=\u00bb1\/1&#8243;][vc_empty_space height=\u00bb15px\u00bb][\/vc_column][\/vc_row][vc_row][vc_column width=\u00bb1\/1&#8243;][vc_column_text]<span style=\"color: #000000;\">\u00a0&#8211; Previo a su viaje, deber\u00e1 autorizar la prescripci\u00f3n m\u00e9dica en la delegaci\u00f3n de Caja Forense m\u00e1s cercana a su domicilio.<\/span><br \/>\n<span style=\"color: #000000;\">&#8211; En caso de encontrarse en Buenos Aires, deber\u00e1 gestionar la autorizaci\u00f3n en la secci\u00f3n\u00a0 \u201cPacientes del Interior\u201d del propio Hospital Italiano.<\/span>[\/vc_column_text][\/vc_column][\/vc_row][vc_row][vc_column width=\u00bb1\/1&#8243;][vc_empty_space height=\u00bb15px\u00bb][\/vc_column][\/vc_row][vc_row][vc_column width=\u00bb1\/1&#8243;][vc_column_text css=\u00bb.vc_custom_1474928814886{background-color: #1e73be !important;}\u00bb]<\/p>\n<p><span style=\"color: #ffffff;\">\u00a0\u00a0\u00a0 PR\u00c1CTICAS NO PROGRAMADAS: Guardia \/internaciones\/cirug\u00edas<\/span><\/p>\n<p>[\/vc_column_text][\/vc_column][\/vc_row][vc_row][vc_column width=\u00bb1\/1&#8243;][vc_empty_space height=\u00bb15px\u00bb][\/vc_column][\/vc_row][vc_row][vc_column width=\u00bb1\/1&#8243;][vc_column_text]<\/p>\n<p><span style=\"color: #000000;\">&#8211; El propio Hospital se encargar\u00e1 de gestionar ante la Caja Forense, la autorizaci\u00f3n v\u00eda mail.<\/span><\/p>\n<p>[\/vc_column_text][\/vc_column][\/vc_row][vc_row][vc_column width=\u00bb1\/1&#8243;][vc_empty_space height=\u00bb15px\u00bb][\/vc_column][\/vc_row][vc_row][vc_column width=\u00bb1\/1&#8243;][vc_column_text css=\u00bb.vc_custom_1474929665834{background-color: #00962a !important;}\u00bb]<\/p>\n<p style=\"text-align: center;\"><strong><span style=\"color: #ffffff;\">\u00a0\u00a0\u00a0 \u00bfD\u00d3NDE ACUDIR ANTE UNA URGENCIA EN BUENOS AIRES?<\/span><\/strong><\/p>\n<p style=\"text-align: center;\"><strong><span style=\"color: #ffffff;\">\u00a0\u00a0\u00a0 (Son todas dependencias del Hospital Italiano)<\/span><\/strong><\/p>\n<p>[\/vc_column_text][\/vc_column][\/vc_row][vc_row][vc_column width=\u00bb1\/1&#8243;][vc_empty_space height=\u00bb15px\u00bb][\/vc_column][\/vc_row][vc_row][vc_column width=\u00bb1\/1&#8243;][vc_column_text css=\u00bb.vc_custom_1474929116628{background-color: #dd3333 !important;}\u00bb]<\/p>\n<h4 style=\"text-align: center;\"><span style=\"color: #ffffff;\"><strong>EMERGENCIAS 24HS<\/strong><\/span><\/h4>\n<p>[\/vc_column_text][\/vc_column][\/vc_row][vc_row][vc_column width=\u00bb1\/1&#8243;][vc_empty_space height=\u00bb15px\u00bb][\/vc_column][\/vc_row][vc_row][vc_column width=\u00bb1\/1&#8243;][vc_row_inner][vc_column_inner width=\u00bb1\/2&#8243;][vc_column_text css=\u00bb.vc_custom_1474929253546{background-color: #dd3333 !important;}\u00bb]<\/p>\n<p style=\"text-align: center;\"><strong><span style=\"color: #ffffff;\">\u00a0\u00a0\u00a0 ADULTOS<\/span><\/strong><\/p>\n<p>[\/vc_column_text][\/vc_column_inner][vc_column_inner width=\u00bb1\/2&#8243;][vc_column_text css=\u00bb.vc_custom_1474929312671{background-color: #dd3333 !important;}\u00bb]<\/p>\n<p style=\"text-align: center;\"><span style=\"color: #ffffff;\"><strong>PEDI\u00c1TRICAS<\/strong><\/span><\/p>\n<p>[\/vc_column_text][\/vc_column_inner][\/vc_row_inner][\/vc_column][\/vc_row][vc_row][vc_column width=\u00bb1\/2&#8243;][vc_column_text css=\u00bb.vc_custom_1474930536157{background-color: #ffffff !important;}\u00bb]<\/p>\n<p style=\"text-align: center;\"><strong><span style=\"color: #000000;\">Per\u00f3n 4196<\/span><\/strong><\/p>\n<p>[\/vc_column_text][\/vc_column][vc_column width=\u00bb1\/2&#8243;][vc_column_text css=\u00bb.vc_custom_1474930605073{background-color: #ffffff !important;}\u00bb]<\/p>\n<p style=\"text-align: center;\"><span style=\"color: #000000;\"><strong>Per\u00f3n 4230<\/strong><\/span><\/p>\n<p>[\/vc_column_text][\/vc_column][\/vc_row][vc_row][vc_column width=\u00bb1\/1&#8243;][vc_empty_space height=\u00bb15px\u00bb][\/vc_column][\/vc_row][vc_row][vc_column width=\u00bb1\/1&#8243;][vc_column_text css=\u00bb.vc_custom_1474929482868{background-color: #06a847 !important;}\u00bb]<\/p>\n<p style=\"text-align: center;\"><span style=\"color: #ffffff;\"><strong>\u00a0DEMANDAS ESPONT\u00c1NEAS: Urgencias, imprevistos, pr\u00e1cticas no programadas <\/strong><strong>que requieren atenci\u00f3n m\u00e9dica inmediata, SIN TURNO<\/strong><\/span><\/p>\n<p>[\/vc_column_text][\/vc_column][\/vc_row][vc_row][vc_column width=\u00bb1\/1&#8243;][vc_empty_space height=\u00bb15px\u00bb][\/vc_column][\/vc_row][vc_row][vc_column width=\u00bb1\/4&#8243;][vc_column_text css=\u00bb.vc_custom_1474929831845{background-color: #00af37 !important;}\u00bb]<\/p>\n<p style=\"text-align: center;\"><strong><span style=\"color: #ffffff;\">ESPECIALIDAD<\/span><\/strong><\/p>\n<p>[\/vc_column_text][\/vc_column][vc_column width=\u00bb1\/4&#8243;][vc_column_text css=\u00bb.vc_custom_1474929868044{background-color: #00ad4b !important;}\u00bb]<\/p>\n<p style=\"text-align: center;\"><strong><span style=\"color: #ffffff;\">DIRECCI\u00d3N<\/span><\/strong><\/p>\n<p>[\/vc_column_text][\/vc_column][vc_column width=\u00bb1\/4&#8243;][vc_column_text css=\u00bb.vc_custom_1474929911826{background-color: #13ad49 !important;}\u00bb]<\/p>\n<p style=\"text-align: center;\"><strong><span style=\"color: #ffffff;\">D\u00cdAS<\/span><\/strong><\/p>\n<p>[\/vc_column_text][\/vc_column][vc_column width=\u00bb1\/4&#8243;][vc_column_text css=\u00bb.vc_custom_1474929942203{background-color: #13ad49 !important;}\u00bb]<\/p>\n<p style=\"text-align: center;\"><span style=\"color: #ffffff;\"><strong>HORARIOS<\/strong><\/span><\/p>\n<p>[\/vc_column_text][\/vc_column][\/vc_row][vc_row][vc_column width=\u00bb1\/4&#8243;][vc_column_text css=\u00bb.vc_custom_1474930685816{background-color: #ffffff !important;}\u00bb]<\/p>\n<p style=\"text-align: center;\"><span style=\"color: #000000;\"><strong>Traumatolog\u00eda<\/strong><\/span><\/p>\n<p>[\/vc_column_text][\/vc_column][vc_column width=\u00bb1\/4&#8243;][vc_column_text css=\u00bb.vc_custom_1474930779267{background-color: #ffffff !important;}\u00bb]<\/p>\n<p style=\"text-align: center;\"><span style=\"color: #000000;\">Potos\u00ed 4247<\/span><\/p>\n<p>[\/vc_column_text][\/vc_column][vc_column width=\u00bb1\/4&#8243;][vc_column_text css=\u00bb.vc_custom_1474930879665{background-color: #ffffff !important;}\u00bb]<\/p>\n<p style=\"text-align: center;\"><span style=\"color: #000000;\">Lunes a Viernes<\/span><br \/>\n<span style=\"color: #000000;\">S\u00e1bados<\/span><\/p>\n<p>[\/vc_column_text][\/vc_column][vc_column width=\u00bb1\/4&#8243;][vc_column_text css=\u00bb.vc_custom_1474930892250{background-color: #ffffff !important;}\u00bb]<\/p>\n<p style=\"text-align: center;\"><span style=\"color: #000000;\">08 a 20 hs.<\/span><br \/>\n<span style=\"color: #000000;\">08 a 12 hs.<\/span><\/p>\n<p>[\/vc_column_text][\/vc_column][\/vc_row][vc_row][vc_column width=\u00bb1\/1&#8243;][vc_column_text]<\/p>\n<p style=\"text-align: center;\">&#8212;&#8212;&#8212;&#8212;&#8212;&#8212;&#8212;&#8212;&#8212;&#8212;&#8212;&#8212;&#8212;&#8212;&#8212;&#8212;&#8212;&#8212;&#8212;&#8212;&#8212;&#8212;&#8212;&#8212;&#8212;&#8212;&#8212;&#8212;&#8212;&#8212;&#8212;&#8212;&#8212;&#8212;&#8212;&#8212;-<\/p>\n<p>[\/vc_column_text][\/vc_column][\/vc_row][vc_row][vc_column width=\u00bb1\/4&#8243;][vc_column_text css=\u00bb.vc_custom_1474931104709{background-color: #ffffff !important;}\u00bb]<\/p>\n<p style=\"text-align: center;\"><strong><span style=\"color: #000000;\">Otorrinolaringolog\u00eda<\/span><\/strong><\/p>\n<p>[\/vc_column_text][\/vc_column][vc_column width=\u00bb1\/4&#8243;][vc_column_text css=\u00bb.vc_custom_1474931024373{background-color: #ffffff !important;}\u00bb]<\/p>\n<p style=\"text-align: center;\"><span style=\"color: #000000;\">Per\u00f3n 4230<\/span><\/p>\n<p>[\/vc_column_text][\/vc_column][vc_column width=\u00bb1\/4&#8243;][vc_column_text css=\u00bb.vc_custom_1474931121521{background-color: #ffffff !important;}\u00bb]<\/p>\n<p style=\"text-align: center;\"><span style=\"color: #000000;\">Lunes<\/span><br \/>\n<span style=\"color: #000000;\"> Martes<\/span><br \/>\n<span style=\"color: #000000;\"> Mi\u00e9rcoles<\/span><br \/>\n<span style=\"color: #000000;\"> Jueves<\/span><br \/>\n<span style=\"color: #000000;\"> Viernes<\/span><br \/>\n<span style=\"color: #000000;\"> S\u00e1bado<\/span><\/p>\n<p>[\/vc_column_text][\/vc_column][vc_column width=\u00bb1\/4&#8243;][vc_column_text css=\u00bb.vc_custom_1474931414703{background-color: #ffffff !important;}\u00bb]<\/p>\n<p style=\"text-align: center;\"><span style=\"color: #000000;\">8:30 a 18:30 hs<\/span><br \/>\n<span style=\"color: #000000;\">9 a 11:30 y de 12:30 a 15:45 hs<\/span><br \/>\n<span style=\"color: #000000;\">9 a 15:15 y de 16:30 a 18:30 hs<\/span><br \/>\n<span style=\"color: #000000;\">9 a 11:30 y de 13 a 15:45 hs<\/span><br \/>\n<span style=\"color: #000000;\">8:30 a 11:30 y de 12:30 a 18:30 hs<\/span><br \/>\n<span style=\"color: #000000;\">8:30 a 11:30 hs<\/span><\/p>\n<p>[\/vc_column_text][\/vc_column][\/vc_row][vc_row][vc_column width=\u00bb1\/1&#8243;][vc_column_text]<\/p>\n<p style=\"text-align: center;\">&#8212;&#8212;&#8212;&#8212;&#8212;&#8212;&#8212;&#8212;&#8212;&#8212;&#8212;&#8212;&#8212;&#8212;&#8212;&#8212;&#8212;&#8212;&#8212;&#8212;&#8212;&#8212;&#8212;&#8212;&#8212;&#8212;&#8212;&#8212;&#8212;&#8212;&#8212;&#8212;&#8212;&#8212;&#8212;&#8212;-<\/p>\n<p>[\/vc_column_text][\/vc_column][\/vc_row][vc_row][vc_column width=\u00bb1\/4&#8243;][vc_column_text css=\u00bb.vc_custom_1474931211929{background-color: #ffffff !important;}\u00bb]<\/p>\n<p style=\"text-align: center;\"><strong><span style=\"color: #000000;\">Oftalmolog\u00eda<\/span><\/strong><\/p>\n<p>[\/vc_column_text][\/vc_column][vc_column width=\u00bb1\/4&#8243;][vc_column_text css=\u00bb.vc_custom_1474931244654{background-color: #ffffff !important;}\u00bb]<\/p>\n<p style=\"text-align: center;\"><span style=\"color: #000000;\">Per\u00f3n 4230<\/span><\/p>\n<p>[\/vc_column_text][\/vc_column][vc_column width=\u00bb1\/4&#8243;][vc_column_text css=\u00bb.vc_custom_1474931278965{background-color: #ffffff !important;}\u00bb]<\/p>\n<p style=\"text-align: center;\"><span style=\"color: #000000;\">Lunes a Viernes<\/span><\/p>\n<p>[\/vc_column_text][\/vc_column][vc_column width=\u00bb1\/4&#8243;][vc_column_text css=\u00bb.vc_custom_1474931318133{background-color: #ffffff !important;}\u00bb]<\/p>\n<p style=\"text-align: center;\"><span style=\"color: #000000;\">08.30 a 19.30 hs.<\/span><\/p>\n<p>[\/vc_column_text][\/vc_column][\/vc_row]<\/p>\n<\/div>","protected":false},"excerpt":{"rendered":"<p>[vc_row][vc_column width=\u00bb1\/1&#8243;][vc_column_text] [\/vc_column_text][\/vc_column][\/vc_row][vc_row][vc_column width=\u00bb1\/1&#8243;][vc_column_text]La Caja forense de la Primera Circunscrip. de Santa Fe, tiene convenio con el Hospital Italiano de Buenos Aires, tanto para la atenci\u00f3n Ambulatoria como para Internaciones. Para acceder a los servicios, deber\u00e1 dirigirse a la Secci\u00f3n \u201cPacientes del Interior\u201d en el nivel CERO de dicho hospital, donde deber\u00e1 presentar la siguiente&hellip;<\/p>\n","protected":false},"author":1,"featured_media":0,"parent":0,"menu_order":0,"comment_status":"closed","ping_status":"closed","template":"","meta":{"footnotes":""},"class_list":["post-1109","page","type-page","status-publish","hentry","description-off"],"_links":{"self":[{"href":"https:\/\/www.cajaforensesantafe.org.ar\/index.php?rest_route=\/wp\/v2\/pages\/1109","targetHints":{"allow":["GET"]}}],"collection":[{"href":"https:\/\/www.cajaforensesantafe.org.ar\/index.php?rest_route=\/wp\/v2\/pages"}],"about":[{"href":"https:\/\/www.cajaforensesantafe.org.ar\/index.php?rest_route=\/wp\/v2\/types\/page"}],"author":[{"embeddable":true,"href":"https:\/\/www.cajaforensesantafe.org.ar\/index.php?rest_route=\/wp\/v2\/users\/1"}],"replies":[{"embeddable":true,"href":"https:\/\/www.cajaforensesantafe.org.ar\/index.php?rest_route=%2Fwp%2Fv2%2Fcomments&post=1109"}],"version-history":[{"count":35,"href":"https:\/\/www.cajaforensesantafe.org.ar\/index.php?rest_route=\/wp\/v2\/pages\/1109\/revisions"}],"predecessor-version":[{"id":2253,"href":"https:\/\/www.cajaforensesantafe.org.ar\/index.php?rest_route=\/wp\/v2\/pages\/1109\/revisions\/2253"}],"wp:attachment":[{"href":"https:\/\/www.cajaforensesantafe.org.ar\/index.php?rest_route=%2Fwp%2Fv2%2Fmedia&parent=1109"}],"curies":[{"name":"wp","href":"https:\/\/api.w.org\/{rel}","templated":true}]}}