{"id":1184,"date":"2016-11-01T00:02:54","date_gmt":"2016-11-01T00:02:54","guid":{"rendered":"https:\/\/www.cajaforensesantafe.org.ar\/?page_id=1184"},"modified":"2016-11-01T00:05:22","modified_gmt":"2016-11-01T00:05:22","slug":"sanatorio-adventista-del-plata","status":"publish","type":"page","link":"https:\/\/www.cajaforensesantafe.org.ar\/?page_id=1184","title":{"rendered":"Sanatorio Adventista del Plata ( Entre Rios)"},"content":{"rendered":"<div class=\"wpb-content-wrapper\"><p>[vc_row][vc_column width=\u00bb1\/1&#8243;][vc_column_text]<\/p>\n<p><a class=\"dt-single-image\" href=\"https:\/\/www.cajaforensesantafe.org.ar\/wp-content\/uploads\/2016\/10\/adventista.jpg\" data-dt-img-description=\"\"><img loading=\"lazy\" decoding=\"async\" class=\"alignnone size-full wp-image-1185\" src=\"https:\/\/www.cajaforensesantafe.org.ar\/wp-content\/uploads\/2016\/10\/adventista.jpg\" alt=\"adventista\" width=\"2279\" height=\"420\" \/><\/a><\/p>\n<p>[\/vc_column_text][\/vc_column][\/vc_row][vc_row][vc_column width=\u00bb1\/1&#8243;][vc_column_text]<\/p>\n<p><span style=\"color: #000000;\">Caja Forense tiene convenio directo con esta Instituci\u00f3n<\/span><\/p>\n<p>[\/vc_column_text][\/vc_column][\/vc_row][vc_row][vc_column width=\u00bb1\/1&#8243;][vc_empty_space height=\u00bb32px\u00bb][\/vc_column][\/vc_row][vc_row][vc_column width=\u00bb1\/1&#8243;][vc_column_text css=\u00bb.vc_custom_1477956628811{background-color: #004b74 !important;}\u00bb]<\/p>\n<p><strong><span style=\"color: #ffffff;\">Normas de Atenci\u00f3n<\/span><\/strong><\/p>\n<p>[\/vc_column_text][\/vc_column][\/vc_row][vc_row][vc_column width=\u00bb1\/1&#8243;][vc_empty_space height=\u00bb15px\u00bb][\/vc_column][\/vc_row][vc_row][vc_column width=\u00bb1\/1&#8243;][vc_column_text css=\u00bb.vc_custom_1477956691922{background-color: #1e73be !important;}\u00bb]<\/p>\n<p><span style=\"color: #ffffff;\">Consulta:<\/span><\/p>\n<p>[\/vc_column_text][\/vc_column][\/vc_row][vc_row][vc_column width=\u00bb1\/1&#8243;][vc_empty_space height=\u00bb15px\u00bb][\/vc_column][\/vc_row][vc_row][vc_column width=\u00bb1\/1&#8243;][vc_column_text]<span style=\"color: #000000;\">&#8211; Presentar la Tarjeta Magn\u00e9tica,<\/span><br \/>\n<span style=\"color: #000000;\"> &#8211; una orden de visita m\u00e9dica (la misma que genera e imprime on line para atenci\u00f3n en Santa Fe)<\/span><br \/>\n<span style=\"color: #000000;\"> &#8211; y su D.N.I..<\/span>[\/vc_column_text][\/vc_column][\/vc_row][vc_row][vc_column width=\u00bb1\/1&#8243;][vc_empty_space height=\u00bb15px\u00bb][\/vc_column][\/vc_row][vc_row][vc_column width=\u00bb1\/1&#8243;][vc_column_text css=\u00bb.vc_custom_1477956806835{background-color: #04684d !important;}\u00bb]<\/p>\n<p><span style=\"color: #ffffff;\">PR\u00c1CTICAS Y ESPECIALIDADES EXCLUIDAS (No contempladas en el Convenio)<\/span><\/p>\n<p>[\/vc_column_text][\/vc_column][\/vc_row][vc_row][vc_column width=\u00bb1\/1&#8243;][vc_empty_space height=\u00bb15px\u00bb][\/vc_column][\/vc_row][vc_row][vc_column width=\u00bb1\/1&#8243;][vc_column_text]<span style=\"color: #000000;\">\u00b7 Alergia (vacunas)<\/span><br \/>\n<span style=\"color: #000000;\"> \u00b7 Bienestar Mental (consultas, internaci\u00f3n y tratamientos)<\/span><br \/>\n<span style=\"color: #000000;\"> \u00b7 Centro Adventista de vida Sanatorio<\/span><br \/>\n<span style=\"color: #000000;\"> \u00b7 Dermatolog\u00eda (consultas, crioterapia y cirug\u00edas)<\/span><br \/>\n<span style=\"color: #000000;\"> \u00b7 Frebolog\u00eda: (infiltraci\u00f3n de varices)<\/span><br \/>\n<span style=\"color: #000000;\"> \u00b7 Fonoudiologia (audiometr\u00eda y logoaudiometria, impedanciometria)<\/span><br \/>\n<span style=\"color: #000000;\"> \u00b7 Laboratorio codigos no nomenclados<\/span><br \/>\n<span style=\"color: #000000;\"> \u00b7 Odontologia<\/span><br \/>\n<span style=\"color: #000000;\"> \u00b7 Oftalmolog\u00eda (consultas, pr\u00e1cticas y cirug\u00edas)<\/span><br \/>\n<span style=\"color: #000000;\"> \u00b7 M\u00e9dicos que no pertenecen al staff del sanatorio y atienden en forma particular.<\/span>[\/vc_column_text][\/vc_column][\/vc_row]<\/p>\n<\/div>","protected":false},"excerpt":{"rendered":"<p>[vc_row][vc_column width=\u00bb1\/1&#8243;][vc_column_text] [\/vc_column_text][\/vc_column][\/vc_row][vc_row][vc_column width=\u00bb1\/1&#8243;][vc_column_text] Caja Forense tiene convenio directo con esta Instituci\u00f3n [\/vc_column_text][\/vc_column][\/vc_row][vc_row][vc_column width=\u00bb1\/1&#8243;][vc_empty_space height=\u00bb32px\u00bb][\/vc_column][\/vc_row][vc_row][vc_column width=\u00bb1\/1&#8243;][vc_column_text css=\u00bb.vc_custom_1477956628811{background-color: #004b74 !important;}\u00bb] Normas de Atenci\u00f3n [\/vc_column_text][\/vc_column][\/vc_row][vc_row][vc_column width=\u00bb1\/1&#8243;][vc_empty_space height=\u00bb15px\u00bb][\/vc_column][\/vc_row][vc_row][vc_column width=\u00bb1\/1&#8243;][vc_column_text css=\u00bb.vc_custom_1477956691922{background-color: #1e73be !important;}\u00bb] Consulta: [\/vc_column_text][\/vc_column][\/vc_row][vc_row][vc_column width=\u00bb1\/1&#8243;][vc_empty_space height=\u00bb15px\u00bb][\/vc_column][\/vc_row][vc_row][vc_column width=\u00bb1\/1&#8243;][vc_column_text]&#8211; Presentar la Tarjeta Magn\u00e9tica, &#8211; una orden de visita m\u00e9dica (la misma que genera e imprime on line para atenci\u00f3n en&hellip;<\/p>\n","protected":false},"author":1,"featured_media":0,"parent":0,"menu_order":0,"comment_status":"closed","ping_status":"closed","template":"","meta":{"footnotes":""},"class_list":["post-1184","page","type-page","status-publish","hentry","description-off"],"_links":{"self":[{"href":"https:\/\/www.cajaforensesantafe.org.ar\/index.php?rest_route=\/wp\/v2\/pages\/1184","targetHints":{"allow":["GET"]}}],"collection":[{"href":"https:\/\/www.cajaforensesantafe.org.ar\/index.php?rest_route=\/wp\/v2\/pages"}],"about":[{"href":"https:\/\/www.cajaforensesantafe.org.ar\/index.php?rest_route=\/wp\/v2\/types\/page"}],"author":[{"embeddable":true,"href":"https:\/\/www.cajaforensesantafe.org.ar\/index.php?rest_route=\/wp\/v2\/users\/1"}],"replies":[{"embeddable":true,"href":"https:\/\/www.cajaforensesantafe.org.ar\/index.php?rest_route=%2Fwp%2Fv2%2Fcomments&post=1184"}],"version-history":[{"count":2,"href":"https:\/\/www.cajaforensesantafe.org.ar\/index.php?rest_route=\/wp\/v2\/pages\/1184\/revisions"}],"predecessor-version":[{"id":1188,"href":"https:\/\/www.cajaforensesantafe.org.ar\/index.php?rest_route=\/wp\/v2\/pages\/1184\/revisions\/1188"}],"wp:attachment":[{"href":"https:\/\/www.cajaforensesantafe.org.ar\/index.php?rest_route=%2Fwp%2Fv2%2Fmedia&parent=1184"}],"curies":[{"name":"wp","href":"https:\/\/api.w.org\/{rel}","templated":true}]}}