{"id":122,"date":"2015-05-11T00:09:56","date_gmt":"2015-05-11T00:09:56","guid":{"rendered":"https:\/\/www.cajaforensesantafe.org.ar\/?page_id=122"},"modified":"2025-09-30T00:06:28","modified_gmt":"2025-09-30T00:06:28","slug":"san-cristobal","status":"publish","type":"page","link":"https:\/\/www.cajaforensesantafe.org.ar\/?page_id=122","title":{"rendered":"San Cristobal"},"content":{"rendered":"<div class=\"wpb-content-wrapper\"><p>[vc_row][vc_column][vc_column_text css=\u00bb\u00bb]<strong><span class=\"ff2 fc0 fs12 fb fu \" style=\"color: #0000ff;\">Fiscalizador<\/span><span class=\"ff2 fc0 fs12 \">: Dr. Hern\u00e1n Pautasso.<br \/>\n<\/span><span style=\"color: #0000ff;\"><span class=\"ff2 fc0 fs10 fb fu \">Direcci\u00f3n<\/span><span class=\"ff2 fc0 fs10 fb \">:<\/span><\/span><span class=\"ff2 fc0 fs10 \"> J.M. Pueyrred\u00f3n 1008 (esq. Las Heras)<br \/>\n<\/span><span class=\"ff2 fc0 fs10 fb fu \" style=\"color: #0000ff;\">Tel\u00e9fono:<\/span><span class=\"ff2 fc0 fs10 \"> (03408) 491564<br \/>\n<\/span><span class=\"ff2 fc0 fs10 fb fu \" style=\"color: #0000ff;\">Mail:<\/span><span class=\"ff2 fc0 fs10 \"> sancristobal@cajaforensesantafe.org.ar<\/span> <\/strong>[\/vc_column_text][\/vc_column][\/vc_row][vc_row][vc_column][vc_gmaps link=\u00bb#E-8_JTNDaWZyYW1lJTIwc3JjJTNEJTIyaHR0cHMlM0ElMkYlMkZ3d3cuZ29vZ2xlLmNvbSUyRm1hcHMlMkZlbWJlZCUzRnBiJTNEJTIxMW0xOCUyMTFtMTIlMjExbTMlMjExZDM0NDQuMzY2OTM1NzI0NzAyJTIxMmQtNjEuMjM0OTg2MDI0OTk0NiUyMTNkLTMwLjMxMjA3OTA0MzczODEyMyUyMTJtMyUyMTFmMCUyMTJmMCUyMTNmMCUyMTNtMiUyMTFpMTAyNCUyMTJpNzY4JTIxNGYxMy4xJTIxM20zJTIxMW0yJTIxMXMweDk0NGE3YmZkZTVjNGNhNDElMjUzQTB4MjNjZGQ3NzI2YzhmYzE3NiUyMTJzUHVleXJyZWQlMjVDMyUyNUIzbiUyNTIwMTAwOCUyNTJDJTI1MjBTMzA3MCUyNTIwU2FuJTI1MjBDcmlzdG9iYWwlMjUyQyUyNTIwU2FudGElMjUyMEZlJTIxNWUwJTIxM20yJTIxMXNlcyUyMTJzYXIlMjE0djE3MzA3Mjg0MjQwNTAlMjE1bTIlMjExc2VzJTIxMnNhciUyMiUyMHdpZHRoJTNEJTIyNjAwJTIyJTIwaGVpZ2h0JTNEJTIyNDUwJTIyJTIwc3R5bGUlM0QlMjJib3JkZXIlM0EwJTNCJTIyJTIwYWxsb3dmdWxsc2NyZWVuJTNEJTIyJTIyJTIwbG9hZGluZyUzRCUyMmxhenklMjIlMjByZWZlcnJlcnBvbGljeSUzRCUyMm5vLXJlZmVycmVyLXdoZW4tZG93bmdyYWRlJTIyJTNFJTNDJTJGaWZyYW1lJTNF\u00bb css=\u00bb\u00bb title=\u00bbSan Cristobal\u00bb][\/vc_column][\/vc_row]<\/p>\n<\/div>","protected":false},"excerpt":{"rendered":"<p>[vc_row][vc_column][vc_column_text css=\u00bb\u00bb]Fiscalizador: Dr. Hern\u00e1n Pautasso. Direcci\u00f3n: J.M. Pueyrred\u00f3n 1008 (esq. Las Heras) Tel\u00e9fono: (03408) 491564 Mail: sancristobal@cajaforensesantafe.org.ar [\/vc_column_text][\/vc_column][\/vc_row][vc_row][vc_column][vc_gmaps link=\u00bb#E-8_JTNDaWZyYW1lJTIwc3JjJTNEJTIyaHR0cHMlM0ElMkYlMkZ3d3cuZ29vZ2xlLmNvbSUyRm1hcHMlMkZlbWJlZCUzRnBiJTNEJTIxMW0xOCUyMTFtMTIlMjExbTMlMjExZDM0NDQuMzY2OTM1NzI0NzAyJTIxMmQtNjEuMjM0OTg2MDI0OTk0NiUyMTNkLTMwLjMxMjA3OTA0MzczODEyMyUyMTJtMyUyMTFmMCUyMTJmMCUyMTNmMCUyMTNtMiUyMTFpMTAyNCUyMTJpNzY4JTIxNGYxMy4xJTIxM20zJTIxMW0yJTIxMXMweDk0NGE3YmZkZTVjNGNhNDElMjUzQTB4MjNjZGQ3NzI2YzhmYzE3NiUyMTJzUHVleXJyZWQlMjVDMyUyNUIzbiUyNTIwMTAwOCUyNTJDJTI1MjBTMzA3MCUyNTIwU2FuJTI1MjBDcmlzdG9iYWwlMjUyQyUyNTIwU2FudGElMjUyMEZlJTIxNWUwJTIxM20yJTIxMXNlcyUyMTJzYXIlMjE0djE3MzA3Mjg0MjQwNTAlMjE1bTIlMjExc2VzJTIxMnNhciUyMiUyMHdpZHRoJTNEJTIyNjAwJTIyJTIwaGVpZ2h0JTNEJTIyNDUwJTIyJTIwc3R5bGUlM0QlMjJib3JkZXIlM0EwJTNCJTIyJTIwYWxsb3dmdWxsc2NyZWVuJTNEJTIyJTIyJTIwbG9hZGluZyUzRCUyMmxhenklMjIlMjByZWZlcnJlcnBvbGljeSUzRCUyMm5vLXJlZmVycmVyLXdoZW4tZG93bmdyYWRlJTIyJTNFJTNDJTJGaWZyYW1lJTNF\u00bb css=\u00bb\u00bb title=\u00bbSan Cristobal\u00bb][\/vc_column][\/vc_row]<\/p>\n","protected":false},"author":1,"featured_media":0,"parent":97,"menu_order":0,"comment_status":"closed","ping_status":"closed","template":"","meta":{"footnotes":""},"class_list":["post-122","page","type-page","status-publish","hentry","description-off"],"_links":{"self":[{"href":"https:\/\/www.cajaforensesantafe.org.ar\/index.php?rest_route=\/wp\/v2\/pages\/122","targetHints":{"allow":["GET"]}}],"collection":[{"href":"https:\/\/www.cajaforensesantafe.org.ar\/index.php?rest_route=\/wp\/v2\/pages"}],"about":[{"href":"https:\/\/www.cajaforensesantafe.org.ar\/index.php?rest_route=\/wp\/v2\/types\/page"}],"author":[{"embeddable":true,"href":"https:\/\/www.cajaforensesantafe.org.ar\/index.php?rest_route=\/wp\/v2\/users\/1"}],"replies":[{"embeddable":true,"href":"https:\/\/www.cajaforensesantafe.org.ar\/index.php?rest_route=%2Fwp%2Fv2%2Fcomments&post=122"}],"version-history":[{"count":8,"href":"https:\/\/www.cajaforensesantafe.org.ar\/index.php?rest_route=\/wp\/v2\/pages\/122\/revisions"}],"predecessor-version":[{"id":3774,"href":"https:\/\/www.cajaforensesantafe.org.ar\/index.php?rest_route=\/wp\/v2\/pages\/122\/revisions\/3774"}],"up":[{"embeddable":true,"href":"https:\/\/www.cajaforensesantafe.org.ar\/index.php?rest_route=\/wp\/v2\/pages\/97"}],"wp:attachment":[{"href":"https:\/\/www.cajaforensesantafe.org.ar\/index.php?rest_route=%2Fwp%2Fv2%2Fmedia&parent=122"}],"curies":[{"name":"wp","href":"https:\/\/api.w.org\/{rel}","templated":true}]}}