{"id":169,"date":"2015-05-11T15:58:20","date_gmt":"2015-05-11T15:58:20","guid":{"rendered":"https:\/\/www.cajaforensesantafe.org.ar\/?page_id=169"},"modified":"2026-02-27T14:21:53","modified_gmt":"2026-02-27T14:21:53","slug":"informacion","status":"publish","type":"page","link":"https:\/\/www.cajaforensesantafe.org.ar\/?page_id=169","title":{"rendered":"INFORMACI\u00d3N"},"content":{"rendered":"<div class=\"wpb-content-wrapper\"><p>[vc_row][vc_column][vc_single_image image=\u00bb1798&#8243; img_size=\u00bblarge\u00bb][\/vc_column][\/vc_row][vc_row][vc_column][vc_column_text css=\u00bb.vc_custom_1559844546503{background-color: #1d81e5 !important;}\u00bb]<\/p>\n<h4 id=\"imPage\"><span style=\"color: #ffffff;\"><strong>\u00a0CARTILLA DE SERVICIOS DEL AREA SALUD<\/strong><\/span><\/h4>\n<p>[\/vc_column_text][\/vc_column][\/vc_row][vc_row][vc_column][vc_empty_space][\/vc_column][\/vc_row][vc_row][vc_column][vc_column_text]<\/p>\n<p class=\"imAlign_center\"><span class=\"ff2 fc0 fs10 \" style=\"color: #000000;\">Para acceder a cualquiera de los servicios que aqu\u00ed se detallan, el afiliado destinatario de los mismos deber\u00e1 tener cumplimentados los requisitos m\u00ednimos de aportes y cuotas.<\/span><\/p>\n<p>[\/vc_column_text][\/vc_column][\/vc_row][vc_row][vc_column][vc_empty_space][\/vc_column][\/vc_row][vc_row][vc_column width=\u00bb1\/2&#8243;][vc_column_text css=\u00bb.vc_custom_1761135984685{background-color: #1e73be !important;}\u00bb]<\/p>\n<h4 style=\"text-align: center;\"><a href=\"https:\/\/www.cajaforensesantafe.org.ar\/wp-content\/uploads\/2025\/10\/cartilla-de-servicios-_20_25_.pdf\"><strong> <span style=\"color: #ffffff;\"> CARTILLA <\/span><\/strong><\/a><br \/>\n<a href=\"https:\/\/www.cajaforensesantafe.org.ar\/wp-content\/uploads\/2025\/10\/cartilla-de-servicios-_20_25_.pdf\"> <strong> <span style=\"color: #ffffff;\"> DE SERVICIOS<\/span><\/strong><\/a><\/h4>\n<p>[\/vc_column_text][\/vc_column][vc_column width=\u00bb1\/2&#8243;][vc_column_text css=\u00bb.vc_custom_1772201365231{background-color: #1e73be !important;}\u00bb]<\/p>\n<h4 style=\"text-align: center;\"><a href=\"https:\/\/www.cajaforensesantafe.org.ar\/wp-content\/uploads\/2026\/02\/2026-Plantilla-de-valores-prestacionales-al-01-de-Marzo-2026.pdf\"><strong> <span style=\"color: #ffffff;\"> VA<\/span><\/strong><strong><span style=\"color: #ffffff;\">L<\/span><\/strong><strong><span style=\"color: #ffffff;\">ORES <\/span><\/strong><\/a><br \/>\n<a href=\"https:\/\/www.cajaforensesantafe.org.ar\/wp-content\/uploads\/2026\/02\/2026-Plantilla-de-valores-prestacionales-al-01-de-Marzo-2026.pdf\"> <strong><span style=\"color: #ffffff;\"> DE PR\u00c1CTIC<\/span><\/strong><strong><span style=\"color: #ffffff;\">AS<\/span><\/strong><\/a><\/h4>\n<p>[\/vc_column_text][\/vc_column][\/vc_row][vc_row][vc_column][vc_empty_space][\/vc_column][\/vc_row][vc_row][vc_column width=\u00bb1\/2&#8243;][vc_single_image image=\u00bb687&#8243; img_size=\u00bblarge\u00bb][\/vc_column][vc_column width=\u00bb1\/2&#8243;][vc_column_text css=\u00bb.vc_custom_1755000274747{background-color: #2399dd !important;}\u00bb]<\/p>\n<h6 style=\"text-align: center;\"><\/h6>\n<h4 style=\"text-align: center;\"><strong><span style=\"color: #ffffff;\"><span class=\"ff2 fc3 fs10 fb \">CONTACTO (\u00c1REA SALUD)<\/span><span class=\"ff2 fc0 fs10 \"><br \/>\n<\/span>Tel Interno\u00a0<span class=\"ff2 fc0 fs10 \"><span style=\"color: #ffffff;\">:<\/span>293<br \/>\n<\/span><span class=\"ff2 fc0 fs10 fu \">Mail<\/span><span class=\"ff2 fc0 fs10 \">: areasalud<\/span><span class=\"ff3 fc0 fs9 \">@<\/span><span class=\"ff2 fc0 fs9 \">cajaforensesantafe.org.ar<\/span><\/span><\/strong><\/h4>\n<p><span style=\"color: #3366ff;\">.<\/span>[\/vc_column_text][\/vc_column][\/vc_row]<\/p>\n<\/div>","protected":false},"excerpt":{"rendered":"<p>[vc_row][vc_column][vc_single_image image=\u00bb1798&#8243; img_size=\u00bblarge\u00bb][\/vc_column][\/vc_row][vc_row][vc_column][vc_column_text css=\u00bb.vc_custom_1559844546503{background-color: #1d81e5 !important;}\u00bb] \u00a0CARTILLA DE SERVICIOS DEL AREA SALUD [\/vc_column_text][\/vc_column][\/vc_row][vc_row][vc_column][vc_empty_space][\/vc_column][\/vc_row][vc_row][vc_column][vc_column_text] Para acceder a cualquiera de los servicios que aqu\u00ed se detallan, el afiliado destinatario de los mismos deber\u00e1 tener cumplimentados los requisitos m\u00ednimos de aportes y cuotas. [\/vc_column_text][\/vc_column][\/vc_row][vc_row][vc_column][vc_empty_space][\/vc_column][\/vc_row][vc_row][vc_column width=\u00bb1\/2&#8243;][vc_column_text css=\u00bb.vc_custom_1761135984685{background-color: #1e73be !important;}\u00bb] CARTILLA DE SERVICIOS [\/vc_column_text][\/vc_column][vc_column width=\u00bb1\/2&#8243;][vc_column_text css=\u00bb.vc_custom_1772201365231{background-color: #1e73be !important;}\u00bb] VALORES DE&hellip;<\/p>\n","protected":false},"author":1,"featured_media":0,"parent":0,"menu_order":0,"comment_status":"closed","ping_status":"closed","template":"","meta":{"footnotes":""},"class_list":["post-169","page","type-page","status-publish","hentry","description-off"],"_links":{"self":[{"href":"https:\/\/www.cajaforensesantafe.org.ar\/index.php?rest_route=\/wp\/v2\/pages\/169","targetHints":{"allow":["GET"]}}],"collection":[{"href":"https:\/\/www.cajaforensesantafe.org.ar\/index.php?rest_route=\/wp\/v2\/pages"}],"about":[{"href":"https:\/\/www.cajaforensesantafe.org.ar\/index.php?rest_route=\/wp\/v2\/types\/page"}],"author":[{"embeddable":true,"href":"https:\/\/www.cajaforensesantafe.org.ar\/index.php?rest_route=\/wp\/v2\/users\/1"}],"replies":[{"embeddable":true,"href":"https:\/\/www.cajaforensesantafe.org.ar\/index.php?rest_route=%2Fwp%2Fv2%2Fcomments&post=169"}],"version-history":[{"count":112,"href":"https:\/\/www.cajaforensesantafe.org.ar\/index.php?rest_route=\/wp\/v2\/pages\/169\/revisions"}],"predecessor-version":[{"id":3909,"href":"https:\/\/www.cajaforensesantafe.org.ar\/index.php?rest_route=\/wp\/v2\/pages\/169\/revisions\/3909"}],"wp:attachment":[{"href":"https:\/\/www.cajaforensesantafe.org.ar\/index.php?rest_route=%2Fwp%2Fv2%2Fmedia&parent=169"}],"curies":[{"name":"wp","href":"https:\/\/api.w.org\/{rel}","templated":true}]}}