{"id":175,"date":"2015-05-11T15:59:16","date_gmt":"2015-05-11T15:59:16","guid":{"rendered":"https:\/\/www.cajaforensesantafe.org.ar\/?page_id=175"},"modified":"2024-11-04T15:07:18","modified_gmt":"2024-11-04T15:07:18","slug":"alta-complejidad","status":"publish","type":"page","link":"https:\/\/www.cajaforensesantafe.org.ar\/?page_id=175","title":{"rendered":"ALTA COMPLEJIDAD"},"content":{"rendered":"<div class=\"wpb-content-wrapper\"><p>[vc_row][vc_column][vc_column_text]<\/p>\n<div id=\"imCel0_01\">\n<div id=\"imCel0_01_Cont\">\n<div id=\"imObj0_01\">\n<p><span style=\"color: #000000;\"><strong>Plan cobertura Especial para pr\u00e1cticas de alta complejidad o alto costo<\/strong><\/span><\/p>\n<p><span style=\"color: #000000;\">Tendr\u00e1n derecho a acceder a este plan los afiliados beneficiarios que posean una antig\u00fcedad y\/o habilitaci\u00f3n m\u00ednima de 365 d\u00edas<strong>, con la presentaci\u00f3n de una nota dirigida a Directorio, donde se solicita acceder a dicho plan<\/strong>. Quienes accedan a este plan tendr\u00e1n derecho a la cobertura de hasta el cincuenta por ciento (50%) del coseguro que genere la autorizaci\u00f3n de las referidas pr\u00e1cticas y hasta un tope m\u00e1ximo consistente en el valor que para dichas pr\u00e1cticas tiene convenido la Caja Forense con los prestadores de Santa Fe.<\/span><\/p>\n<p><span style=\"color: #000000;\">Las pr\u00e1cticas comprendidas en el presente ser\u00e1n las que resulten indispensables para el tratamiento de las siguientes patolog\u00edas:<\/span><\/p>\n<ul>\n<li><span style=\"color: #000000;\">HEMODI\u00c1LISIS. ESTUDIOS COMPLEMENTARIOS.<\/span><\/li>\n<li><span style=\"color: #000000;\">TRASPLANTES.<\/span><\/li>\n<li><span style=\"color: #000000;\">TRATAMIENTO QUIR\u00daRGICO Y M\u00c9DICO POR OBESIDAD M\u00d3RBIDA.<\/span><\/li>\n<\/ul>\n<\/div>\n<\/div>\n<\/div>\n<div id=\"imCel0_00\"><span style=\"color: #000000;\">\u00a0<\/span><\/div>\n<p>[\/vc_column_text][\/vc_column][\/vc_row]<\/p>\n<\/div>","protected":false},"excerpt":{"rendered":"<p>[vc_row][vc_column][vc_column_text] Plan cobertura Especial para pr\u00e1cticas de alta complejidad o alto costo Tendr\u00e1n derecho a acceder a este plan los afiliados beneficiarios que posean una antig\u00fcedad y\/o habilitaci\u00f3n m\u00ednima de 365 d\u00edas, con la presentaci\u00f3n de una nota dirigida a Directorio, donde se solicita acceder a dicho plan. Quienes accedan a este plan tendr\u00e1n derecho&hellip;<\/p>\n","protected":false},"author":1,"featured_media":0,"parent":0,"menu_order":0,"comment_status":"closed","ping_status":"closed","template":"","meta":{"footnotes":""},"class_list":["post-175","page","type-page","status-publish","hentry","description-off"],"_links":{"self":[{"href":"https:\/\/www.cajaforensesantafe.org.ar\/index.php?rest_route=\/wp\/v2\/pages\/175","targetHints":{"allow":["GET"]}}],"collection":[{"href":"https:\/\/www.cajaforensesantafe.org.ar\/index.php?rest_route=\/wp\/v2\/pages"}],"about":[{"href":"https:\/\/www.cajaforensesantafe.org.ar\/index.php?rest_route=\/wp\/v2\/types\/page"}],"author":[{"embeddable":true,"href":"https:\/\/www.cajaforensesantafe.org.ar\/index.php?rest_route=\/wp\/v2\/users\/1"}],"replies":[{"embeddable":true,"href":"https:\/\/www.cajaforensesantafe.org.ar\/index.php?rest_route=%2Fwp%2Fv2%2Fcomments&post=175"}],"version-history":[{"count":10,"href":"https:\/\/www.cajaforensesantafe.org.ar\/index.php?rest_route=\/wp\/v2\/pages\/175\/revisions"}],"predecessor-version":[{"id":2923,"href":"https:\/\/www.cajaforensesantafe.org.ar\/index.php?rest_route=\/wp\/v2\/pages\/175\/revisions\/2923"}],"wp:attachment":[{"href":"https:\/\/www.cajaforensesantafe.org.ar\/index.php?rest_route=%2Fwp%2Fv2%2Fmedia&parent=175"}],"curies":[{"name":"wp","href":"https:\/\/api.w.org\/{rel}","templated":true}]}}