{"id":2279,"date":"2020-02-25T22:07:31","date_gmt":"2020-02-25T22:07:31","guid":{"rendered":"https:\/\/www.cajaforensesantafe.org.ar\/?page_id=2279"},"modified":"2024-11-04T16:06:08","modified_gmt":"2024-11-04T16:06:08","slug":"sanatorio-san-camilo-reconquista","status":"publish","type":"page","link":"https:\/\/www.cajaforensesantafe.org.ar\/?page_id=2279","title":{"rendered":"Sanatorio San Camilo (Reconquista)"},"content":{"rendered":"<div class=\"wpb-content-wrapper\"><p>[vc_row][vc_column][vc_column_text css=\u00bb\u00bb]<\/p>\n<p style=\"text-align: center;\"><a class=\"dt-single-image\" href=\"https:\/\/www.cajaforensesantafe.org.ar\/wp-content\/uploads\/2020\/02\/sancamilo.jpg\" data-dt-img-description=\"\"><img loading=\"lazy\" decoding=\"async\" class=\"alignnone wp-image-2280 size-large\" src=\"https:\/\/www.cajaforensesantafe.org.ar\/wp-content\/uploads\/2020\/02\/sancamilo-1024x190.jpg\" alt=\"sancamilo\" width=\"1024\" height=\"190\" srcset=\"https:\/\/www.cajaforensesantafe.org.ar\/wp-content\/uploads\/2020\/02\/sancamilo-1024x190.jpg 1024w, https:\/\/www.cajaforensesantafe.org.ar\/wp-content\/uploads\/2020\/02\/sancamilo-300x56.jpg 300w\" sizes=\"auto, (max-width: 1024px) 100vw, 1024px\" \/><\/a><\/p>\n<p>[\/vc_column_text][\/vc_column][\/vc_row][vc_row][vc_column][vc_empty_space][\/vc_column][\/vc_row][vc_row][vc_column][vc_column_text]<span style=\"color: #000000;\"><b>La Caja Forense ha incorporado el SANATORIO SAN CAMILO como nuevo prestador de su cartilla m\u00e9dica.<\/b><\/span><\/p>\n<p><span style=\"color: #000000;\"><b>\u00a0Los servicios con los que podr\u00e1 contar en el mencionado Sanatorio son:<\/b><\/span><\/p>\n<blockquote>\n<blockquote>\n<blockquote>\n<ul>\n<li><b>Cl\u00ednica M\u00e9dica.<\/b><\/li>\n<li><b>Ecograf\u00edas.<\/b><\/li>\n<li><b>Radiolog\u00eda (equipo de rayos directo digital).<\/b><\/li>\n<li><b>Cirug\u00eda general.<\/b><\/li>\n<li><b>Traumatolog\u00eda.<\/b><\/li>\n<li><b>Guardia m\u00e9dica con emergent\u00f3logo.<\/b><\/li>\n<li><b>Terapia intensiva de alta complejidad con guardia m\u00e9dica activa las 24 hs.<\/b><\/li>\n<li><b>Im\u00e1genes.<\/b><\/li>\n<li><b>Laboratorio.<\/b><\/li>\n<li><b>Oftalmolog\u00eda.<\/b><\/li>\n<li><b>Endoscop\u00eda.<\/b><\/li>\n<li><b>Otorrinolaringolog\u00eda.<\/b><\/li>\n<li><b>Cardiolog\u00eda.<\/b><\/li>\n<li><b>Flebolog\u00eda.<\/b><\/li>\n<li><b>Pediatr\u00eda.<\/b><\/li>\n<li><b>Neumonolog\u00eda.<\/b><\/li>\n<\/ul>\n<\/blockquote>\n<\/blockquote>\n<\/blockquote>\n<p><span style=\"color: #000000;\"><b>\u00a0Continuamos trabajando para sumar m\u00e1s y mejores beneficios para nuestros afiliados.<\/b><\/span><\/p>\n<p><span style=\"color: #000000;\"><b>Caja Forense Santa Fe<\/b><\/span>[\/vc_column_text][\/vc_column][\/vc_row]<\/p>\n<\/div>","protected":false},"excerpt":{"rendered":"<p>[vc_row][vc_column][vc_column_text css=\u00bb\u00bb] [\/vc_column_text][\/vc_column][\/vc_row][vc_row][vc_column][vc_empty_space][\/vc_column][\/vc_row][vc_row][vc_column][vc_column_text]La Caja Forense ha incorporado el SANATORIO SAN CAMILO como nuevo prestador de su cartilla m\u00e9dica. \u00a0Los servicios con los que podr\u00e1 contar en el mencionado Sanatorio son: Cl\u00ednica M\u00e9dica. Ecograf\u00edas. Radiolog\u00eda (equipo de rayos directo digital). Cirug\u00eda general. Traumatolog\u00eda. Guardia m\u00e9dica con emergent\u00f3logo. Terapia intensiva de alta complejidad con guardia m\u00e9dica activa&hellip;<\/p>\n","protected":false},"author":1,"featured_media":0,"parent":0,"menu_order":0,"comment_status":"closed","ping_status":"closed","template":"","meta":{"footnotes":""},"class_list":["post-2279","page","type-page","status-publish","hentry","description-off"],"_links":{"self":[{"href":"https:\/\/www.cajaforensesantafe.org.ar\/index.php?rest_route=\/wp\/v2\/pages\/2279","targetHints":{"allow":["GET"]}}],"collection":[{"href":"https:\/\/www.cajaforensesantafe.org.ar\/index.php?rest_route=\/wp\/v2\/pages"}],"about":[{"href":"https:\/\/www.cajaforensesantafe.org.ar\/index.php?rest_route=\/wp\/v2\/types\/page"}],"author":[{"embeddable":true,"href":"https:\/\/www.cajaforensesantafe.org.ar\/index.php?rest_route=\/wp\/v2\/users\/1"}],"replies":[{"embeddable":true,"href":"https:\/\/www.cajaforensesantafe.org.ar\/index.php?rest_route=%2Fwp%2Fv2%2Fcomments&post=2279"}],"version-history":[{"count":5,"href":"https:\/\/www.cajaforensesantafe.org.ar\/index.php?rest_route=\/wp\/v2\/pages\/2279\/revisions"}],"predecessor-version":[{"id":3508,"href":"https:\/\/www.cajaforensesantafe.org.ar\/index.php?rest_route=\/wp\/v2\/pages\/2279\/revisions\/3508"}],"wp:attachment":[{"href":"https:\/\/www.cajaforensesantafe.org.ar\/index.php?rest_route=%2Fwp%2Fv2%2Fmedia&parent=2279"}],"curies":[{"name":"wp","href":"https:\/\/api.w.org\/{rel}","templated":true}]}}