{"id":2513,"date":"2020-12-18T01:01:26","date_gmt":"2020-12-18T01:01:26","guid":{"rendered":"https:\/\/www.cajaforensesantafe.org.ar\/?page_id=2513"},"modified":"2024-11-04T15:03:35","modified_gmt":"2024-11-04T15:03:35","slug":"plan-anticonceptivo","status":"publish","type":"page","link":"https:\/\/www.cajaforensesantafe.org.ar\/?page_id=2513","title":{"rendered":"PLAN ANTICONCEPTIVOS"},"content":{"rendered":"<div class=\"wpb-content-wrapper\"><p>[vc_row][vc_column width=\u00bb1\/1&#8243;][vc_column_text]<\/p>\n<p><a class=\"dt-single-image\" href=\"https:\/\/www.cajaforensesantafe.org.ar\/wp-content\/uploads\/2020\/12\/plananticonceptivo.jpg\" data-dt-img-description=\"\"><img loading=\"lazy\" decoding=\"async\" class=\"alignnone wp-image-2514 size-large\" src=\"https:\/\/www.cajaforensesantafe.org.ar\/wp-content\/uploads\/2020\/12\/plananticonceptivo-1024x272.jpg\" alt=\"plananticonceptivo\" width=\"1024\" height=\"272\" srcset=\"https:\/\/www.cajaforensesantafe.org.ar\/wp-content\/uploads\/2020\/12\/plananticonceptivo-1024x272.jpg 1024w, https:\/\/www.cajaforensesantafe.org.ar\/wp-content\/uploads\/2020\/12\/plananticonceptivo-300x80.jpg 300w\" sizes=\"auto, (max-width: 1024px) 100vw, 1024px\" \/><\/a><\/p>\n<p>[\/vc_column_text][\/vc_column][\/vc_row][vc_row][vc_column width=\u00bb1\/1&#8243;][vc_empty_space height=\u00bb32px\u00bb][\/vc_column][\/vc_row][vc_row][vc_column width=\u00bb1\/1&#8243;][vc_column_text]<\/p>\n<div class=\"x_moz-forward-container\">\n<p><b><span style=\"color: #0000ff;\">PLAN ANTICONCEPTIVOS<\/span><\/b><\/p>\n<p class=\"x_MsoNormal\" align=\"left\"><span style=\"color: #000000;\">Tendr\u00e1n derecho a acceder a este plan las afiliadas beneficiarias que posean una antig\u00fcedad y\/o habilitaci\u00f3n m\u00ednima de treinta (30) d\u00edas.<\/span><\/p>\n<p class=\"x_imalignleft\"><span style=\"color: #000000;\"><span class=\"x_ff2\">Para acceder a este Plan, su m\u00e9dico tratante deber\u00e1\u00a0<\/span><span lang=\"ES-TRAD\">cargar la Ficha Electr\u00f3nica en la plataforma de prescripci\u00f3n electr\u00f3nica que tiene disponible a tal fin, y adjuntar a la misma el resultado de los estudios actuales, correspondientes al diagn\u00f3stico. A efectos de prever la entrega a tiempo de sus medicamentos, tenga en cuenta que la autorizaci\u00f3n del tratamiento tiene una demora aproximada de 72 hs. h\u00e1biles desde la presentaci\u00f3n del tr\u00e1mite completo (ficha y estudios).<\/span><\/span><\/p>\n<p class=\"x_MsoNormal\" align=\"left\"><span style=\"color: #000000;\">Recuerde que la ficha deber\u00e1 ser actualizada cada un (1) a\u00f1o o ante cualquier cambio en la medicaci\u00f3n.<\/span><\/p>\n<\/div>\n<div class=\"x_moz-forward-container\"><b><span style=\"color: #0000ff;\">\u00a0<\/span><\/b><\/div>\n<div class=\"x_moz-forward-container\">\n<p><b><span style=\"color: #0000ff;\">BENEFICIOS<\/span><\/b><\/p>\n<p><span style=\"color: #000000;\">a) Cobertura del 50%,<\/span><br \/>\n<span style=\"color: #000000;\"> b) Sin tope sobre el costo del medicamento y por recetario<\/span><br \/>\n<span style=\"color: #000000;\"> c) El pago del Coseguro se abona en mostrador de farmacia. En caso de poseer S\/D, se descuenta directamente en la operaci\u00f3n en la farmacia.<\/span><\/p>\n<p>&nbsp;<\/p>\n<\/div>\n<div class=\"x_moz-forward-container\"><strong><a href=\"https:\/\/www.cajaforensesantafe.org.ar\/wp-content\/uploads\/2021\/09\/Plan-Anticonceptivos-Vigencia-desde-01-07-2021.pdf\">VADEM\u00c9CUM<\/a><\/strong><\/div>\n<p>[\/vc_column_text][\/vc_column][\/vc_row]<\/p>\n<\/div>","protected":false},"excerpt":{"rendered":"<p>[vc_row][vc_column width=\u00bb1\/1&#8243;][vc_column_text] [\/vc_column_text][\/vc_column][\/vc_row][vc_row][vc_column width=\u00bb1\/1&#8243;][vc_empty_space height=\u00bb32px\u00bb][\/vc_column][\/vc_row][vc_row][vc_column width=\u00bb1\/1&#8243;][vc_column_text] PLAN ANTICONCEPTIVOS Tendr\u00e1n derecho a acceder a este plan las afiliadas beneficiarias que posean una antig\u00fcedad y\/o habilitaci\u00f3n m\u00ednima de treinta (30) d\u00edas. Para acceder a este Plan, su m\u00e9dico tratante deber\u00e1\u00a0cargar la Ficha Electr\u00f3nica en la plataforma de prescripci\u00f3n electr\u00f3nica que tiene disponible a tal fin, y adjuntar&hellip;<\/p>\n","protected":false},"author":1,"featured_media":0,"parent":0,"menu_order":0,"comment_status":"closed","ping_status":"closed","template":"","meta":{"footnotes":""},"class_list":["post-2513","page","type-page","status-publish","hentry","description-off"],"_links":{"self":[{"href":"https:\/\/www.cajaforensesantafe.org.ar\/index.php?rest_route=\/wp\/v2\/pages\/2513","targetHints":{"allow":["GET"]}}],"collection":[{"href":"https:\/\/www.cajaforensesantafe.org.ar\/index.php?rest_route=\/wp\/v2\/pages"}],"about":[{"href":"https:\/\/www.cajaforensesantafe.org.ar\/index.php?rest_route=\/wp\/v2\/types\/page"}],"author":[{"embeddable":true,"href":"https:\/\/www.cajaforensesantafe.org.ar\/index.php?rest_route=\/wp\/v2\/users\/1"}],"replies":[{"embeddable":true,"href":"https:\/\/www.cajaforensesantafe.org.ar\/index.php?rest_route=%2Fwp%2Fv2%2Fcomments&post=2513"}],"version-history":[{"count":6,"href":"https:\/\/www.cajaforensesantafe.org.ar\/index.php?rest_route=\/wp\/v2\/pages\/2513\/revisions"}],"predecessor-version":[{"id":3045,"href":"https:\/\/www.cajaforensesantafe.org.ar\/index.php?rest_route=\/wp\/v2\/pages\/2513\/revisions\/3045"}],"wp:attachment":[{"href":"https:\/\/www.cajaforensesantafe.org.ar\/index.php?rest_route=%2Fwp%2Fv2%2Fmedia&parent=2513"}],"curies":[{"name":"wp","href":"https:\/\/api.w.org\/{rel}","templated":true}]}}