{"id":2719,"date":"2022-02-23T09:48:17","date_gmt":"2022-02-23T09:48:17","guid":{"rendered":"https:\/\/www.cajaforensesantafe.org.ar\/?page_id=2719"},"modified":"2024-11-04T16:08:34","modified_gmt":"2024-11-04T16:08:34","slug":"reajuste-de-jus-regulados","status":"publish","type":"page","link":"https:\/\/www.cajaforensesantafe.org.ar\/?page_id=2719","title":{"rendered":"Reajuste de Jus regulados"},"content":{"rendered":"<div class=\"wpb-content-wrapper\"><p>[vc_row][vc_column width=\u00bb1\/1&#8243;][vc_column_text css=\u00bb.vc_custom_1645620148777{background-color: #1e73be !important;}\u00bb]<\/p>\n<h3 style=\"text-align: center;\"><span style=\"color: #ffffff;\"><b><span lang=\"ES-TRAD\">Reajuste de jus en relaci\u00f3n a aportes<\/span><\/b><\/span><\/h3>\n<p>[\/vc_column_text][\/vc_column][\/vc_row][vc_row][vc_column width=\u00bb1\/1&#8243;][vc_empty_space height=\u00bb32px\u00bb][\/vc_column][\/vc_row][vc_row][vc_column width=\u00bb1\/1&#8243;][vc_column_text]<\/p>\n<p class=\"x_MsoNormal\"><span style=\"color: #000000;\"><span lang=\"ES-TRAD\">Conforme disposici\u00f3n del Directorio de Caja Forense de la Primera Circunscripci\u00f3n de la ciudad de Santa Fe, los aportes podr\u00e1n cancelarse de acuerdo a la suma regulada en pesos, cuando dichos importes sean ingresados dentro de los ciento ochenta (180) d\u00edas corridos a contar desde la fecha de la regulaci\u00f3n de honorarios.<\/span><\/span><\/p>\n<p class=\"x_MsoNormal\"><span style=\"color: #000000;\"><span lang=\"ES-TRAD\">Transcurrido dicho plazo, el aporte se reajustar\u00e1 conforme lo normado por el art. 32 de la ley de aranceles.<\/span><\/span><\/p>\n<p class=\"x_MsoNormal\"><span style=\"color: #000000;\"><span lang=\"ES-TRAD\">En caso de pretenderse la aplicaci\u00f3n del criterio sentado por la Suprema Corte de Justicia Provincial en fallo \u201c<\/span><i><span lang=\"ES\">MUNICIPALIDAD DE SANTA FE c\/ BERGAGNA, Eduardo \u2013 Apremio Fiscal s\/ Recurso de Inconstitucionalidad\u201d (Expte. 578\/2011),\u00a0<\/span><\/i><span lang=\"ES\">para el c\u00e1lculo de aportes, deber\u00e1 acreditarse la notificaci\u00f3n por c\u00e9dula al obligado al pago (o notificaci\u00f3n en expediente con certificaci\u00f3n del actuario), en cuyo caso se actualizar\u00e1n los jus hasta la fecha de firmeza y a partir de all\u00ed se calcular\u00e1n intereses seg\u00fan tasa establecida en decreto regulatorio.<\/span><\/span><\/p>\n<p>[\/vc_column_text][\/vc_column][\/vc_row]<\/p>\n<\/div>","protected":false},"excerpt":{"rendered":"<p>[vc_row][vc_column width=\u00bb1\/1&#8243;][vc_column_text css=\u00bb.vc_custom_1645620148777{background-color: #1e73be !important;}\u00bb] Reajuste de jus en relaci\u00f3n a aportes [\/vc_column_text][\/vc_column][\/vc_row][vc_row][vc_column width=\u00bb1\/1&#8243;][vc_empty_space height=\u00bb32px\u00bb][\/vc_column][\/vc_row][vc_row][vc_column width=\u00bb1\/1&#8243;][vc_column_text] Conforme disposici\u00f3n del Directorio de Caja Forense de la Primera Circunscripci\u00f3n de la ciudad de Santa Fe, los aportes podr\u00e1n cancelarse de acuerdo a la suma regulada en pesos, cuando dichos importes sean ingresados dentro de los ciento ochenta&hellip;<\/p>\n","protected":false},"author":1,"featured_media":0,"parent":0,"menu_order":0,"comment_status":"closed","ping_status":"closed","template":"","meta":{"footnotes":""},"class_list":["post-2719","page","type-page","status-publish","hentry","description-off"],"_links":{"self":[{"href":"https:\/\/www.cajaforensesantafe.org.ar\/index.php?rest_route=\/wp\/v2\/pages\/2719","targetHints":{"allow":["GET"]}}],"collection":[{"href":"https:\/\/www.cajaforensesantafe.org.ar\/index.php?rest_route=\/wp\/v2\/pages"}],"about":[{"href":"https:\/\/www.cajaforensesantafe.org.ar\/index.php?rest_route=\/wp\/v2\/types\/page"}],"author":[{"embeddable":true,"href":"https:\/\/www.cajaforensesantafe.org.ar\/index.php?rest_route=\/wp\/v2\/users\/1"}],"replies":[{"embeddable":true,"href":"https:\/\/www.cajaforensesantafe.org.ar\/index.php?rest_route=%2Fwp%2Fv2%2Fcomments&post=2719"}],"version-history":[{"count":4,"href":"https:\/\/www.cajaforensesantafe.org.ar\/index.php?rest_route=\/wp\/v2\/pages\/2719\/revisions"}],"predecessor-version":[{"id":3417,"href":"https:\/\/www.cajaforensesantafe.org.ar\/index.php?rest_route=\/wp\/v2\/pages\/2719\/revisions\/3417"}],"wp:attachment":[{"href":"https:\/\/www.cajaforensesantafe.org.ar\/index.php?rest_route=%2Fwp%2Fv2%2Fmedia&parent=2719"}],"curies":[{"name":"wp","href":"https:\/\/api.w.org\/{rel}","templated":true}]}}