{"id":2755,"date":"2022-03-18T12:33:51","date_gmt":"2022-03-18T12:33:51","guid":{"rendered":"https:\/\/www.cajaforensesantafe.org.ar\/?page_id=2755"},"modified":"2024-11-04T23:12:53","modified_gmt":"2024-11-04T23:12:53","slug":"denuncia-de-bienes","status":"publish","type":"page","link":"https:\/\/www.cajaforensesantafe.org.ar\/?page_id=2755","title":{"rendered":"DENUNCIA DE BIENES"},"content":{"rendered":"<p><span style=\"color: #000000;\">INVENTARIO Y AVAL\u00daO &#8211; DENUNCIA DE BIENES<\/span><\/p>\n<p><span style=\"color: #000000;\">El valor m\u00ednimo para bienes en juicios sucesorios establecido por el Directorio de esta Instituci\u00f3n, ser\u00e1 el vigente a la fecha en que se presenta la denuncia de bienes u operaciones de inventario y aval\u00fao ante el Juzgado en el cual tramita la causa.<\/span><\/p>\n<p><span style=\"color: #000000;\">Dicho criterio regir\u00e1, siempre que la vista a la Caja se cumplimente dentro de los seis (6) meses a contar desde la fecha de presentaci\u00f3n judicial de esa denuncia u operaciones. Transcurrido este plazo, la planilla se confeccionar\u00e1 teniendo en cuenta los m\u00ednimos vigentes al d\u00eda de ingreso del expediente a esta Instituci\u00f3n.<\/span><\/p>\n<p><span style=\"color: #000000;\">Si confeccionada la planilla de liquidaci\u00f3n de bienes, transcurre un a\u00f1o sin que se hubieran regulado honorarios por la misma, la Caja proceder\u00e1 a confeccionar nueva planilla sobre valores actualizados a los fines de la determinaci\u00f3n de los honorarios correspondientes.<\/span><\/p>\n","protected":false},"excerpt":{"rendered":"<p>INVENTARIO Y AVAL\u00daO &#8211; DENUNCIA DE BIENES El valor m\u00ednimo para bienes en juicios sucesorios establecido por el Directorio de esta Instituci\u00f3n, ser\u00e1 el vigente a la fecha en que se presenta la denuncia de bienes u operaciones de inventario y aval\u00fao ante el Juzgado en el cual tramita la causa. Dicho criterio regir\u00e1, siempre&hellip;<\/p>\n","protected":false},"author":1,"featured_media":0,"parent":0,"menu_order":0,"comment_status":"closed","ping_status":"closed","template":"","meta":{"footnotes":""},"class_list":["post-2755","page","type-page","status-publish","hentry","description-off"],"_links":{"self":[{"href":"https:\/\/www.cajaforensesantafe.org.ar\/index.php?rest_route=\/wp\/v2\/pages\/2755","targetHints":{"allow":["GET"]}}],"collection":[{"href":"https:\/\/www.cajaforensesantafe.org.ar\/index.php?rest_route=\/wp\/v2\/pages"}],"about":[{"href":"https:\/\/www.cajaforensesantafe.org.ar\/index.php?rest_route=\/wp\/v2\/types\/page"}],"author":[{"embeddable":true,"href":"https:\/\/www.cajaforensesantafe.org.ar\/index.php?rest_route=\/wp\/v2\/users\/1"}],"replies":[{"embeddable":true,"href":"https:\/\/www.cajaforensesantafe.org.ar\/index.php?rest_route=%2Fwp%2Fv2%2Fcomments&post=2755"}],"version-history":[{"count":3,"href":"https:\/\/www.cajaforensesantafe.org.ar\/index.php?rest_route=\/wp\/v2\/pages\/2755\/revisions"}],"predecessor-version":[{"id":3510,"href":"https:\/\/www.cajaforensesantafe.org.ar\/index.php?rest_route=\/wp\/v2\/pages\/2755\/revisions\/3510"}],"wp:attachment":[{"href":"https:\/\/www.cajaforensesantafe.org.ar\/index.php?rest_route=%2Fwp%2Fv2%2Fmedia&parent=2755"}],"curies":[{"name":"wp","href":"https:\/\/api.w.org\/{rel}","templated":true}]}}