{"id":2757,"date":"2022-03-18T12:34:44","date_gmt":"2022-03-18T12:34:44","guid":{"rendered":"https:\/\/www.cajaforensesantafe.org.ar\/?page_id=2757"},"modified":"2024-11-04T23:13:47","modified_gmt":"2024-11-04T23:13:47","slug":"computo-aportes-en-pesos-y-jus","status":"publish","type":"page","link":"https:\/\/www.cajaforensesantafe.org.ar\/?page_id=2757","title":{"rendered":"C\u00f3mputo Aportes en Pesos y JUS"},"content":{"rendered":"<p class=\"x_MsoNormal\"><span lang=\"ES-TRAD\" style=\"color: #000000;\"><i>Conforme disposici\u00f3n del Directorio de Caja Forense de la Primera Circunscripci\u00f3n de la ciudad de Santa Fe, los aportes realizados en los juicios en donde a\u00fan no se hubieren regulado honorarios, ser\u00e1n tomados a cuenta conforme el monto abonado en pesos.<\/i><\/span><\/p>\n<p class=\"x_MsoNormal\"><span lang=\"ES-TRAD\" style=\"color: #000000;\"><i>Respecto de aportes efectivizados luego de obtenida regulaci\u00f3n de honorarios, ser\u00e1n computados por su valor en JUS a la fecha de realizaci\u00f3n.<\/i><\/span><\/p>\n","protected":false},"excerpt":{"rendered":"<p>Conforme disposici\u00f3n del Directorio de Caja Forense de la Primera Circunscripci\u00f3n de la ciudad de Santa Fe, los aportes realizados en los juicios en donde a\u00fan no se hubieren regulado honorarios, ser\u00e1n tomados a cuenta conforme el monto abonado en pesos. Respecto de aportes efectivizados luego de obtenida regulaci\u00f3n de honorarios, ser\u00e1n computados por su&hellip;<\/p>\n","protected":false},"author":1,"featured_media":0,"parent":0,"menu_order":0,"comment_status":"closed","ping_status":"closed","template":"","meta":{"footnotes":""},"class_list":["post-2757","page","type-page","status-publish","hentry","description-off"],"_links":{"self":[{"href":"https:\/\/www.cajaforensesantafe.org.ar\/index.php?rest_route=\/wp\/v2\/pages\/2757","targetHints":{"allow":["GET"]}}],"collection":[{"href":"https:\/\/www.cajaforensesantafe.org.ar\/index.php?rest_route=\/wp\/v2\/pages"}],"about":[{"href":"https:\/\/www.cajaforensesantafe.org.ar\/index.php?rest_route=\/wp\/v2\/types\/page"}],"author":[{"embeddable":true,"href":"https:\/\/www.cajaforensesantafe.org.ar\/index.php?rest_route=\/wp\/v2\/users\/1"}],"replies":[{"embeddable":true,"href":"https:\/\/www.cajaforensesantafe.org.ar\/index.php?rest_route=%2Fwp%2Fv2%2Fcomments&post=2757"}],"version-history":[{"count":1,"href":"https:\/\/www.cajaforensesantafe.org.ar\/index.php?rest_route=\/wp\/v2\/pages\/2757\/revisions"}],"predecessor-version":[{"id":2758,"href":"https:\/\/www.cajaforensesantafe.org.ar\/index.php?rest_route=\/wp\/v2\/pages\/2757\/revisions\/2758"}],"wp:attachment":[{"href":"https:\/\/www.cajaforensesantafe.org.ar\/index.php?rest_route=%2Fwp%2Fv2%2Fmedia&parent=2757"}],"curies":[{"name":"wp","href":"https:\/\/api.w.org\/{rel}","templated":true}]}}