{"id":2779,"date":"2022-04-27T00:17:48","date_gmt":"2022-04-27T00:17:48","guid":{"rendered":"https:\/\/www.cajaforensesantafe.org.ar\/?page_id=2779"},"modified":"2024-11-04T14:54:48","modified_gmt":"2024-11-04T14:54:48","slug":"requisitos-de-inscripcion","status":"publish","type":"page","link":"https:\/\/www.cajaforensesantafe.org.ar\/?page_id=2779","title":{"rendered":"Requisitos de Inscripci\u00f3n"},"content":{"rendered":"<p><span style=\"color: #000080;\"><strong>REQUISITOS DE INSCRIPCI\u00d3N<\/strong><\/span><br \/>\n<span style=\"color: #000000;\">1) Nota dirigida al Directorio de Caja Forense solicitando la inscripci\u00f3n como beneficiario titular.<span style=\"color: #0000ff;\"> <a style=\"color: #0000ff;\" href=\"https:\/\/www.cajaforensesantafe.org.ar\/wp-content\/uploads\/2023\/06\/nota-afiliacion-titular.pdf\">DESCARGAR AQU\u00cd<\/a><\/span><\/span><br \/>\n<span style=\"color: #000000;\">2) Fotocopia del D.N.I. Tener dos (2) a\u00f1os de residencia inmediata en la provincia de Santa Fe.<\/span><br \/>\n<span style=\"color: #000000;\">3) Completar fichas impresas y declaraci\u00f3n jurada de antecedentes de salud. <a href=\"https:\/\/www.cajaforensesantafe.org.ar\/wp-content\/uploads\/2023\/06\/declaracion-jurada.pdf\">DESCARGAR AQU\u00cd<\/a><\/span><br \/>\n<span style=\"color: #000000;\">4) Certificado expedido por el Colegio de Abogados o Procuradores con constancia de inscripci\u00f3n en la matr\u00edcula (actualizado).<\/span><br \/>\n<span style=\"color: #000000;\"> 5) Certificado de vecindad (actualizado).<\/span><br \/>\n<span style=\"color: #000000;\"> 6) Una foto carnet.<\/span><br \/>\n<span style=\"color: #000000;\"> 7) Para incorporar grupo familiar (c\u00f3nyuge \u2013 hijo) deber\u00e1 adjuntar:<\/span><br \/>\n<span style=\"color: #000000;\"> \u00a0 \u00a0 \u00a0 \u00a0 \u00a0 \u00a0 a) Nota pedido de afiliaci\u00f3n provisoria de Reci\u00e9n Nacido. <span style=\"color: #0000ff;\"><a style=\"color: #0000ff;\" href=\"https:\/\/www.cajaforensesantafe.org.ar\/wp-content\/uploads\/2023\/08\/NOTA-AFILIACION-PROVISORIA-RECIEN-NACIDO.pdf\" target=\"_blank\" rel=\"noopener\">DESCARGAR AQUI<\/a><\/span><\/span><br \/>\n<span style=\"color: #000000;\"> \u00a0 \u00a0 \u00a0 \u00a0 \u00a0 \u00a0 b) Nota tipo de afiliaci\u00f3n de adherentes.<span style=\"color: #0000ff;\"><a style=\"color: #0000ff;\" href=\"https:\/\/www.cajaforensesantafe.org.ar\/wp-content\/uploads\/2023\/08\/NOTA-DE-AFILIACION-ADHERENTE-nueva-2023.pdf\" target=\"_blank\" rel=\"noopener\">DESCARGAR AQUI<\/a><\/span><\/span><br \/>\n<span style=\"color: #000000;\"> \u00a0 \u00a0 \u00a0 \u00a0 \u00a0 \u00a0 c) Declaraci\u00f3n Jurada de antecedentes de salud para cada adherente. <a href=\"https:\/\/www.cajaforensesantafe.org.ar\/wp-content\/uploads\/2023\/08\/DECLARACION-JURADA.pdf\" target=\"_blank\" rel=\"noopener\">DESCARGAR AQUI<\/a><\/span><\/p>\n<p><span style=\"color: #000000;\">\u00a0 \u00a0 \u00a0 \u00a0 \u00a0 \u00a0 d) Original (o fotocopia certificada) de la\/s partida\/s actualizada\/s\u00a0<\/span><br \/>\n<span style=\"color: #000000;\"> \u00a0 \u00a0 \u00a0 \u00a0 \u00a0 \u00a0 d) Fotocopia de D.N.I. de cada adherente.<\/span><br \/>\n<span style=\"color: #000000;\"> 8) Constancia de Inscripci\u00f3n en la A.F.I.P. Si al momento de presentar los requisitos no ha realizado el tr\u00e1mite, podr\u00e1 presentarlo oportunamente.<\/span><\/p>\n<h4><span style=\"color: #000080;\">Luego de treinta (30) d\u00edas, pasar por Afiliaciones a retirar notificaci\u00f3n y credencial\/es.<\/span><\/h4>\n<h3><span style=\"color: #000080;\"><b>Actualizaci\u00f3n de datos personales y pedido de contrase\u00f1as<\/b><\/span><\/h3>\n<p>Para actualizar sus datos personales y\/o solicitar USUARIO y CONTRASE\u00d1A para gestionar sus tr\u00e1mites a trav\u00e9s de esta p\u00e1gina web, deber\u00e1 completar el siguiente FORMULARIO DE SOLICITUD DE CONTRASE\u00d1A Y ACTUALIZACI\u00d3N DE DATOS PERSONALES (<span style=\"color: #0000ff;\"><a href=\"https:\/\/www.cajaforensesantafe.org.ar\/wp-content\/uploads\/2023\/09\/ACTUALIZACION-DE-DATOS-S.W.pdf\" target=\"_blank\" rel=\"noopener\">DESCARGAR AQU\u00cd<\/a><\/span><strong><span style=\"color: #0000ff;\">)<\/span><\/strong>, y enviarlo al \u00e1rea AFILIACIONES al correo:\u00a0<a id=\"LPlnk634392\" class=\"x_x_moz-txt-link-abbreviated x_moz-txt-link-freetext\" href=\"mailto:afiliaciones@cajaforensesantafe.org.ar\" target=\"_blank\" rel=\"noopener noreferrer\" data-auth=\"NotApplicable\" data-linkindex=\"3\">afiliaciones@cajaforensesantafe.org.ar<\/a>\u00ab.<\/p>\n","protected":false},"excerpt":{"rendered":"<p>REQUISITOS DE INSCRIPCI\u00d3N 1) Nota dirigida al Directorio de Caja Forense solicitando la inscripci\u00f3n como beneficiario titular. DESCARGAR AQU\u00cd 2) Fotocopia del D.N.I. Tener dos (2) a\u00f1os de residencia inmediata en la provincia de Santa Fe. 3) Completar fichas impresas y declaraci\u00f3n jurada de antecedentes de salud. DESCARGAR AQU\u00cd 4) Certificado expedido por el Colegio&hellip;<\/p>\n","protected":false},"author":1,"featured_media":0,"parent":0,"menu_order":0,"comment_status":"closed","ping_status":"closed","template":"","meta":{"footnotes":""},"class_list":["post-2779","page","type-page","status-publish","hentry","description-off"],"_links":{"self":[{"href":"https:\/\/www.cajaforensesantafe.org.ar\/index.php?rest_route=\/wp\/v2\/pages\/2779","targetHints":{"allow":["GET"]}}],"collection":[{"href":"https:\/\/www.cajaforensesantafe.org.ar\/index.php?rest_route=\/wp\/v2\/pages"}],"about":[{"href":"https:\/\/www.cajaforensesantafe.org.ar\/index.php?rest_route=\/wp\/v2\/types\/page"}],"author":[{"embeddable":true,"href":"https:\/\/www.cajaforensesantafe.org.ar\/index.php?rest_route=\/wp\/v2\/users\/1"}],"replies":[{"embeddable":true,"href":"https:\/\/www.cajaforensesantafe.org.ar\/index.php?rest_route=%2Fwp%2Fv2%2Fcomments&post=2779"}],"version-history":[{"count":11,"href":"https:\/\/www.cajaforensesantafe.org.ar\/index.php?rest_route=\/wp\/v2\/pages\/2779\/revisions"}],"predecessor-version":[{"id":3462,"href":"https:\/\/www.cajaforensesantafe.org.ar\/index.php?rest_route=\/wp\/v2\/pages\/2779\/revisions\/3462"}],"wp:attachment":[{"href":"https:\/\/www.cajaforensesantafe.org.ar\/index.php?rest_route=%2Fwp%2Fv2%2Fmedia&parent=2779"}],"curies":[{"name":"wp","href":"https:\/\/api.w.org\/{rel}","templated":true}]}}