{"id":2863,"date":"2022-04-27T02:37:39","date_gmt":"2022-04-27T02:37:39","guid":{"rendered":"https:\/\/www.cajaforensesantafe.org.ar\/?page_id=2863"},"modified":"2024-11-04T16:06:46","modified_gmt":"2024-11-04T16:06:46","slug":"farmacia-con-cobertura-mixta","status":"publish","type":"page","link":"https:\/\/www.cajaforensesantafe.org.ar\/?page_id=2863","title":{"rendered":"Farmacia con cobertura mixta"},"content":{"rendered":"<p><span style=\"color: #000000;\"><b>Para la compra de medicamentos en Farmacias adheridas al Colegio de Farmac\u00e9uticos de la Provincia de Santa Fe, en caso de contar con otra Obra social, el medicamento deber\u00e1 estar prescripto para ser cubierto por la otra Obra Social; y con presentaci\u00f3n de la credencial de afiliaci\u00f3n a Caja Forense, podr\u00e1 acceder al beneficio de doble cobertura.<\/b><\/span><\/p>\n","protected":false},"excerpt":{"rendered":"<p>Para la compra de medicamentos en Farmacias adheridas al Colegio de Farmac\u00e9uticos de la Provincia de Santa Fe, en caso de contar con otra Obra social, el medicamento deber\u00e1 estar prescripto para ser cubierto por la otra Obra Social; y con presentaci\u00f3n de la credencial de afiliaci\u00f3n a Caja Forense, podr\u00e1 acceder al beneficio de&hellip;<\/p>\n","protected":false},"author":1,"featured_media":0,"parent":0,"menu_order":0,"comment_status":"closed","ping_status":"closed","template":"","meta":{"footnotes":""},"class_list":["post-2863","page","type-page","status-publish","hentry","description-off"],"_links":{"self":[{"href":"https:\/\/www.cajaforensesantafe.org.ar\/index.php?rest_route=\/wp\/v2\/pages\/2863","targetHints":{"allow":["GET"]}}],"collection":[{"href":"https:\/\/www.cajaforensesantafe.org.ar\/index.php?rest_route=\/wp\/v2\/pages"}],"about":[{"href":"https:\/\/www.cajaforensesantafe.org.ar\/index.php?rest_route=\/wp\/v2\/types\/page"}],"author":[{"embeddable":true,"href":"https:\/\/www.cajaforensesantafe.org.ar\/index.php?rest_route=\/wp\/v2\/users\/1"}],"replies":[{"embeddable":true,"href":"https:\/\/www.cajaforensesantafe.org.ar\/index.php?rest_route=%2Fwp%2Fv2%2Fcomments&post=2863"}],"version-history":[{"count":1,"href":"https:\/\/www.cajaforensesantafe.org.ar\/index.php?rest_route=\/wp\/v2\/pages\/2863\/revisions"}],"predecessor-version":[{"id":2864,"href":"https:\/\/www.cajaforensesantafe.org.ar\/index.php?rest_route=\/wp\/v2\/pages\/2863\/revisions\/2864"}],"wp:attachment":[{"href":"https:\/\/www.cajaforensesantafe.org.ar\/index.php?rest_route=%2Fwp%2Fv2%2Fmedia&parent=2863"}],"curies":[{"name":"wp","href":"https:\/\/api.w.org\/{rel}","templated":true}]}}