{"id":2894,"date":"2022-05-08T20:12:18","date_gmt":"2022-05-08T20:12:18","guid":{"rendered":"https:\/\/www.cajaforensesantafe.org.ar\/?page_id=2894"},"modified":"2024-10-22T03:45:22","modified_gmt":"2024-10-22T03:45:22","slug":"retiro-de-expedientes-fiscalizados-2","status":"publish","type":"page","link":"https:\/\/www.cajaforensesantafe.org.ar\/?page_id=2894","title":{"rendered":"RETIRO DE EXPEDIENTES FISCALIZADOS"},"content":{"rendered":"<p><span style=\"color: #000000;\"><b>Sr.\/a Profesional: A partir del env\u00edo del mail donde se le informa que ha finalizado la fiscalizaci\u00f3n de su expediente, tendr\u00e1 30 d\u00edas para retirarlo. Caso contrario, ser\u00e1 remitido al Juzgado de origen<\/b><\/span><\/p>\n","protected":false},"excerpt":{"rendered":"<p>Sr.\/a Profesional: A partir del env\u00edo del mail donde se le informa que ha finalizado la fiscalizaci\u00f3n de su expediente, tendr\u00e1 30 d\u00edas para retirarlo. Caso contrario, ser\u00e1 remitido al Juzgado de origen<\/p>\n","protected":false},"author":1,"featured_media":0,"parent":0,"menu_order":0,"comment_status":"closed","ping_status":"closed","template":"","meta":{"footnotes":""},"class_list":["post-2894","page","type-page","status-publish","hentry","description-off"],"_links":{"self":[{"href":"https:\/\/www.cajaforensesantafe.org.ar\/index.php?rest_route=\/wp\/v2\/pages\/2894","targetHints":{"allow":["GET"]}}],"collection":[{"href":"https:\/\/www.cajaforensesantafe.org.ar\/index.php?rest_route=\/wp\/v2\/pages"}],"about":[{"href":"https:\/\/www.cajaforensesantafe.org.ar\/index.php?rest_route=\/wp\/v2\/types\/page"}],"author":[{"embeddable":true,"href":"https:\/\/www.cajaforensesantafe.org.ar\/index.php?rest_route=\/wp\/v2\/users\/1"}],"replies":[{"embeddable":true,"href":"https:\/\/www.cajaforensesantafe.org.ar\/index.php?rest_route=%2Fwp%2Fv2%2Fcomments&post=2894"}],"version-history":[{"count":2,"href":"https:\/\/www.cajaforensesantafe.org.ar\/index.php?rest_route=\/wp\/v2\/pages\/2894\/revisions"}],"predecessor-version":[{"id":3436,"href":"https:\/\/www.cajaforensesantafe.org.ar\/index.php?rest_route=\/wp\/v2\/pages\/2894\/revisions\/3436"}],"wp:attachment":[{"href":"https:\/\/www.cajaforensesantafe.org.ar\/index.php?rest_route=%2Fwp%2Fv2%2Fmedia&parent=2894"}],"curies":[{"name":"wp","href":"https:\/\/api.w.org\/{rel}","templated":true}]}}