{"id":2927,"date":"2022-05-11T19:26:06","date_gmt":"2022-05-11T19:26:06","guid":{"rendered":"https:\/\/www.cajaforensesantafe.org.ar\/?page_id=2927"},"modified":"2024-11-04T14:53:35","modified_gmt":"2024-11-04T14:53:35","slug":"reglamento-plan-de-regularizacion-de-aportes","status":"publish","type":"page","link":"https:\/\/www.cajaforensesantafe.org.ar\/?page_id=2927","title":{"rendered":"Reglamento Plan de Regularizaci\u00f3n de Aportes"},"content":{"rendered":"<h5><span style=\"color: #3366ff;\">EL DIRECTORIO DE LA CAJA FORENSE RESUELVE:<\/span><\/h5>\n<p><span style=\"color: #000000;\"><strong>ART\u00cdCULO 1. OBJETIVO<\/strong>: La implementaci\u00f3n de un\u00a0<em>\u201cPlan de Regularizaci\u00f3n de Aportes\u201d<\/em>\u00a0con el prop\u00f3sito de que todos los afiliados \u2013beneficiarios, y no beneficiarios- cuenten con un instrumento \u00e1gil para cancelar deudas por aportes en juicios con la Caja, contribuyendo al sustento del sistema solidario de la seguridad social, y con ello optimizar el acceso a los beneficios institucionales, de manera directa, integral y personalizada, cumpliendo as\u00ed, uno de los prop\u00f3sitos de nuestra ley.-<\/span><\/p>\n<p><span style=\"color: #000000;\"><strong>ART\u00cdCULO 2. VIGENCIA:<\/strong>\u00a0El presente plan entrar\u00e1 en vigor a partir del 1\u00ba de Agosto del a\u00f1o 2016.-<\/span><\/p>\n<p><span style=\"color: #000000;\"><strong>ART\u00cdCULO 3. MODALIDADES DE PAGO:<\/strong>\u00a0Se prev\u00e9n los siguientes modos de pago, a los fines de regularizar aportes no integrados a esta caja, a saber:<\/span><\/p>\n<ul>\n<li><span style=\"color: #000000;\">Tarjeta de Cr\u00e9dito.<\/span><\/li>\n<li><span style=\"color: #000000;\">Transferencia Bancaria.<\/span><\/li>\n<li><span style=\"color: #000000;\">Boleta de dep\u00f3sito emitida por el sistema inform\u00e1tico de la Caja Forense.<\/span><\/li>\n<li><span style=\"color: #000000;\">Suscripci\u00f3n de Convenio de Pago.-<\/span><\/li>\n<\/ul>\n<p><span style=\"color: #000000;\"><strong>ART\u00cdCULO 4. SUJETOS COMPRENDIDOS<\/strong>: Los destinatarios del siguiente plan son los afiliados -beneficiarios, y no beneficiarios-, que registren deudas a la fecha de la entrada en vigencia del presente plan,\u00a0 y que reciban comunicaci\u00f3n v\u00eda e-mail de esta entidad con detalle de saldos adeudados en concepto de aportes.-<\/span><\/p>\n<p><span style=\"color: #000000;\"><strong>ART\u00cdCULO 5. \u00c1REA DE COORDINACI\u00d3N:<\/strong>\u00a0A los efectos de instrumentar la adhesi\u00f3n al plan de regularizaci\u00f3n de aportes,\u00a0 se designa como sector de coordinaci\u00f3n a la Oficina de Fiscalizaci\u00f3n Externa.-<\/span><\/p>\n<p><span style=\"color: #000000;\"><strong>ART\u00cdCULO 6. SUBROGACI\u00d3N:<\/strong>\u00a0En el marco del presente plan y conforme lo dispone el Art. 29 de la Ley 4949 y modificatorias, se prev\u00e9, en favor del afiliado que no ha percibido sus honorarios y aportes, la opci\u00f3n de \u00a0facultar a esta Caja a subrogarse en el cobro de los mismos, mediante la promoci\u00f3n de las acciones pertinentes.-<\/span><\/p>\n","protected":false},"excerpt":{"rendered":"<p>EL DIRECTORIO DE LA CAJA FORENSE RESUELVE: ART\u00cdCULO 1. OBJETIVO: La implementaci\u00f3n de un\u00a0\u201cPlan de Regularizaci\u00f3n de Aportes\u201d\u00a0con el prop\u00f3sito de que todos los afiliados \u2013beneficiarios, y no beneficiarios- cuenten con un instrumento \u00e1gil para cancelar deudas por aportes en juicios con la Caja, contribuyendo al sustento del sistema solidario de la seguridad social, y&hellip;<\/p>\n","protected":false},"author":1,"featured_media":0,"parent":0,"menu_order":0,"comment_status":"closed","ping_status":"closed","template":"","meta":{"footnotes":""},"class_list":["post-2927","page","type-page","status-publish","hentry","description-off"],"_links":{"self":[{"href":"https:\/\/www.cajaforensesantafe.org.ar\/index.php?rest_route=\/wp\/v2\/pages\/2927","targetHints":{"allow":["GET"]}}],"collection":[{"href":"https:\/\/www.cajaforensesantafe.org.ar\/index.php?rest_route=\/wp\/v2\/pages"}],"about":[{"href":"https:\/\/www.cajaforensesantafe.org.ar\/index.php?rest_route=\/wp\/v2\/types\/page"}],"author":[{"embeddable":true,"href":"https:\/\/www.cajaforensesantafe.org.ar\/index.php?rest_route=\/wp\/v2\/users\/1"}],"replies":[{"embeddable":true,"href":"https:\/\/www.cajaforensesantafe.org.ar\/index.php?rest_route=%2Fwp%2Fv2%2Fcomments&post=2927"}],"version-history":[{"count":4,"href":"https:\/\/www.cajaforensesantafe.org.ar\/index.php?rest_route=\/wp\/v2\/pages\/2927\/revisions"}],"predecessor-version":[{"id":2933,"href":"https:\/\/www.cajaforensesantafe.org.ar\/index.php?rest_route=\/wp\/v2\/pages\/2927\/revisions\/2933"}],"wp:attachment":[{"href":"https:\/\/www.cajaforensesantafe.org.ar\/index.php?rest_route=%2Fwp%2Fv2%2Fmedia&parent=2927"}],"curies":[{"name":"wp","href":"https:\/\/api.w.org\/{rel}","templated":true}]}}