{"id":2989,"date":"2022-09-16T13:30:19","date_gmt":"2022-09-16T13:30:19","guid":{"rendered":"https:\/\/www.cajaforensesantafe.org.ar\/?page_id=2989"},"modified":"2024-11-04T16:07:33","modified_gmt":"2024-11-04T16:07:33","slug":"fiscalizaciones-digitales","status":"publish","type":"page","link":"https:\/\/www.cajaforensesantafe.org.ar\/?page_id=2989","title":{"rendered":"Fiscalizaciones Digitales"},"content":{"rendered":"<p class=\"x_MsoNoSpacing\"><span style=\"color: #000000;\"><strong>Conforme lo resuelto por la Corte Suprema de Justicia de la Provincia\u00a0mediante Circular 202\/20, las c\u00e9dulas electr\u00f3nicas son v\u00e1lidas s\u00f3lo para\u00a0notificaciones entre profesionales vinculados al expediente. Por ello y\u00a0lo dispuesto por Circulares 63\/20 y 46\/21, cuando las fiscalizaciones\u00a0(notificaciones, traslados y vistas) se cumplimenten v\u00eda digital, deber\u00e1\u00a0realizarse la respectiva precarga. Guiado por el\u00a0instructivo de precarga v\u00e1lido tanto para\u00a0f\u00edsica como digital-.<\/strong><\/span><\/p>\n<p class=\"x_MsoNoSpacing\"><span style=\"color: #000000;\">\u00a0<\/span><\/p>\n<h3 class=\"x_MsoNoSpacing\"><strong><span lang=\"ES\" style=\"color: #0000ff;\">Para realizar la precarga del expediente desde la Web de Caja Forense siga estos pasos adjuntos <a href=\"https:\/\/www.cajaforensesantafe.org.ar\/wp-content\/uploads\/2024\/02\/Instructivo-Sistema-de-Precarga.pdf\" target=\"_blank\" rel=\"noopener\">AQU\u00cd<\/a><\/span><\/strong><\/h3>\n<h4 class=\"x_MsoNoSpacing\"><span style=\"color: #000000;\">\u00a0<\/span><\/h4>\n","protected":false},"excerpt":{"rendered":"<p>Conforme lo resuelto por la Corte Suprema de Justicia de la Provincia\u00a0mediante Circular 202\/20, las c\u00e9dulas electr\u00f3nicas son v\u00e1lidas s\u00f3lo para\u00a0notificaciones entre profesionales vinculados al expediente. Por ello y\u00a0lo dispuesto por Circulares 63\/20 y 46\/21, cuando las fiscalizaciones\u00a0(notificaciones, traslados y vistas) se cumplimenten v\u00eda digital, deber\u00e1\u00a0realizarse la respectiva precarga. Guiado por el\u00a0instructivo de precarga v\u00e1lido&hellip;<\/p>\n","protected":false},"author":1,"featured_media":0,"parent":0,"menu_order":0,"comment_status":"closed","ping_status":"closed","template":"","meta":{"footnotes":""},"class_list":["post-2989","page","type-page","status-publish","hentry","description-off"],"_links":{"self":[{"href":"https:\/\/www.cajaforensesantafe.org.ar\/index.php?rest_route=\/wp\/v2\/pages\/2989","targetHints":{"allow":["GET"]}}],"collection":[{"href":"https:\/\/www.cajaforensesantafe.org.ar\/index.php?rest_route=\/wp\/v2\/pages"}],"about":[{"href":"https:\/\/www.cajaforensesantafe.org.ar\/index.php?rest_route=\/wp\/v2\/types\/page"}],"author":[{"embeddable":true,"href":"https:\/\/www.cajaforensesantafe.org.ar\/index.php?rest_route=\/wp\/v2\/users\/1"}],"replies":[{"embeddable":true,"href":"https:\/\/www.cajaforensesantafe.org.ar\/index.php?rest_route=%2Fwp%2Fv2%2Fcomments&post=2989"}],"version-history":[{"count":10,"href":"https:\/\/www.cajaforensesantafe.org.ar\/index.php?rest_route=\/wp\/v2\/pages\/2989\/revisions"}],"predecessor-version":[{"id":3509,"href":"https:\/\/www.cajaforensesantafe.org.ar\/index.php?rest_route=\/wp\/v2\/pages\/2989\/revisions\/3509"}],"wp:attachment":[{"href":"https:\/\/www.cajaforensesantafe.org.ar\/index.php?rest_route=%2Fwp%2Fv2%2Fmedia&parent=2989"}],"curies":[{"name":"wp","href":"https:\/\/api.w.org\/{rel}","templated":true}]}}