{"id":3001,"date":"2022-10-21T10:22:47","date_gmt":"2022-10-21T10:22:47","guid":{"rendered":"https:\/\/www.cajaforensesantafe.org.ar\/?page_id=3001"},"modified":"2024-11-04T14:53:49","modified_gmt":"2024-11-04T14:53:49","slug":"informe-evolucion-costos-2019-2022","status":"publish","type":"page","link":"https:\/\/www.cajaforensesantafe.org.ar\/?page_id=3001","title":{"rendered":"Informe evoluci\u00f3n costos 2022-2023"},"content":{"rendered":"<div class=\"wpb-content-wrapper\"><p>[vc_column]<br \/>\n[\/vc_column][vc_column_text]<br \/>\n[\/vc_column_text][vc_row][vc_column width=\u00bb1\/1&#8243;][vc_column_text]<span style=\"color: #000000;\">Informe evoluci\u00f3n costos 2022-2023 <\/span><\/p>\n<p><span style=\"color: #000000;\">En este informe de \u201cEvoluci\u00f3n de costos 2022-2023\u201d se observa el fuerte impacto de la situaci\u00f3n inflacionaria, que provoc\u00f3 un aumento promedio del 210,57% en los servicios de los prestadores, lo que oblig\u00f3 a permanentes negociaciones y fuertes posturas por parte de la Caja Forense para que no se suspendiera el acceso de nuestros afiliados a los servicios asistenciales. Esto deriv\u00f3 en una situaci\u00f3n muy compleja, ya que resulta prioritaria la continuidad, mantenimiento e incluso ampliaci\u00f3n de las prestaciones, pero preservando el normal desarrollo del resto de los servicios. Tomando como referencia la evoluci\u00f3n de algunos indicadores que se vinculan con la actividad de la Caja Forense y con el desarrollo profesional de sus afiliados, se puede observar en el cuadro al pie, que existe un aumento generalizado en los indicadores que remiten a los costos y gastos, los que superan a los que debimos aplicar para actualizar los m\u00ednimos de aportes que constituyen el ingreso con que se sostienen los servicios asistenciales. Desde el directorio continuamos con nuestra pol\u00edtica de sostenimiento de los servicios, de responsabilidad para garantizar la continuidad de las coberturas de salud al 100% para aquellos afiliados con patolog\u00edas especiales; lo que nos obliga a tener la misma responsabilidad para con la gradual actualizaci\u00f3n de los m\u00ednimos trimestrales, que son los que permiten conformar el fondo solidario con que se afronta lo mencionado. Esta solidaridad, que este a\u00f1o cumpli\u00f3 73 a\u00f1os de existencia y que se proyect\u00f3 a lo largo del tiempo gracias al compromiso intergeneracional que garantiz\u00f3 esta continuidad, es la clave para poder seguir brindando en el futuro, m\u00e1s y mejores servicios para las distintas generaciones de profesionales que seguir\u00e1n apostando por un servicio de salud de calidad dirigido por los propios afiliados. Como directores de la Caja Forense, esa es nuestra responsabilidad y nuestro compromiso y consideramos necesario compartir esta informaci\u00f3n.<\/span>[\/vc_column_text][\/vc_column][\/vc_row][vc_row][vc_column width=\u00bb1\/1&#8243;][vc_column_text]<\/p>\n<p><a class=\"dt-single-image\" href=\"https:\/\/www.cajaforensesantafe.org.ar\/wp-content\/uploads\/2022\/10\/EVOLUCION2223.jpg\" data-dt-img-description=\"\"><img loading=\"lazy\" decoding=\"async\" class=\"alignnone wp-image-3263 size-medium\" src=\"https:\/\/www.cajaforensesantafe.org.ar\/wp-content\/uploads\/2022\/10\/EVOLUCION2223-300x208.jpg\" alt=\"EVOLUCION2223\" width=\"300\" height=\"208\" srcset=\"https:\/\/www.cajaforensesantafe.org.ar\/wp-content\/uploads\/2022\/10\/EVOLUCION2223-300x208.jpg 300w, https:\/\/www.cajaforensesantafe.org.ar\/wp-content\/uploads\/2022\/10\/EVOLUCION2223-1024x709.jpg 1024w, https:\/\/www.cajaforensesantafe.org.ar\/wp-content\/uploads\/2022\/10\/EVOLUCION2223.jpg 1070w\" sizes=\"auto, (max-width: 300px) 100vw, 300px\" \/><\/a><\/p>\n<p>[\/vc_column_text][\/vc_column][\/vc_row][vc_row][vc_column width=\u00bb1\/1&#8243;][vc_column_text]<\/p>\n<p>si no puedes ver la imagen haz click <a href=\"https:\/\/www.cajaforensesantafe.org.ar\/wp-content\/uploads\/2022\/10\/EVOLUCION2223.jpg\">aqui<\/a><\/p>\n<p>[\/vc_column_text][\/vc_column][\/vc_row]<\/p>\n<\/div>","protected":false},"excerpt":{"rendered":"<p>[vc_column] [\/vc_column][vc_column_text] [\/vc_column_text][vc_row][vc_column width=\u00bb1\/1&#8243;][vc_column_text]Informe evoluci\u00f3n costos 2022-2023 En este informe de \u201cEvoluci\u00f3n de costos 2022-2023\u201d se observa el fuerte impacto de la situaci\u00f3n inflacionaria, que provoc\u00f3 un aumento promedio del 210,57% en los servicios de los prestadores, lo que oblig\u00f3 a permanentes negociaciones y fuertes posturas por parte de la Caja Forense para que no&hellip;<\/p>\n","protected":false},"author":1,"featured_media":0,"parent":0,"menu_order":0,"comment_status":"closed","ping_status":"closed","template":"","meta":{"footnotes":""},"class_list":["post-3001","page","type-page","status-publish","hentry","description-off"],"_links":{"self":[{"href":"https:\/\/www.cajaforensesantafe.org.ar\/index.php?rest_route=\/wp\/v2\/pages\/3001","targetHints":{"allow":["GET"]}}],"collection":[{"href":"https:\/\/www.cajaforensesantafe.org.ar\/index.php?rest_route=\/wp\/v2\/pages"}],"about":[{"href":"https:\/\/www.cajaforensesantafe.org.ar\/index.php?rest_route=\/wp\/v2\/types\/page"}],"author":[{"embeddable":true,"href":"https:\/\/www.cajaforensesantafe.org.ar\/index.php?rest_route=\/wp\/v2\/users\/1"}],"replies":[{"embeddable":true,"href":"https:\/\/www.cajaforensesantafe.org.ar\/index.php?rest_route=%2Fwp%2Fv2%2Fcomments&post=3001"}],"version-history":[{"count":10,"href":"https:\/\/www.cajaforensesantafe.org.ar\/index.php?rest_route=\/wp\/v2\/pages\/3001\/revisions"}],"predecessor-version":[{"id":3268,"href":"https:\/\/www.cajaforensesantafe.org.ar\/index.php?rest_route=\/wp\/v2\/pages\/3001\/revisions\/3268"}],"wp:attachment":[{"href":"https:\/\/www.cajaforensesantafe.org.ar\/index.php?rest_route=%2Fwp%2Fv2%2Fmedia&parent=3001"}],"curies":[{"name":"wp","href":"https:\/\/api.w.org\/{rel}","templated":true}]}}