{"id":3732,"date":"2025-08-27T02:43:50","date_gmt":"2025-08-27T02:43:50","guid":{"rendered":"https:\/\/www.cajaforensesantafe.org.ar\/?page_id=3732"},"modified":"2025-09-30T00:27:22","modified_gmt":"2025-09-30T00:27:22","slug":"contacto-con-delegaciones","status":"publish","type":"page","link":"https:\/\/www.cajaforensesantafe.org.ar\/?page_id=3732","title":{"rendered":"CONTACTO CON DELEGACIONES"},"content":{"rendered":"<div class=\"wpb-content-wrapper\"><p>[vc_row][vc_column][vc_column_text css=\u00bb\u00bb]<\/p>\n<h4><strong><span style=\"color: #000000;\"><i>Para consultas dirigidas al \u00e1rea de Fiscalizaci\u00f3n, comunicarse exclusivamente a los siguientes correos electr\u00f3nicos y\/o tel\u00e9fonos de contacto, seleccionando la delegaci\u00f3n y\/o el fiscalizador asignado a su caso<\/i><\/span><\/strong><\/h4>\n<p>[\/vc_column_text][\/vc_column][\/vc_row][vc_row][vc_column][vc_empty_space][\/vc_column][\/vc_row][vc_row][vc_column][vc_column_text css=\u00bb\u00bb]<a class=\"dt-pswp-item\" href=\"https:\/\/www.cajaforensesantafe.org.ar\/wp-content\/uploads\/2025\/09\/delega2-scaled.jpg\" data-dt-img-description=\"\" data-large_image_width=\"2560\" data-large_image_height=\"804\"><img loading=\"lazy\" decoding=\"async\" class=\"alignnone wp-image-3776 size-full\" src=\"https:\/\/www.cajaforensesantafe.org.ar\/wp-content\/uploads\/2025\/09\/delega2-scaled.jpg\" alt=\"\" width=\"2560\" height=\"1068\" srcset=\"https:\/\/www.cajaforensesantafe.org.ar\/wp-content\/uploads\/2025\/09\/delega2-scaled.jpg 2560w, https:\/\/www.cajaforensesantafe.org.ar\/wp-content\/uploads\/2025\/09\/delega2-300x125.jpg 300w, https:\/\/www.cajaforensesantafe.org.ar\/wp-content\/uploads\/2025\/09\/delega2-1024x427.jpg 1024w, https:\/\/www.cajaforensesantafe.org.ar\/wp-content\/uploads\/2025\/09\/delega2-768x320.jpg 768w, https:\/\/www.cajaforensesantafe.org.ar\/wp-content\/uploads\/2025\/09\/delega2-1536x641.jpg 1536w, https:\/\/www.cajaforensesantafe.org.ar\/wp-content\/uploads\/2025\/09\/delega2-2048x854.jpg 2048w\" sizes=\"auto, (max-width: 2560px) 100vw, 2560px\" \/><\/a>[\/vc_column_text][\/vc_column][\/vc_row]<\/p>\n<\/div>","protected":false},"excerpt":{"rendered":"<p>[vc_row][vc_column][vc_column_text css=\u00bb\u00bb] Para consultas dirigidas al \u00e1rea de Fiscalizaci\u00f3n, comunicarse exclusivamente a los siguientes correos electr\u00f3nicos y\/o tel\u00e9fonos de contacto, seleccionando la delegaci\u00f3n y\/o el fiscalizador asignado a su caso [\/vc_column_text][\/vc_column][\/vc_row][vc_row][vc_column][vc_empty_space][\/vc_column][\/vc_row][vc_row][vc_column][vc_column_text css=\u00bb\u00bb][\/vc_column_text][\/vc_column][\/vc_row]<\/p>\n","protected":false},"author":1,"featured_media":0,"parent":0,"menu_order":0,"comment_status":"closed","ping_status":"closed","template":"","meta":{"footnotes":""},"class_list":["post-3732","page","type-page","status-publish","hentry","description-off"],"_links":{"self":[{"href":"https:\/\/www.cajaforensesantafe.org.ar\/index.php?rest_route=\/wp\/v2\/pages\/3732","targetHints":{"allow":["GET"]}}],"collection":[{"href":"https:\/\/www.cajaforensesantafe.org.ar\/index.php?rest_route=\/wp\/v2\/pages"}],"about":[{"href":"https:\/\/www.cajaforensesantafe.org.ar\/index.php?rest_route=\/wp\/v2\/types\/page"}],"author":[{"embeddable":true,"href":"https:\/\/www.cajaforensesantafe.org.ar\/index.php?rest_route=\/wp\/v2\/users\/1"}],"replies":[{"embeddable":true,"href":"https:\/\/www.cajaforensesantafe.org.ar\/index.php?rest_route=%2Fwp%2Fv2%2Fcomments&post=3732"}],"version-history":[{"count":7,"href":"https:\/\/www.cajaforensesantafe.org.ar\/index.php?rest_route=\/wp\/v2\/pages\/3732\/revisions"}],"predecessor-version":[{"id":3777,"href":"https:\/\/www.cajaforensesantafe.org.ar\/index.php?rest_route=\/wp\/v2\/pages\/3732\/revisions\/3777"}],"wp:attachment":[{"href":"https:\/\/www.cajaforensesantafe.org.ar\/index.php?rest_route=%2Fwp%2Fv2%2Fmedia&parent=3732"}],"curies":[{"name":"wp","href":"https:\/\/api.w.org\/{rel}","templated":true}]}}