{"id":3804,"date":"2025-10-07T13:30:58","date_gmt":"2025-10-07T13:30:58","guid":{"rendered":"https:\/\/www.cajaforensesantafe.org.ar\/?page_id=3804"},"modified":"2025-10-07T13:35:21","modified_gmt":"2025-10-07T13:35:21","slug":"ortodoncia-y-u-ortopedia","status":"publish","type":"page","link":"https:\/\/www.cajaforensesantafe.org.ar\/?page_id=3804","title":{"rendered":"ORTODONCIA Y\/U ORTOPEDIA"},"content":{"rendered":"<div class=\"wpb-content-wrapper\"><p>[vc_row][vc_column][vc_column_text css=\u00bb\u00bb]<a class=\"dt-single-image\" href=\"https:\/\/www.cajaforensesantafe.org.ar\/wp-content\/uploads\/2025\/10\/ortodoncia-yu-ortopedia-scaled.jpg\" data-dt-img-description=\"\"><img loading=\"lazy\" decoding=\"async\" class=\"alignnone wp-image-3797 size-full\" src=\"https:\/\/www.cajaforensesantafe.org.ar\/wp-content\/uploads\/2025\/10\/ortodoncia-yu-ortopedia-scaled.jpg\" alt=\"\" width=\"2560\" height=\"734\" srcset=\"https:\/\/www.cajaforensesantafe.org.ar\/wp-content\/uploads\/2025\/10\/ortodoncia-yu-ortopedia-scaled.jpg 2560w, https:\/\/www.cajaforensesantafe.org.ar\/wp-content\/uploads\/2025\/10\/ortodoncia-yu-ortopedia-300x86.jpg 300w, https:\/\/www.cajaforensesantafe.org.ar\/wp-content\/uploads\/2025\/10\/ortodoncia-yu-ortopedia-1024x294.jpg 1024w, https:\/\/www.cajaforensesantafe.org.ar\/wp-content\/uploads\/2025\/10\/ortodoncia-yu-ortopedia-768x220.jpg 768w, https:\/\/www.cajaforensesantafe.org.ar\/wp-content\/uploads\/2025\/10\/ortodoncia-yu-ortopedia-1536x441.jpg 1536w, https:\/\/www.cajaforensesantafe.org.ar\/wp-content\/uploads\/2025\/10\/ortodoncia-yu-ortopedia-2048x587.jpg 2048w\" sizes=\"auto, (max-width: 2560px) 100vw, 2560px\" \/><\/a>[\/vc_column_text][\/vc_column][\/vc_row][vc_row][vc_column][vc_empty_space][\/vc_column][\/vc_row][vc_row][vc_column][vc_column_text css=\u00bb\u00bb]<\/p>\n<h5><span style=\"color: #000000;\">Para autorizar su tratamiento correspondiente, descargue <a href=\"https:\/\/www.cajaforensesantafe.org.ar\/wp-content\/uploads\/2025\/08\/Formulario-ORTODONCIA-al-01-08-2025.pdf\">aqu\u00ed<\/a> su formulario<\/span><\/h5>\n<p>[\/vc_column_text][\/vc_column][\/vc_row][vc_row][vc_column][vc_empty_space][\/vc_column][\/vc_row][vc_row][vc_column width=\u00bb1\/6&#8243;][vc_column_text css=\u00bb.vc_custom_1759844070513{background-color: #1e73be !important;}\u00bb]<\/p>\n<p style=\"text-align: center;\"><span style=\"color: #ffffff;\"><strong><a style=\"color: #ffffff;\" href=\"https:\/\/www.cajaforensesantafe.org.ar\/wp-content\/uploads\/2025\/10\/Formulario-ORTODONCIA-al-01-10-2025.pdf\">FORMULARIO<\/a><\/strong><\/span><\/p>\n<p>[\/vc_column_text][\/vc_column][vc_column width=\u00bb1\/6&#8243;][vc_column_text]<br \/>\n[\/vc_column_text][\/vc_column][vc_column width=\u00bb1\/6&#8243;][vc_column_text]<br \/>\n[\/vc_column_text][\/vc_column][vc_column width=\u00bb1\/6&#8243;][vc_column_text]<br \/>\n[\/vc_column_text][\/vc_column][vc_column width=\u00bb1\/6&#8243;][vc_column_text]<br \/>\n[\/vc_column_text][\/vc_column][\/vc_row][vc_row][vc_column][vc_empty_space][\/vc_column][\/vc_row][vc_row][vc_column][vc_column_text css=\u00bb\u00bb]<\/p>\n<h5><strong><span style=\"color: #000000;\">Las condiciones reglamentarias necesarias para poder recibir el beneficio son:<\/span><\/strong><\/h5>\n<ul style=\"list-style-type: circle;\">\n<li><span style=\"color: #000000;\">\u00a0Paciente con hasta los 15 a\u00f1os inclusive.<\/span><\/li>\n<li><span style=\"color: #000000;\">\u00a0El reconocimiento del tratamiento es por \u00fanica vez y no corresponder\u00e1 su reconocimiento y\/o autorizaci\u00f3n, en caso de hab\u00e9rsele autorizado con anterioridad, el mismo beneficio en esta Caja Forense al mismo paciente.<\/span><\/li>\n<li><span style=\"color: #000000;\">\u00a0Deber\u00e1 presentar junto a la ficha catastral debidamente confeccionada, la historia cl\u00ednica donde consten los datos del paciente, el diagn\u00f3stico, tipo de aparatolog\u00eda a emplear, duraci\u00f3n estimada del tratamiento, pron\u00f3stico, moldes y radiograf\u00edas (estos dos \u00faltimos \u00edtems \u2013moldes y RX- ser\u00e1n entregados al afiliado una vez realizada la auditor\u00eda).<\/span><\/li>\n<\/ul>\n<p>[\/vc_column_text][\/vc_column][\/vc_row]<\/p>\n<\/div>","protected":false},"excerpt":{"rendered":"<p>[vc_row][vc_column][vc_column_text css=\u00bb\u00bb][\/vc_column_text][\/vc_column][\/vc_row][vc_row][vc_column][vc_empty_space][\/vc_column][\/vc_row][vc_row][vc_column][vc_column_text css=\u00bb\u00bb] Para autorizar su tratamiento correspondiente, descargue aqu\u00ed su formulario [\/vc_column_text][\/vc_column][\/vc_row][vc_row][vc_column][vc_empty_space][\/vc_column][\/vc_row][vc_row][vc_column width=\u00bb1\/6&#8243;][vc_column_text css=\u00bb.vc_custom_1759844070513{background-color: #1e73be !important;}\u00bb] FORMULARIO [\/vc_column_text][\/vc_column][vc_column width=\u00bb1\/6&#8243;][vc_column_text] [\/vc_column_text][\/vc_column][vc_column width=\u00bb1\/6&#8243;][vc_column_text] [\/vc_column_text][\/vc_column][vc_column width=\u00bb1\/6&#8243;][vc_column_text] [\/vc_column_text][\/vc_column][vc_column width=\u00bb1\/6&#8243;][vc_column_text] [\/vc_column_text][\/vc_column][\/vc_row][vc_row][vc_column][vc_empty_space][\/vc_column][\/vc_row][vc_row][vc_column][vc_column_text css=\u00bb\u00bb] Las condiciones reglamentarias necesarias para poder recibir el beneficio son: \u00a0Paciente con hasta los 15 a\u00f1os inclusive. \u00a0El reconocimiento del tratamiento es por \u00fanica vez y no&hellip;<\/p>\n","protected":false},"author":1,"featured_media":0,"parent":0,"menu_order":0,"comment_status":"closed","ping_status":"closed","template":"","meta":{"footnotes":""},"class_list":["post-3804","page","type-page","status-publish","hentry","description-off"],"_links":{"self":[{"href":"https:\/\/www.cajaforensesantafe.org.ar\/index.php?rest_route=\/wp\/v2\/pages\/3804","targetHints":{"allow":["GET"]}}],"collection":[{"href":"https:\/\/www.cajaforensesantafe.org.ar\/index.php?rest_route=\/wp\/v2\/pages"}],"about":[{"href":"https:\/\/www.cajaforensesantafe.org.ar\/index.php?rest_route=\/wp\/v2\/types\/page"}],"author":[{"embeddable":true,"href":"https:\/\/www.cajaforensesantafe.org.ar\/index.php?rest_route=\/wp\/v2\/users\/1"}],"replies":[{"embeddable":true,"href":"https:\/\/www.cajaforensesantafe.org.ar\/index.php?rest_route=%2Fwp%2Fv2%2Fcomments&post=3804"}],"version-history":[{"count":4,"href":"https:\/\/www.cajaforensesantafe.org.ar\/index.php?rest_route=\/wp\/v2\/pages\/3804\/revisions"}],"predecessor-version":[{"id":3807,"href":"https:\/\/www.cajaforensesantafe.org.ar\/index.php?rest_route=\/wp\/v2\/pages\/3804\/revisions\/3807"}],"wp:attachment":[{"href":"https:\/\/www.cajaforensesantafe.org.ar\/index.php?rest_route=%2Fwp%2Fv2%2Fmedia&parent=3804"}],"curies":[{"name":"wp","href":"https:\/\/api.w.org\/{rel}","templated":true}]}}