{"id":496,"date":"2015-08-13T03:24:44","date_gmt":"2015-08-13T03:24:44","guid":{"rendered":"https:\/\/www.cajaforensesantafe.org.ar\/?page_id=496"},"modified":"2026-03-05T21:10:10","modified_gmt":"2026-03-05T21:10:10","slug":"sistema-de-aportes","status":"publish","type":"page","link":"https:\/\/www.cajaforensesantafe.org.ar\/?page_id=496","title":{"rendered":"SISTEMA DE APORTES"},"content":{"rendered":"<div class=\"wpb-content-wrapper\"><p>[vc_row][vc_column][vc_column_text css=\u00bb.vc_custom_1486216599539{background-color: #004b74 !important;}\u00bb]<\/p>\n<h4><span style=\"color: #ffffff;\">\u00a0 \u00a0PERIODO ANUAL DE APORTES: Ultimos 4 trimestres \u00a0 \u00a0 \u00a0 \u00a0 \u00a0 \u00a0 \u00a0 \u00a0 \u00a0 \u00a0 \u00a0 \u00a0 \u00a0 \u00a0 \u00a0 \u00a0 \u00a0 \u00a0 \u00a0 \u00a0 \u00a0 \u00a0 \u00a0 \u00a0 \u00a0 \u00a0 \u00a0 \u00a0 \u00a0 \u00a0 \u00a0 \u00a0 \u00a0 \u00a0 \u00a0 \u00a0 \u00a0 \u00a0 \u00a0 \u00a0<\/span><\/h4>\n<p>[\/vc_column_text][\/vc_column][\/vc_row][vc_row][vc_column][vc_empty_space height=\u00bb15&#8243;][\/vc_column][\/vc_row][vc_row][vc_column][vc_column_text]<\/p>\n<div id=\"imPage\">\n<div id=\"imCel0_01\">\n<div id=\"imCel0_01_Cont\">\n<div id=\"imObj0_01\">\n<p class=\"imAlign_justify\"><span style=\"color: #000000;\">Para cumplimentar con el m\u00ednimo de aportes que cada profesional debe integrar conforme con su grupo familiar, la Caja Forense dispone de un esquema TRIMESTRAL de aportaci\u00f3n, que le permite verificar la situaci\u00f3n de los afiliados contabilizando &#8211; siempre &#8211; los \u00faltimos (4) Trimestres (es decir, un per\u00edodo ANUAL que se compone de los \u00faltimos 12 meses).<\/span><\/p>\n<p class=\"imAlign_justify\"><span class=\"ff2 fc0 fs10 \" style=\"color: #000000;\">Este esquema implica que a medida que se inicia un nuevo trimestre, se mantienen los tres (3) trimestres inmediatos anteriores para contabilizar el per\u00edodo anual de los \u00daLTIMOS 4 TRIMESTRES (el actual y los tres inmediatos anteriores).<\/span><\/p>\n<p><span style=\"color: #000000;\">A la fecha de cierre de un trimestre, y siempre que el profesional hubiera mantenido una regularidad de aportes en los tres (3) trimestres anteriores al actual, el m\u00ednimo trimestral que debe aportar un afiliado titular de acuerdo al grupo familiar se rige por la siguiente escala de m\u00ednimos:<\/span><span class=\"ff2 fc0 fs10 \"><br \/>\n<\/span><\/p>\n<p>&nbsp;<\/p>\n<\/div>\n<\/div>\n<\/div>\n<\/div>\n<p>[\/vc_column_text][\/vc_column][\/vc_row][vc_row][vc_column][vc_row_inner][vc_column_inner width=\u00bb1\/4&#8243;][vc_column_text css=\u00bb.vc_custom_1686660775142{background-color: #96cfe8 !important;}\u00bb]<\/p>\n<p style=\"text-align: center;\"><span style=\"color: #000000;\"><strong><span style=\"vertical-align: inherit;\"><span style=\"vertical-align: inherit;\"><span style=\"vertical-align: inherit;\"><span style=\"vertical-align: inherit;\">GRUPO <\/span><\/span><\/span><\/span><\/strong><\/span><\/p>\n<p style=\"text-align: center;\"><span style=\"color: #000000;\"><strong><span style=\"vertical-align: inherit;\"><span style=\"vertical-align: inherit;\"><span style=\"vertical-align: inherit;\"><span style=\"vertical-align: inherit;\">FAMILIAR<\/span><\/span><\/span><\/span><\/strong><\/span><\/p>\n<p>[\/vc_column_text][vc_column_text css=\u00bb.vc_custom_1686663008251{background-color: #fff2c6 !important;}\u00bb]<\/p>\n<table style=\"height: 107px;\" width=\"153\">\n<tbody>\n<tr>\n<td><\/td>\n<\/tr>\n<tr>\n<td style=\"text-align: center;\"><span style=\"color: #000000;\"><strong>TITULAR SOLO<\/strong><\/span><\/td>\n<\/tr>\n<tr>\n<td><\/td>\n<\/tr>\n<\/tbody>\n<\/table>\n<p>[\/vc_column_text][vc_column_text css=\u00bb.vc_custom_1686663598851{background-color: #cbe8ed !important;}\u00bb]<\/p>\n<table style=\"height: 107px;\" width=\"153\">\n<tbody>\n<tr>\n<td><\/td>\n<\/tr>\n<tr>\n<td style=\"text-align: center;\"><span style=\"color: #000000;\"><strong>TITULAR\u00a0<\/strong><\/span><span style=\"color: #000000;\"><strong>+ 1 adherente<\/strong><\/span><\/td>\n<\/tr>\n<tr>\n<td><\/td>\n<\/tr>\n<\/tbody>\n<\/table>\n<p>[\/vc_column_text][vc_column_text css=\u00bb.vc_custom_1686663022435{background-color: #fff2c6 !important;}\u00bb]<\/p>\n<table style=\"height: 107px;\" width=\"153\">\n<tbody>\n<tr>\n<td><\/td>\n<\/tr>\n<tr>\n<td style=\"text-align: center;\"><span style=\"color: #000000;\"><strong>TITULAR\u00a0+ 2 adherentes<\/strong><\/span><\/td>\n<\/tr>\n<tr>\n<td><\/td>\n<\/tr>\n<\/tbody>\n<\/table>\n<p>[\/vc_column_text][vc_column_text css=\u00bb.vc_custom_1686663151200{background-color: #cbe8ed !important;}\u00bb]<\/p>\n<table style=\"height: 107px;\" width=\"153\">\n<tbody>\n<tr>\n<td><\/td>\n<\/tr>\n<tr>\n<td style=\"text-align: center;\"><span style=\"color: #000000;\"><strong>TITULAR + 3 adherentes<\/strong><\/span><\/td>\n<\/tr>\n<tr>\n<td><\/td>\n<\/tr>\n<\/tbody>\n<\/table>\n<p>[\/vc_column_text][vc_column_text css=\u00bb.vc_custom_1686663051564{background-color: #fff2c6 !important;}\u00bb]<\/p>\n<table style=\"height: 107px;\" width=\"153\">\n<tbody>\n<tr>\n<td><\/td>\n<\/tr>\n<tr>\n<td style=\"text-align: center;\"><span style=\"color: #000000;\"><strong>TITULAR\u00a0+ 4 adherentes<\/strong><\/span><\/td>\n<\/tr>\n<tr>\n<td><\/td>\n<\/tr>\n<\/tbody>\n<\/table>\n<p>[\/vc_column_text][\/vc_column_inner][vc_column_inner width=\u00bb1\/4&#8243;][vc_column_text css=\u00bb.vc_custom_1686660804383{background-color: #96cfe8 !important;background-position: center !important;background-repeat: no-repeat !important;background-size: cover !important;}\u00bb]<\/p>\n<p style=\"text-align: center;\"><span style=\"color: #000000;\"><strong><span style=\"vertical-align: inherit;\"><span style=\"vertical-align: inherit;\"><span style=\"vertical-align: inherit;\"><span style=\"vertical-align: inherit;\">Aporte sugerido\u00a0<\/span><\/span><\/span><\/span><\/strong><\/span><\/p>\n<p style=\"text-align: center;\"><span style=\"color: #000000;\"><strong><span style=\"vertical-align: inherit;\"><span style=\"vertical-align: inherit;\"><span style=\"vertical-align: inherit;\"><span style=\"vertical-align: inherit;\">MENSUAL<\/span><\/span><\/span><\/span><\/strong><\/span><\/p>\n<p>[\/vc_column_text][vc_column_text css=\u00bb.vc_custom_1772744031062{background-color: #fff2c6 !important;}\u00bb]<\/p>\n<table style=\"height: 90px;\" width=\"254\">\n<tbody>\n<tr>\n<td><strong><span style=\"color: #000000;\">MES 1<\/span><\/strong><\/td>\n<td><span style=\"color: #000000;\"><strong>\u00a0$ 137.333<\/strong><\/span><\/td>\n<\/tr>\n<tr>\n<td><strong><span style=\"color: #000000;\">MES 2<\/span><\/strong><\/td>\n<td><span style=\"color: #000000;\"><strong>$ 137.333<\/strong><\/span><\/td>\n<\/tr>\n<tr>\n<td><strong><span style=\"color: #000000;\">MES 3<\/span><\/strong><\/td>\n<td style=\"text-align: left;\"><span style=\"color: #000000;\"><strong>$ 137.333<\/strong><\/span><\/td>\n<\/tr>\n<\/tbody>\n<\/table>\n<p>[\/vc_column_text][vc_column_text css=\u00bb.vc_custom_1772744100190{background-color: #cbe8ed !important;}\u00bb]<\/p>\n<table style=\"height: 90px;\" width=\"254\">\n<tbody>\n<tr>\n<td><strong><span style=\"color: #000000;\">MES 1<\/span><\/strong><\/td>\n<td><span style=\"color: #000000;\"><strong>$254.000<\/strong><\/span><\/td>\n<\/tr>\n<tr>\n<td><strong><span style=\"color: #000000;\">MES 2<\/span><\/strong><\/td>\n<td><span style=\"color: #000000;\"><strong>$254.000<\/strong><\/span><\/td>\n<\/tr>\n<tr>\n<td><strong><span style=\"color: #000000;\">MES 3<\/span><\/strong><\/td>\n<td style=\"text-align: left;\"><span style=\"color: #000000;\"><strong>$254.000<\/strong><\/span><\/td>\n<\/tr>\n<\/tbody>\n<\/table>\n<p>[\/vc_column_text][vc_column_text css=\u00bb.vc_custom_1772744158743{background-color: #fff2c6 !important;}\u00bb]<\/p>\n<table style=\"height: 92px;\" width=\"254\">\n<tbody>\n<tr>\n<td><strong><span style=\"color: #000000;\">MES 1<\/span><\/strong><\/td>\n<td><span style=\"color: #000000;\"><strong>$350.000<\/strong><\/span><\/td>\n<\/tr>\n<tr>\n<td><strong><span style=\"color: #000000;\">MES 2<\/span><\/strong><\/td>\n<td><span style=\"color: #000000;\"><strong>$350.000<\/strong><\/span><\/td>\n<\/tr>\n<tr>\n<td><strong><span style=\"color: #000000;\">MES 3<\/span><\/strong><\/td>\n<td style=\"text-align: left;\"><span style=\"color: #000000;\"><strong>$350.000<\/strong><\/span><\/td>\n<\/tr>\n<\/tbody>\n<\/table>\n<p>[\/vc_column_text][vc_column_text css=\u00bb.vc_custom_1772744893974{background-color: #cbe8ed !important;}\u00bb]<\/p>\n<table style=\"height: 92px;\" width=\"254\">\n<tbody>\n<tr>\n<td><strong><span style=\"color: #000000;\">MES 1<\/span><\/strong><\/td>\n<td><span style=\"color: #000000;\"><strong>$ 446.000<\/strong><\/span><\/td>\n<\/tr>\n<tr>\n<td><strong><span style=\"color: #000000;\">MES 2<\/span><\/strong><\/td>\n<td><strong><span style=\"color: #000000;\">$ 446.000<\/span><\/strong><\/td>\n<\/tr>\n<tr>\n<td><strong><span style=\"color: #000000;\">MES 3<\/span><\/strong><\/td>\n<td style=\"text-align: left;\"><span style=\"color: #000000;\"><strong>$ 446.000<\/strong><\/span><\/td>\n<\/tr>\n<\/tbody>\n<\/table>\n<p>[\/vc_column_text][vc_column_text css=\u00bb.vc_custom_1772744926100{background-color: #fff2c6 !important;}\u00bb]<\/p>\n<table style=\"height: 92px;\" width=\"254\">\n<tbody>\n<tr>\n<td><strong><span style=\"color: #000000;\">MES 1<\/span><\/strong><\/td>\n<td><span style=\"color: #000000;\"><strong>$ 542.000<\/strong><\/span><\/td>\n<\/tr>\n<tr>\n<td><strong><span style=\"color: #000000;\">MES 2<\/span><\/strong><\/td>\n<td><span style=\"color: #000000;\"><strong>$ 542.000<\/strong><\/span><\/td>\n<\/tr>\n<tr>\n<td><strong><span style=\"color: #000000;\">MES 3<\/span><\/strong><\/td>\n<td style=\"text-align: left;\"><span style=\"color: #000000;\"><strong>$ <strong>542.000<\/strong><\/strong><\/span><\/td>\n<\/tr>\n<\/tbody>\n<\/table>\n<p>[\/vc_column_text][\/vc_column_inner][vc_column_inner width=\u00bb1\/4&#8243;][vc_column_text css=\u00bb.vc_custom_1686660847487{background-color: #96cfe8 !important;}\u00bb]<\/p>\n<p style=\"text-align: center;\"><strong><span style=\"color: #000000;\"><span style=\"vertical-align: inherit;\"><span style=\"vertical-align: inherit;\">Aporte Sugerido <\/span><\/span><\/span><\/strong><\/p>\n<p style=\"text-align: center;\"><strong><span style=\"color: #000000;\"><span style=\"vertical-align: inherit;\"><span style=\"vertical-align: inherit;\">TRIMESTRAL<\/span><\/span><\/span><\/strong><\/p>\n<p>[\/vc_column_text][vc_column_text css=\u00bb.vc_custom_1772744048245{background-color: #fff2c6 !important;}\u00bb]<\/p>\n<table style=\"height: 107px;\" width=\"153\">\n<tbody>\n<tr>\n<td><\/td>\n<\/tr>\n<tr>\n<td style=\"text-align: center;\"><span style=\"color: #ff0000;\"><strong>$412.000<\/strong><\/span><\/td>\n<\/tr>\n<tr>\n<td><\/td>\n<\/tr>\n<\/tbody>\n<\/table>\n<h4 style=\"text-align: center;\"><\/h4>\n<p>[\/vc_column_text][vc_column_text css=\u00bb.vc_custom_1772744120975{background-color: #cbe8ed !important;}\u00bb]<\/p>\n<table style=\"height: 107px;\" width=\"153\">\n<tbody>\n<tr>\n<td><\/td>\n<\/tr>\n<tr>\n<td style=\"text-align: center;\"><span style=\"color: #ff0000;\"><strong>$762.000<\/strong><\/span><\/td>\n<\/tr>\n<tr>\n<td><\/td>\n<\/tr>\n<\/tbody>\n<\/table>\n<p>[\/vc_column_text][vc_column_text css=\u00bb.vc_custom_1772744179319{background-color: #fff2c6 !important;}\u00bb]<\/p>\n<table style=\"height: 107px;\" width=\"153\">\n<tbody>\n<tr>\n<td><\/td>\n<\/tr>\n<tr>\n<td style=\"text-align: center;\"><span style=\"color: #ff0000;\"><strong>$1.050.000<\/strong><\/span><\/td>\n<\/tr>\n<tr>\n<td><\/td>\n<\/tr>\n<\/tbody>\n<\/table>\n<p>[\/vc_column_text][vc_column_text css=\u00bb.vc_custom_1772744803103{background-color: #cbe8ed !important;}\u00bb]<\/p>\n<table style=\"height: 107px;\" width=\"153\">\n<tbody>\n<tr>\n<td><\/td>\n<\/tr>\n<tr>\n<td style=\"text-align: center;\"><span style=\"color: #ff0000;\"><strong>$1.338.000<\/strong><\/span><\/td>\n<\/tr>\n<tr>\n<td><\/td>\n<\/tr>\n<\/tbody>\n<\/table>\n<p>[\/vc_column_text][vc_column_text css=\u00bb.vc_custom_1772744840989{background-color: #fff2c6 !important;}\u00bb]<\/p>\n<table style=\"height: 107px;\" width=\"153\">\n<tbody>\n<tr>\n<td><\/td>\n<\/tr>\n<tr>\n<td style=\"text-align: center;\"><span style=\"color: #ff0000;\"><strong>$1.626.000<\/strong><\/span><\/td>\n<\/tr>\n<tr>\n<td><\/td>\n<\/tr>\n<\/tbody>\n<\/table>\n<p>[\/vc_column_text][\/vc_column_inner][vc_column_inner width=\u00bb1\/4&#8243;][vc_column_text css=\u00bb.vc_custom_1686660927566{background-color: #96cfe8 !important;}\u00bb]<\/p>\n<p style=\"text-align: center;\"><strong><span style=\"vertical-align: inherit; color: #000000;\"><span style=\"vertical-align: inherit;\">COSTO MENSUAL\u00a0<\/span><\/span><\/strong><\/p>\n<p style=\"text-align: center;\"><strong><span style=\"color: #000000;\">POR INTEGRANTE<\/span><\/strong><\/p>\n<p>[\/vc_column_text][vc_column_text css=\u00bb.vc_custom_1772744063134{background-color: #fff2c6 !important;}\u00bb]<\/p>\n<table style=\"height: 107px;\" width=\"153\">\n<tbody>\n<tr>\n<td><\/td>\n<\/tr>\n<tr>\n<td style=\"text-align: center;\"><span style=\"color: #000080;\"><strong>$137.333<\/strong><\/span><\/td>\n<\/tr>\n<tr>\n<td><\/td>\n<\/tr>\n<\/tbody>\n<\/table>\n<h4 style=\"text-align: center;\"><\/h4>\n<p>[\/vc_column_text][vc_column_text css=\u00bb.vc_custom_1772744136478{background-color: #cbe8ed !important;}\u00bb]<\/p>\n<table style=\"height: 107px;\" width=\"153\">\n<tbody>\n<tr>\n<td><\/td>\n<\/tr>\n<tr>\n<td style=\"text-align: center;\"><span style=\"color: #000080;\"><strong>$127.000<\/strong><\/span><\/td>\n<\/tr>\n<tr>\n<td><\/td>\n<\/tr>\n<\/tbody>\n<\/table>\n<p>[\/vc_column_text][vc_column_text css=\u00bb.vc_custom_1772744778721{background-color: #fff2c6 !important;}\u00bb]<\/p>\n<table style=\"height: 107px;\" width=\"153\">\n<tbody>\n<tr>\n<td><\/td>\n<\/tr>\n<tr>\n<td style=\"text-align: center;\"><span style=\"color: #000080;\"><strong>$116.667<\/strong><\/span><\/td>\n<\/tr>\n<tr>\n<td><\/td>\n<\/tr>\n<\/tbody>\n<\/table>\n<p>[\/vc_column_text][vc_column_text css=\u00bb.vc_custom_1772744823288{background-color: #cbe8ed !important;}\u00bb]<\/p>\n<table style=\"height: 107px;\" width=\"153\">\n<tbody>\n<tr>\n<td><\/td>\n<\/tr>\n<tr>\n<td style=\"text-align: center;\"><span style=\"color: #000080;\"><strong>$111.500<\/strong><\/span><\/td>\n<\/tr>\n<tr>\n<td><\/td>\n<\/tr>\n<\/tbody>\n<\/table>\n<p>[\/vc_column_text][vc_column_text css=\u00bb.vc_custom_1772744865821{background-color: #fff2c6 !important;}\u00bb]<\/p>\n<table style=\"height: 107px;\" width=\"153\">\n<tbody>\n<tr>\n<td><\/td>\n<\/tr>\n<tr>\n<td style=\"text-align: center;\"><span style=\"color: #000080;\"><strong>$108.400<\/strong><\/span><\/td>\n<\/tr>\n<tr>\n<td><\/td>\n<\/tr>\n<\/tbody>\n<\/table>\n<p>[\/vc_column_text][\/vc_column_inner][\/vc_row_inner][vc_column_text]<br \/>\n[\/vc_column_text][vc_column_text]<br \/>\n[\/vc_column_text][vc_empty_space][vc_row_inner][vc_column_inner width=\u00bb1\/2&#8243;][vc_column_text css=\u00bb.vc_custom_1686664446811{background-color: #ddadad !important;}\u00bb]<\/p>\n<h5 style=\"text-align: center;\"><span style=\"color: #000000;\"><strong>MONTO PARA ACCEDER\u00a0<\/strong><strong>AL SISTEMA DIFERENCIANDO<\/strong><\/span><\/h5>\n<p>[\/vc_column_text][\/vc_column_inner][vc_column_inner width=\u00bb1\/2&#8243;][vc_column_text css=\u00bb.vc_custom_1772744970937{background-color: #ddb1b1 !important;}\u00bb]<\/p>\n<h5 style=\"text-align: center;\"><strong><span style=\"color: #000000;\">\u00a0$6.700.000<br \/>\n<\/span><\/strong><\/h5>\n<p>[\/vc_column_text][\/vc_column_inner][\/vc_row_inner][vc_empty_space][\/vc_column][\/vc_row][vc_row][vc_column][vc_column_text css=\u00bb.vc_custom_1506971150331{background-color: #1e73be !important;}\u00bb]<\/p>\n<h5><span class=\"aligncenter\" style=\"color: #ffffff;\">\u00a0 \u00a0FECHA DE CIERRE DE CADA TRIMESTRE \u00a0 \u00a0 \u00a0 \u00a0 \u00a0 \u00a0 \u00a0 \u00a0 \u00a0 \u00a0 \u00a0 \u00a0 \u00a0 \u00a0 \u00a0 \u00a0 \u00a0 \u00a0 \u00a0 \u00a0 \u00a0 \u00a0 \u00a0 \u00a0 \u00a0 \u00a0 \u00a0 \u00a0 \u00a0 \u00a0 \u00a0 \u00a0 \u00a0 \u00a0 \u00a0<\/span><\/h5>\n<p>[\/vc_column_text][\/vc_column][\/vc_row][vc_row][vc_column][vc_empty_space height=\u00bb15px\u00bb][\/vc_column][\/vc_row][vc_row][vc_column][vc_column_text]<\/p>\n<p><span style=\"color: #000000;\">Para cumplimentar los aportes minimos requeridos trimestralmente, los afiliados deber\u00e1n tener en cuenta las fechas que se detallan en el calendario adjunto, correspondiente a los vencimientos de trimestres. Se recomienda antes de los vencimientos consultar en Secci\u00f3n Contadur\u00eda el m\u00ednimo de aportes que cada afiliado debe efectuar de acuerdo con el grupo familiar a su cargo. Recuerde que puede consultar el estado de sus aportes a trav\u00e9s del Sistema Web de Caja Forense.<\/span><\/p>\n<p>[\/vc_column_text][\/vc_column][\/vc_row][vc_row][vc_column][vc_empty_space height=\u00bb15px\u00bb][\/vc_column][\/vc_row][vc_row][vc_column][vc_column_text css=\u00bb.vc_custom_1540820047106{background-color: #1e73be !important;}\u00bb]<\/p>\n<h5><strong><span style=\"color: #0000ff;\">\u00a0 \u00a0<span style=\"color: #ffffff;\">Las fechas de vencimiento de trimestres\u00a0de todos los a\u00f1os son las siguientes: \u00a0 \u00a0 \u00a0 \u00a0 \u00a0 \u00a0 \u00a0 \u00a0 \u00a0 \u00a0 \u00a0 \u00a0 \u00a0 \u00a0 \u00a0 \u00a0 \u00a0 \u00a0<\/span><\/span><\/strong><\/h5>\n<p>[\/vc_column_text][\/vc_column][\/vc_row][vc_row][vc_column][vc_empty_space height=\u00bb15px\u00bb][\/vc_column][\/vc_row][vc_row][vc_column][vc_column_text css=\u00bb\u00bb]<\/p>\n<ul>\n<li>\n<h5><span style=\"color: #000000;\">29\u00a0de Febrero<\/span><\/h5>\n<\/li>\n<li>\n<h5><span style=\"color: #000000;\">30 de Mayo<\/span><\/h5>\n<\/li>\n<li>\n<h5><span style=\"color: #000000;\">29 de Agosto<\/span><\/h5>\n<\/li>\n<li>\n<h5><span style=\"color: #000000;\">28 de Noviembre<\/span><\/h5>\n<\/li>\n<\/ul>\n<p>[\/vc_column_text][\/vc_column][\/vc_row]<\/p>\n<\/div>","protected":false},"excerpt":{"rendered":"<p>[vc_row][vc_column][vc_column_text css=\u00bb.vc_custom_1486216599539{background-color: #004b74 !important;}\u00bb] \u00a0 \u00a0PERIODO ANUAL DE APORTES: Ultimos 4 trimestres \u00a0 \u00a0 \u00a0 \u00a0 \u00a0 \u00a0 \u00a0 \u00a0 \u00a0 \u00a0 \u00a0 \u00a0 \u00a0 \u00a0 \u00a0 \u00a0 \u00a0 \u00a0 \u00a0 \u00a0 \u00a0 \u00a0 \u00a0 \u00a0 \u00a0 \u00a0 \u00a0 \u00a0 \u00a0 \u00a0 \u00a0 \u00a0 \u00a0 \u00a0 \u00a0 \u00a0 \u00a0 \u00a0 \u00a0 \u00a0 [\/vc_column_text][\/vc_column][\/vc_row][vc_row][vc_column][vc_empty_space height=\u00bb15&#8243;][\/vc_column][\/vc_row][vc_row][vc_column][vc_column_text] Para&hellip;<\/p>\n","protected":false},"author":1,"featured_media":0,"parent":0,"menu_order":0,"comment_status":"closed","ping_status":"closed","template":"","meta":{"footnotes":""},"class_list":["post-496","page","type-page","status-publish","hentry","description-off"],"_links":{"self":[{"href":"https:\/\/www.cajaforensesantafe.org.ar\/index.php?rest_route=\/wp\/v2\/pages\/496","targetHints":{"allow":["GET"]}}],"collection":[{"href":"https:\/\/www.cajaforensesantafe.org.ar\/index.php?rest_route=\/wp\/v2\/pages"}],"about":[{"href":"https:\/\/www.cajaforensesantafe.org.ar\/index.php?rest_route=\/wp\/v2\/types\/page"}],"author":[{"embeddable":true,"href":"https:\/\/www.cajaforensesantafe.org.ar\/index.php?rest_route=\/wp\/v2\/users\/1"}],"replies":[{"embeddable":true,"href":"https:\/\/www.cajaforensesantafe.org.ar\/index.php?rest_route=%2Fwp%2Fv2%2Fcomments&post=496"}],"version-history":[{"count":131,"href":"https:\/\/www.cajaforensesantafe.org.ar\/index.php?rest_route=\/wp\/v2\/pages\/496\/revisions"}],"predecessor-version":[{"id":3312,"href":"https:\/\/www.cajaforensesantafe.org.ar\/index.php?rest_route=\/wp\/v2\/pages\/496\/revisions\/3312"}],"wp:attachment":[{"href":"https:\/\/www.cajaforensesantafe.org.ar\/index.php?rest_route=%2Fwp%2Fv2%2Fmedia&parent=496"}],"curies":[{"name":"wp","href":"https:\/\/api.w.org\/{rel}","templated":true}]}}