{"id":501,"date":"2015-08-13T03:27:29","date_gmt":"2015-08-13T03:27:29","guid":{"rendered":"https:\/\/www.cajaforensesantafe.org.ar\/?page_id=501"},"modified":"2026-03-05T21:12:09","modified_gmt":"2026-03-05T21:12:09","slug":"sist-diferenciado","status":"publish","type":"page","link":"https:\/\/www.cajaforensesantafe.org.ar\/?page_id=501","title":{"rendered":"SIST. DIFERENCIADO"},"content":{"rendered":"<div class=\"wpb-content-wrapper\"><p>[vc_row][vc_column][vc_column_text css=\u00bb.vc_custom_1640786600243{background-color: #1e73be !important;}\u00bb]<\/p>\n<p style=\"text-align: center;\"><span style=\"color: #ffffff;\"><strong>COMO ACCEDER AL SISTEMA DIFERENCIADO (S\/D)<\/strong><\/span><\/p>\n<p>[\/vc_column_text][\/vc_column][\/vc_row][vc_row][vc_column][vc_empty_space][\/vc_column][\/vc_row][vc_row][vc_column][vc_column_text]<span style=\"color: #000000;\">Podr\u00e1n acceder al sistema diferenciado los afiliados beneficiarios que durante un mismo trimestre superen el monto de aportes establecido como m\u00ednimo para dicha categor\u00eda. Esta situaci\u00f3n podr\u00e1 ser consultada antes del cierre de cada trimestre en la Secci\u00f3n Contadur\u00eda.<\/span><\/p>\n<p><span style=\"color: #000000;\">Al finalizar cada trimestre, se procede a la liquidaci\u00f3n administrativa de los aportes recaudados y los afiliados que hubieran alcanzado (o superado) los montos establecidos, acceden al Sistema Diferenciado por uno, dos\u00a0 o tres a\u00f1os o hasta que se agote el monto aportado.<\/span>[\/vc_column_text][\/vc_column][\/vc_row][vc_row][vc_column][vc_empty_space][\/vc_column][\/vc_row][vc_row][vc_column][vc_column_text css=\u00bb.vc_custom_1640783979976{background-color: #1e73be !important;}\u00bb]<\/p>\n<p style=\"text-align: center;\"><span style=\"color: #ffffff;\"><strong>ESCALA DE S\/D (Aportes Trimestrales)<\/strong><\/span><\/p>\n<p>[\/vc_column_text][\/vc_column][\/vc_row][vc_row][vc_column][vc_empty_space][\/vc_column][\/vc_row][vc_row][vc_column][vc_column_text]<\/p>\n<p><span style=\"color: #000000;\">El Directorio de la Caja Forense estableci\u00f3 los\u00a0plazos de duraci\u00f3n\u00a0del S\/D, de acuerdo con la siguiente progresi\u00f3n de aportes:<\/span><\/p>\n<p>[\/vc_column_text][\/vc_column][\/vc_row][vc_row][vc_column][vc_empty_space][\/vc_column][\/vc_row][vc_row][vc_column][vc_column_text css=\u00bb.vc_custom_1772745109511{background-color: #1e73be !important;}\u00bb]<\/p>\n<table style=\"border-color: #0066ff; height: 130px; width: 92.7831%;\" width=\"536\">\n<tbody>\n<tr style=\"height: 64px;\">\n<td style=\"border-color: #ffffff; background-color: #007bff; text-align: center; height: 64px;\">\n<p style=\"text-align: center;\"><span style=\"color: #ffffff;\">\u00a0<strong><em>Si el total de aportes en un<\/em><\/strong><\/span><\/p>\n<p><span style=\"color: #ffffff;\"><strong><em>mismo trimestre asciende a:<\/em><\/strong><\/span><\/td>\n<td style=\"border-color: #ffffff; background-color: #429eff; text-align: center; height: 64px;\"><strong><span style=\"color: #ffffff;\"><em>\u00a0 \u00a0 el S\/D se extender\u00e1 por:<\/em><\/span><\/strong><\/td>\n<\/tr>\n<tr style=\"height: 22px;\">\n<td style=\"border-color: #0066ff; background-color: #e3eeff; text-align: center; height: 22px;\"><strong><span style=\"color: #3366ff;\">\u00a0$ 6<b><span class=\"x_x_x_x_gmail-x_x_ecxff5\">.700.000<\/span><\/b><\/span><\/strong><\/td>\n<td style=\"border-color: #0066ff; background-color: #cadefc; text-align: center; height: 22px;\"><strong><span style=\"color: #000000;\">\u00a0Un (1) a\u00f1o<\/span><\/strong><\/td>\n<\/tr>\n<tr style=\"height: 22px;\">\n<td style=\"border-color: #0066ff; background-color: #deebff; text-align: center; height: 22px;\"><span style=\"color: #3366ff;\"><strong>\u00a0$ 20.100.000<\/strong><\/span><\/td>\n<td style=\"border-color: #0066ff; background-color: #cadefc; text-align: center; height: 22px;\"><span style=\"color: #000000;\"><strong>\u00a0Dos (2) a\u00f1os<\/strong><\/span><\/td>\n<\/tr>\n<tr style=\"height: 22px;\">\n<td style=\"border-color: #0066ff; background-color: #e3eeff; text-align: center; height: 22px;\"><strong>\u00a0<span style=\"color: #3366ff;\">$ 40.200.000<\/span><\/strong><\/td>\n<td style=\"border-color: #0066ff; background-color: #cadefc; text-align: center; height: 22px;\"><span style=\"color: #000000;\"><strong>\u00a0Tres (3) a\u00f1os<\/strong><\/span><\/td>\n<\/tr>\n<\/tbody>\n<\/table>\n<p>[\/vc_column_text][\/vc_column][\/vc_row][vc_row][vc_column][vc_empty_space][\/vc_column][\/vc_row][vc_row][vc_column][vc_column_text css=\u00bb.vc_custom_1640785516486{background-color: #1e73be !important;}\u00bb]<\/p>\n<p style=\"text-align: center;\"><span style=\"color: #ffffff;\"><strong>MODALIDAD DE COBERTURA<\/strong><\/span><\/p>\n<p>[\/vc_column_text][\/vc_column][\/vc_row][vc_row][vc_column][vc_empty_space][\/vc_column][\/vc_row][vc_row][vc_column][vc_column_text]<span style=\"color: #000000;\">El Sistema Diferenciado (S\/D) se conforma con el 38% del monto aportado en un trimestre (cuando haya superado alguna de las categor\u00edas mencionadas) y constituye una reserva cuya finalidad consiste en la cobertura <strong><em>parcial o total de los coseguros que demande cada pr\u00e1ctica que el afiliado titular o alg\u00fan miembro de su grupo familiar activo deban realizarse<\/em><\/strong>.<\/span><\/p>\n<p><span style=\"color: #000000;\">Mediante el Sistema Diferenciado, la Caja Forense cubre <strong><em><u>hasta<\/u><\/em><\/strong> el 100% de la prestaci\u00f3n de acuerdo a los Convenios firmados por esta Instituci\u00f3n o <strong><em><u>hasta<\/u><\/em><\/strong> los topes establecidos por Directorio para cada prestador y\/o pr\u00e1ctica.<\/span>[\/vc_column_text][\/vc_column][\/vc_row][vc_row][vc_column][vc_empty_space][\/vc_column][\/vc_row][vc_row][vc_column][vc_column_text css=\u00bb.vc_custom_1640785608031{background-color: #1e73be !important;}\u00bb]<\/p>\n<p style=\"text-align: center;\"><span style=\"color: #ffffff;\"><strong>TEMPORALIDAD: INICIO y CANCELACI\u00d3N<\/strong><\/span><\/p>\n<p>[\/vc_column_text][\/vc_column][\/vc_row][vc_row][vc_column][vc_empty_space][\/vc_column][\/vc_row][vc_row][vc_column][vc_column_text]<span style=\"color: #000000;\"><strong><em>El Afiliado Beneficiario podr\u00e1 comenzar a utilizar el Sistema Diferenciado a partir de la finalizaci\u00f3n de la liquidaci\u00f3n del trimestre<\/em><\/strong> en el que cubri\u00f3 el m\u00ednimo para esa categor\u00eda (aproximadamente a los 15 d\u00edas de cada cierre).<\/span><\/p>\n<p><span style=\"color: #000000;\">El monto generado como Sistema Diferenciado se mantiene durante el per\u00edodo que corresponda (uno, dos o tres a\u00f1os) o <strong><em>hasta que se agote y quede cancelado por su utilizaci\u00f3n (lo que ocurra primero)<\/em><\/strong>.<\/span>[\/vc_column_text][\/vc_column][\/vc_row]<\/p>\n<\/div>","protected":false},"excerpt":{"rendered":"<p>[vc_row][vc_column][vc_column_text css=\u00bb.vc_custom_1640786600243{background-color: #1e73be !important;}\u00bb] COMO ACCEDER AL SISTEMA DIFERENCIADO (S\/D) [\/vc_column_text][\/vc_column][\/vc_row][vc_row][vc_column][vc_empty_space][\/vc_column][\/vc_row][vc_row][vc_column][vc_column_text]Podr\u00e1n acceder al sistema diferenciado los afiliados beneficiarios que durante un mismo trimestre superen el monto de aportes establecido como m\u00ednimo para dicha categor\u00eda. Esta situaci\u00f3n podr\u00e1 ser consultada antes del cierre de cada trimestre en la Secci\u00f3n Contadur\u00eda. Al finalizar cada trimestre, se procede&hellip;<\/p>\n","protected":false},"author":1,"featured_media":0,"parent":0,"menu_order":0,"comment_status":"closed","ping_status":"closed","template":"","meta":{"footnotes":""},"class_list":["post-501","page","type-page","status-publish","hentry","description-off"],"_links":{"self":[{"href":"https:\/\/www.cajaforensesantafe.org.ar\/index.php?rest_route=\/wp\/v2\/pages\/501","targetHints":{"allow":["GET"]}}],"collection":[{"href":"https:\/\/www.cajaforensesantafe.org.ar\/index.php?rest_route=\/wp\/v2\/pages"}],"about":[{"href":"https:\/\/www.cajaforensesantafe.org.ar\/index.php?rest_route=\/wp\/v2\/types\/page"}],"author":[{"embeddable":true,"href":"https:\/\/www.cajaforensesantafe.org.ar\/index.php?rest_route=\/wp\/v2\/users\/1"}],"replies":[{"embeddable":true,"href":"https:\/\/www.cajaforensesantafe.org.ar\/index.php?rest_route=%2Fwp%2Fv2%2Fcomments&post=501"}],"version-history":[{"count":45,"href":"https:\/\/www.cajaforensesantafe.org.ar\/index.php?rest_route=\/wp\/v2\/pages\/501\/revisions"}],"predecessor-version":[{"id":3913,"href":"https:\/\/www.cajaforensesantafe.org.ar\/index.php?rest_route=\/wp\/v2\/pages\/501\/revisions\/3913"}],"wp:attachment":[{"href":"https:\/\/www.cajaforensesantafe.org.ar\/index.php?rest_route=%2Fwp%2Fv2%2Fmedia&parent=501"}],"curies":[{"name":"wp","href":"https:\/\/api.w.org\/{rel}","templated":true}]}}