{"id":503,"date":"2015-08-13T03:28:21","date_gmt":"2015-08-13T03:28:21","guid":{"rendered":"https:\/\/www.cajaforensesantafe.org.ar\/?page_id=503"},"modified":"2026-03-09T11:05:58","modified_gmt":"2026-03-09T11:05:58","slug":"plan-ingresante","status":"publish","type":"page","link":"https:\/\/www.cajaforensesantafe.org.ar\/?page_id=503","title":{"rendered":"PLAN INGRESANTE"},"content":{"rendered":"<div class=\"wpb-content-wrapper\"><p>[vc_row][vc_column][vc_column_text]<\/p>\n<h4><span style=\"color: #000000;\">Para conocer todos los requisitos para la inscripci\u00f3n al\u00a0PLAN INGRESANTE<\/span><\/h4>\n<p><span style=\"color: #0000ff;\"><a href=\"https:\/\/www.cajaforensesantafe.org.ar\/wp-content\/uploads\/2023\/05\/plan-ingresante-2023.pdf\">ingrese aqu\u00ed<\/a><\/span>[\/vc_column_text][\/vc_column][\/vc_row][vc_row][vc_column][vc_empty_space][\/vc_column][\/vc_row][vc_row][vc_column][vc_column_text css=\u00bb\u00bb]<\/p>\n<div id=\"imPage\">\n<div id=\"imCel0_01\">\n<div id=\"imCel0_01_Cont\">\n<div id=\"imObj0_01\">\n<h4 class=\"imAlign_left\"><span class=\"ff3 fc3 fs12 fb \" style=\"color: #000000;\">Preguntas Frecuentes:<\/span><\/h4>\n<p>&nbsp;<\/p>\n<ul class=\"imBullet\">\n<li class=\"imAlign_left\"><span class=\"ff3 fc2 fs10 \"><a class=\"ImLink\" title=\"\" href=\"https:\/\/www.cajaforensesantafe.org.ar\/wp-content\/uploads\/2016\/03\/1_pregunta.pdf\" target=\"_blank\" rel=\"noopener\">\u00bfQu\u00e9 cubre el aporte Plan Ingresante?<\/a><\/span><\/li>\n<\/ul>\n<ul class=\"imBullet\">\n<li class=\"imAlign_left\"><span class=\"ff3 fc2 fs10 \"><a class=\"ImLink\" title=\"\" href=\"https:\/\/www.cajaforensesantafe.org.ar\/wp-content\/uploads\/2022\/05\/02-Qu\u00e9-conceptos-NO-CUBRE-el-aporte-PLAN-INGRESANTE.pdf\" target=\"_blank\" rel=\"noopener\">\u00bfQu\u00e9 conceptos NO CUBRE el aporte Plan Ingresante?<\/a><\/span><\/li>\n<\/ul>\n<ul class=\"imBullet\">\n<li class=\"imAlign_left\"><span class=\"ff3 fc2 fs10 \"><a class=\"ImLink\" title=\"\" href=\"https:\/\/www.cajaforensesantafe.org.ar\/wp-content\/uploads\/2022\/05\/03-Qu\u00e9-ocurre-si-el-ingresante-tiene-aportes-judiciales.pdf\" target=\"_blank\" rel=\"noopener\">\u00bfQu\u00e9 ocurre si el ingresante tiene aportes judiciales?<\/a><\/span><\/li>\n<\/ul>\n<ul class=\"imBullet\">\n<li class=\"imAlign_left\"><span class=\"ff3 fc0 fs10 \"><a class=\"ImLink\" title=\"\" href=\"https:\/\/www.cajaforensesantafe.org.ar\/wp-content\/uploads\/2016\/03\/4_pregunta.pdf\" target=\"_blank\" rel=\"noopener\">\u00bfCu\u00e1ndo se hacen exigibles los Aportes Plan Ingresante?<\/a><\/span><\/li>\n<\/ul>\n<ul class=\"imBullet\">\n<li class=\"imAlign_left\"><span class=\"ff3 fc2 fs10 \"><a class=\"ImLink\" title=\"\" href=\"https:\/\/www.cajaforensesantafe.org.ar\/wp-content\/uploads\/2016\/03\/5_pregunta.pdf\" target=\"_blank\" rel=\"noopener\">\u00bfC\u00f3mo se computan los aportes Plan Ingresantes?<\/a><\/span><\/li>\n<\/ul>\n<ul class=\"imBullet\">\n<li class=\"imAlign_left\"><span class=\"ff3 fc2 fs10 \"><a class=\"ImLink\" title=\"\" href=\"https:\/\/www.cajaforensesantafe.org.ar\/wp-content\/uploads\/2022\/05\/06-Qu\u00e9-ocurre-despu\u00e9s-de-los-5-a\u00f1os.pdf\" target=\"_blank\" rel=\"noopener\">\u00bfQu\u00e9 ocurre despu\u00e9s de los 5 a\u00f1os?<\/a><\/span><\/li>\n<\/ul>\n<ul class=\"imBullet\">\n<li class=\"imAlign_left\"><span class=\"ff3 fc0 fs10 \"><a class=\"ImLink\" title=\"\" href=\"https:\/\/www.cajaforensesantafe.org.ar\/wp-content\/uploads\/2016\/03\/08_pregunta.pdf\" target=\"_blank\" rel=\"noopener\">\u00bfQu\u00e9 ocurre si se agrega un adherente en medio de un trimestre y ya se abon\u00f3 uno o dos meses como Plan Ingresante?<\/a><\/span><\/li>\n<\/ul>\n<p>&nbsp;<\/p>\n<h4 class=\"imAlign_center\"><span class=\"ff3 fc0 fs10 \" style=\"color: #000000;\">Para descargar el reglamento vigente para el Plan Ingresante<br \/>\npresione el siguiente enlace:<\/span><\/h4>\n<p><a href=\"https:\/\/www.cajaforensesantafe.org.ar\/wp-content\/uploads\/2016\/03\/plan_ingresantes_reglamento.pdf\" target=\"_blank\" rel=\"noopener\"> Modificaci\u00f3n al cap\u00edtulo 13 del reglamento general<\/a><br \/>\n<a href=\"https:\/\/www.cajaforensesantafe.org.ar\/wp-content\/uploads\/2016\/03\/plan_ingresantes_reglamento.pdf\" target=\"_blank\" rel=\"noopener\"> sistema de integraci\u00f3n de aportes m\u00ednimos<\/a><a class=\"ImLink\" title=\"\"><br \/>\n<\/a><\/p>\n<p><a class=\"ImLink\" title=\"\">\u00a0<\/a><\/p>\n<\/div>\n<\/div>\n<\/div>\n<div id=\"imCel0_00\">\n<div id=\"imCel0_00_Cont\">\n<div id=\"imObj0_00\">\n<h4 class=\"imAlign_center\"><span class=\"ff2 fc0 fs10 \" style=\"color: #000000;\">Ud. puede descargar la escala de aportes de Plan Ingresante haciendo click en el siguiente bot\u00f3n:<\/span><\/h4>\n<h4 class=\"imAlign_center\"><strong><span style=\"color: #0000ff;\"><a style=\"color: #0000ff;\" href=\"https:\/\/www.cajaforensesantafe.org.ar\/wp-content\/uploads\/2026\/03\/2026-Escala-PLAN-INGRESANTE-Desde-01-03-2026-1-1.pdf\" target=\"_blank\" rel=\"noopener\">PLAN INGRESANTE<\/a><\/span><\/strong><\/h4>\n<p><a href=\"https:\/\/www.cajaforensesantafe.org.ar\/wp-content\/uploads\/2023\/08\/2023-Escala-PLAN-INGRESANTE-Desde-01-09-2023.pdf\"><span class=\"ff2 fc0 fs10 \">\u00a0<\/span><\/a><\/p>\n<\/div>\n<\/div>\n<\/div>\n<div id=\"imCel0_02\"><\/div>\n<\/div>\n<p>[\/vc_column_text][\/vc_column][\/vc_row]<\/p>\n<\/div>","protected":false},"excerpt":{"rendered":"<p>[vc_row][vc_column][vc_column_text] Para conocer todos los requisitos para la inscripci\u00f3n al\u00a0PLAN INGRESANTE ingrese aqu\u00ed[\/vc_column_text][\/vc_column][\/vc_row][vc_row][vc_column][vc_empty_space][\/vc_column][\/vc_row][vc_row][vc_column][vc_column_text css=\u00bb\u00bb] Preguntas Frecuentes: &nbsp; \u00bfQu\u00e9 cubre el aporte Plan Ingresante? \u00bfQu\u00e9 conceptos NO CUBRE el aporte Plan Ingresante? \u00bfQu\u00e9 ocurre si el ingresante tiene aportes judiciales? \u00bfCu\u00e1ndo se hacen exigibles los Aportes Plan Ingresante? \u00bfC\u00f3mo se computan los aportes Plan Ingresantes? \u00bfQu\u00e9&hellip;<\/p>\n","protected":false},"author":1,"featured_media":0,"parent":0,"menu_order":0,"comment_status":"closed","ping_status":"closed","template":"","meta":{"footnotes":""},"class_list":["post-503","page","type-page","status-publish","hentry","description-off"],"_links":{"self":[{"href":"https:\/\/www.cajaforensesantafe.org.ar\/index.php?rest_route=\/wp\/v2\/pages\/503","targetHints":{"allow":["GET"]}}],"collection":[{"href":"https:\/\/www.cajaforensesantafe.org.ar\/index.php?rest_route=\/wp\/v2\/pages"}],"about":[{"href":"https:\/\/www.cajaforensesantafe.org.ar\/index.php?rest_route=\/wp\/v2\/types\/page"}],"author":[{"embeddable":true,"href":"https:\/\/www.cajaforensesantafe.org.ar\/index.php?rest_route=\/wp\/v2\/users\/1"}],"replies":[{"embeddable":true,"href":"https:\/\/www.cajaforensesantafe.org.ar\/index.php?rest_route=%2Fwp%2Fv2%2Fcomments&post=503"}],"version-history":[{"count":54,"href":"https:\/\/www.cajaforensesantafe.org.ar\/index.php?rest_route=\/wp\/v2\/pages\/503\/revisions"}],"predecessor-version":[{"id":3919,"href":"https:\/\/www.cajaforensesantafe.org.ar\/index.php?rest_route=\/wp\/v2\/pages\/503\/revisions\/3919"}],"wp:attachment":[{"href":"https:\/\/www.cajaforensesantafe.org.ar\/index.php?rest_route=%2Fwp%2Fv2%2Fmedia&parent=503"}],"curies":[{"name":"wp","href":"https:\/\/api.w.org\/{rel}","templated":true}]}}