{"id":509,"date":"2015-08-13T03:30:23","date_gmt":"2015-08-13T03:30:23","guid":{"rendered":"https:\/\/www.cajaforensesantafe.org.ar\/?page_id=509"},"modified":"2024-11-04T23:33:15","modified_gmt":"2024-11-04T23:33:15","slug":"transferencia-bancaria","status":"publish","type":"page","link":"https:\/\/www.cajaforensesantafe.org.ar\/?page_id=509","title":{"rendered":"TRANSFERENCIA BANCARIA"},"content":{"rendered":"<div id=\"imPage\">\n<div id=\"imCel0_00\">\n<div id=\"imCel0_00_Cont\">\n<p class=\"imAlign_justify\"><span class=\"ff2 fc3 fs10 fb \"> Datos Requeridos para efectuar una Transferencia<\/span><\/p>\n<p class=\"imAlign_justify\"><span class=\"ff2 fc3 fs10 fb \"> a la CUENTA CORRIENTE de CAJA FORENSE de SANTA FE<\/span><\/p>\n<h5 id=\"imObj0_00\"><span class=\"ff2 fc0 fs5 \"><br \/>\n<\/span><span class=\"ff2 fc4 fs10 fb \"><strong>Cta. Cte.<\/strong> <span style=\"color: #0000ff;\">N\u00ba <\/span><\/span><span class=\"ff3 fc0 fs14 \" style=\"color: #0000ff;\">8\/03 <\/span><span class=\"ff3 fc0 fs10 \">(Nuevo Banco de Santa Fe &#8211; Agencia Tribunales)<\/span><span class=\"ff2 fc0 fs10 \"><br \/>\n<\/span><span class=\"ff2 fc4 fs8 \"><br \/>\n<\/span><strong><span class=\"ff2 fc4 fs10 fb \">C.B.U. <\/span><\/strong><span class=\"ff3 fc0 fs14 \" style=\"color: #0000ff;\">3300505615050000008032<\/span><span class=\"ff2 fc0 fs10 \"><br \/>\n<\/span><span class=\"ff2 fc0 fs8 \"><br \/>\n<\/span><strong><span class=\"ff2 fc4 fs10 fb \">C.U.I.T. <\/span><\/strong><span class=\"ff3 fc0 fs14 \"><span style=\"color: #0000ff;\">30636486309<\/span><br \/>\n<\/span><span class=\"ff3 fc0 fs8 \"><br \/>\n<\/span><span class=\"ff2 fc4 fs10 fb \">I.V.A. <\/span><span class=\"ff3 fc2 fs14 \" style=\"color: #0000ff;\">Exento<\/span><\/h5>\n<\/div>\n<p><strong>COMUNICACI\u00d3N DE LA TRANSFERENCIA A CONTADUR\u00cdA DE CAJA FORENSE:<\/strong><\/p>\n<p>Cada vez que Ud. efect\u00fae una transferencia hacia la Cta. Cte. de la Caja Forense (8\/03 del N.B.S.F.), deber\u00e1 COMUNICARLA al \u00c1rea Contadur\u00eda, al siguiente correo electr\u00f3nico:\u00a0<strong>contaduria@cajaforensesantafe.org.ar<\/strong>\u00a0en forma inmediata. Caso contrario, el monto transferido no podr\u00e1 ser acreditado. En dicho mail, deber\u00e1 incluir los DATOS del depositante y el CONCEPTO que justifica la transferencia.<\/p>\n<div id=\"imCel0_00_Cont\">\n<p class=\"imAlign_justify\"><span class=\"ff2 fc3 fs10 fb \">CONSTANCIA DE INSCRIPCI\u00d3N DE CAJA FORENSE (AFIP)<br \/>\n<\/span><span class=\"ff2 fc2 fs4 \"><br \/>\n<\/span><\/p>\n<p class=\"imAlign_left\"><span class=\"ff3 fc2 fs10 \">Presione <\/span><span class=\"ff3 fc4 fs10 fb \"><a class=\"ImLink\" title=\"\" href=\"https:\/\/seti.afip.gob.ar\/padron-puc-constancia-internet\/ConsultaConstanciaAction.do\">aqu\u00ed<\/a>\u00a0<\/span><span class=\"ff3 fc2 fs10 \">para obtener la Constancia actualizada de la Caja Forense en la A.F.I.P.<br \/>\ny luego incluya la CBU que figura mas arriba.<\/span><\/p>\n<\/div>\n<\/div>\n<\/div>\n","protected":false},"excerpt":{"rendered":"<p>Datos Requeridos para efectuar una Transferencia a la CUENTA CORRIENTE de CAJA FORENSE de SANTA FE Cta. Cte. N\u00ba 8\/03 (Nuevo Banco de Santa Fe &#8211; Agencia Tribunales) C.B.U. 3300505615050000008032 C.U.I.T. 30636486309 I.V.A. Exento COMUNICACI\u00d3N DE LA TRANSFERENCIA A CONTADUR\u00cdA DE CAJA FORENSE: Cada vez que Ud. efect\u00fae una transferencia hacia la Cta. Cte. de&hellip;<\/p>\n","protected":false},"author":1,"featured_media":0,"parent":0,"menu_order":0,"comment_status":"closed","ping_status":"closed","template":"","meta":{"footnotes":""},"class_list":["post-509","page","type-page","status-publish","hentry","description-off"],"_links":{"self":[{"href":"https:\/\/www.cajaforensesantafe.org.ar\/index.php?rest_route=\/wp\/v2\/pages\/509","targetHints":{"allow":["GET"]}}],"collection":[{"href":"https:\/\/www.cajaforensesantafe.org.ar\/index.php?rest_route=\/wp\/v2\/pages"}],"about":[{"href":"https:\/\/www.cajaforensesantafe.org.ar\/index.php?rest_route=\/wp\/v2\/types\/page"}],"author":[{"embeddable":true,"href":"https:\/\/www.cajaforensesantafe.org.ar\/index.php?rest_route=\/wp\/v2\/users\/1"}],"replies":[{"embeddable":true,"href":"https:\/\/www.cajaforensesantafe.org.ar\/index.php?rest_route=%2Fwp%2Fv2%2Fcomments&post=509"}],"version-history":[{"count":8,"href":"https:\/\/www.cajaforensesantafe.org.ar\/index.php?rest_route=\/wp\/v2\/pages\/509\/revisions"}],"predecessor-version":[{"id":3519,"href":"https:\/\/www.cajaforensesantafe.org.ar\/index.php?rest_route=\/wp\/v2\/pages\/509\/revisions\/3519"}],"wp:attachment":[{"href":"https:\/\/www.cajaforensesantafe.org.ar\/index.php?rest_route=%2Fwp%2Fv2%2Fmedia&parent=509"}],"curies":[{"name":"wp","href":"https:\/\/api.w.org\/{rel}","templated":true}]}}