{"id":511,"date":"2015-08-13T03:31:19","date_gmt":"2015-08-13T03:31:19","guid":{"rendered":"https:\/\/www.cajaforensesantafe.org.ar\/?page_id=511"},"modified":"2024-11-04T23:30:31","modified_gmt":"2024-11-04T23:30:31","slug":"prestamos-asistenciales","status":"publish","type":"page","link":"https:\/\/www.cajaforensesantafe.org.ar\/?page_id=511","title":{"rendered":"Prestamos Asistenciales"},"content":{"rendered":"<div id=\"imPage\">\n<div id=\"imCel0_00\">\n<div id=\"imCel0_00_Cont\">\n<div id=\"imObj0_00\">\n<p><strong><span class=\"ff3 fc3 fs12 fb \" style=\"color: #0000ff;\">Pr\u00e9stamos Asistenciales (contra presentaci\u00f3n de gastos)<\/span><\/strong><\/p>\n<p class=\"imAlign_justify\"><span class=\"ff3 fc0 fs10 \">Esta l\u00ednea de pr\u00e9stamos est\u00e1 dispuesta para aquellos casos en que el afiliado deba hacer frente a una pr\u00e1ctica de alto costo; para la adquisici\u00f3n de materiales espec\u00edficos para el tratamiento de su dolencia, pr\u00f3tesis, etc.<br \/>\n<\/span><\/p>\n<p class=\"imAlign_justify\"><span class=\"ff3 fc0 fs10 \" style=\"color: #000000;\">Para acceder a este beneficio, se deber\u00e1 presentar:<\/span><\/p>\n<ul class=\"imBullet\">\n<li class=\"imAlign_justify\"><span class=\"ff3 fc0 fs10 \">Nota dirigida al Directorio solicitando el otorgamiento del pr\u00e9stamo asistencial;<\/span><\/li>\n<li class=\"imAlign_justify\"><span class=\"ff3 fc0 fs10 \">El presupuesto correspondiente;<\/span><\/li>\n<li class=\"imAlign_justify\"><span class=\"ff3 fc0 fs10 \">La prescripci\u00f3n m\u00e9dica que la solicita (y para los casos en que Auditor\u00eda M\u00e9dica lo requiera, tambi\u00e9n la historia cl\u00ednica y dem\u00e1s antecedentes m\u00e9dicos)<\/span><\/li>\n<\/ul>\n<p class=\"imAlign_justify\"><span class=\"ff3 fc0 fs10 \"><br \/>\nUna vez aprobado el mismo, la Caja Forense emitir\u00e1 una orden de pago para la adquisici\u00f3n y\/o cancelaci\u00f3n del costo de la prestaci\u00f3n, debiendo el afiliado exigir al prestador la documentaci\u00f3n pertinente de los gastos efectuados, para ser presentada ante Obra Social a los efectos de:<\/span><\/p>\n<ul class=\"imBullet\">\n<li class=\"imAlign_justify\"><span class=\"ff3 fc0 fs10 \">Deducirlos de la orden de pago extendida originalmente;<\/span><\/li>\n<li class=\"imAlign_justify\"><span class=\"ff3 fc0 fs10 \">Efectuar el reconocimiento del porcentaje que corresponda a la prestaci\u00f3n o pr\u00e1ctica; y<\/span><\/li>\n<li class=\"imAlign_justify\"><span class=\"ff3 fc0 fs10 \">Determinar el monto del PRESTAMO ASISTENCIAL cuyo reintegro se acordar\u00e1 con el Afiliado, en cuotas accesibles y de acuerdo al monto total.<\/span><\/li>\n<\/ul>\n<\/div>\n<\/div>\n<\/div>\n<\/div>\n","protected":false},"excerpt":{"rendered":"<p>Pr\u00e9stamos Asistenciales (contra presentaci\u00f3n de gastos) Esta l\u00ednea de pr\u00e9stamos est\u00e1 dispuesta para aquellos casos en que el afiliado deba hacer frente a una pr\u00e1ctica de alto costo; para la adquisici\u00f3n de materiales espec\u00edficos para el tratamiento de su dolencia, pr\u00f3tesis, etc. Para acceder a este beneficio, se deber\u00e1 presentar: Nota dirigida al Directorio solicitando&hellip;<\/p>\n","protected":false},"author":1,"featured_media":0,"parent":0,"menu_order":0,"comment_status":"closed","ping_status":"closed","template":"","meta":{"footnotes":""},"class_list":["post-511","page","type-page","status-publish","hentry","description-off"],"_links":{"self":[{"href":"https:\/\/www.cajaforensesantafe.org.ar\/index.php?rest_route=\/wp\/v2\/pages\/511","targetHints":{"allow":["GET"]}}],"collection":[{"href":"https:\/\/www.cajaforensesantafe.org.ar\/index.php?rest_route=\/wp\/v2\/pages"}],"about":[{"href":"https:\/\/www.cajaforensesantafe.org.ar\/index.php?rest_route=\/wp\/v2\/types\/page"}],"author":[{"embeddable":true,"href":"https:\/\/www.cajaforensesantafe.org.ar\/index.php?rest_route=\/wp\/v2\/users\/1"}],"replies":[{"embeddable":true,"href":"https:\/\/www.cajaforensesantafe.org.ar\/index.php?rest_route=%2Fwp%2Fv2%2Fcomments&post=511"}],"version-history":[{"count":3,"href":"https:\/\/www.cajaforensesantafe.org.ar\/index.php?rest_route=\/wp\/v2\/pages\/511\/revisions"}],"predecessor-version":[{"id":3517,"href":"https:\/\/www.cajaforensesantafe.org.ar\/index.php?rest_route=\/wp\/v2\/pages\/511\/revisions\/3517"}],"wp:attachment":[{"href":"https:\/\/www.cajaforensesantafe.org.ar\/index.php?rest_route=%2Fwp%2Fv2%2Fmedia&parent=511"}],"curies":[{"name":"wp","href":"https:\/\/api.w.org\/{rel}","templated":true}]}}