{"id":513,"date":"2015-08-13T03:32:26","date_gmt":"2015-08-13T03:32:26","guid":{"rendered":"https:\/\/www.cajaforensesantafe.org.ar\/?page_id=513"},"modified":"2024-11-04T23:28:44","modified_gmt":"2024-11-04T23:28:44","slug":"regulariz-deudas","status":"publish","type":"page","link":"https:\/\/www.cajaforensesantafe.org.ar\/?page_id=513","title":{"rendered":"Regularizaci\u00f3n de Deudas"},"content":{"rendered":"<p><span style=\"color: #3366ff;\"><strong>REGULARIZACI\u00d3N\u00a0DE DEUDAS CON TARJETAS DE CREDITO <\/strong><\/span><\/p>\n<p><span style=\"color: #000000;\"><strong>\u00a0<\/strong><\/span><\/p>\n<p><span style=\"color: #000000;\">Consultar en Contadur\u00eda las formas y modalidades de cada tarjeta, de acuerdo a lo estipulado por la entidad bancaria emisora.<\/span><\/p>\n<p><span style=\"color: #000000;\"><strong>\u00a0<\/strong><\/span><\/p>\n<p><span style=\"color: #3366ff;\"><strong>SUBSIDIO PARA REGULARIZACI\u00d3N DE DEUDAS<\/strong><\/span><\/p>\n<p><span style=\"color: #000000;\">\u00a0<\/span><\/p>\n<p><span style=\"color: #000000;\">El Directorio implement\u00f3 un sistema de SUBSIDIOS REINTEGRABLES PLAN CUOTAS Y DEUDAS ASISTENCIALES.<\/span><\/p>\n<p><span style=\"color: #000000;\">El objetivo perseguido es que \u201ctodos los afiliados puedan acceder a la totalidad de los beneficios institucionales de manera directa, cumpliendo uno de los prop\u00f3sitos de nuestra ley\u201d.<\/span><\/p>\n<p><span style=\"color: #000000;\">\u00a0<\/span><\/p>\n<p><span style=\"color: #000000;\">A los efectos de ofrecer una herramienta de pago a los afiliados ACTIVOS NORMALES que adeuden:<\/span><\/p>\n<ul>\n<li><span style=\"color: #000000;\">Cuota de Obra Social.<\/span><\/li>\n<li><span style=\"color: #000000;\">Deuda Asistencial.<\/span><\/li>\n<li><span style=\"color: #000000;\">Coseguros originados en la autorizaci\u00f3n de pr\u00e1cticas ambulatorias.<\/span><\/li>\n<\/ul>\n<p><span style=\"color: #000000;\">\u00a0<\/span><\/p>\n<p><span style=\"color: #3366ff;\"><strong><em>C\u00d3MO GESTIONAR LA REGULARIZACI\u00d3N<\/em><\/strong><\/span><\/p>\n<p><span style=\"color: #000000;\">Para regularizar sus deudas con este Subsidio, el afiliado debe:<\/span><\/p>\n<p><span style=\"color: #000000;\">\u00a0<\/span><\/p>\n<ol>\n<li><span style=\"color: #000000;\">Encontrarse como ACTIVO NORMAL (es decir, haber cumplimentado el m\u00ednimo anual de aportes);<\/span><\/li>\n<li><span style=\"color: #000000;\">Remitirse a la secci\u00f3n CONTADUR\u00cdA, donde previa verificaci\u00f3n de la situaci\u00f3n del profesional y de las deudas que posee, se elaborar\u00e1 un presupuesto para que el afiliado pueda observar su viabilidad de pago.<\/span><\/li>\n<li><span style=\"color: #000000;\">En caso de aceptar alguna de las propuestas, se completar\u00e1 la documentaci\u00f3n correspondiente (solicitud y pagar\u00e9) en la misma secci\u00f3n.<\/span><\/li>\n<li><span style=\"color: #000000;\">Presentar un garante que re\u00fana las mismas condiciones que el solicitante, para firmar el documento respectivo.<\/span><\/li>\n<\/ol>\n<p><span style=\"color: #000000;\"><strong>\u00a0<\/strong><\/span><\/p>\n<p><span style=\"color: #3366ff;\"><strong><em>CARACTER\u00cdSTICA DEL SUBSIDIO<\/em><\/strong><\/span><\/p>\n<p><span style=\"color: #000000;\">El subsidio otorgado podr\u00e1 ser cancelado mediante una entrega y cuotas mensuales fijas, seg\u00fan tasa de inter\u00e9s vigente a la fecha del acuerdo<em>.<\/em><\/span><\/p>\n","protected":false},"excerpt":{"rendered":"<p>REGULARIZACI\u00d3N\u00a0DE DEUDAS CON TARJETAS DE CREDITO \u00a0 Consultar en Contadur\u00eda las formas y modalidades de cada tarjeta, de acuerdo a lo estipulado por la entidad bancaria emisora. \u00a0 SUBSIDIO PARA REGULARIZACI\u00d3N DE DEUDAS \u00a0 El Directorio implement\u00f3 un sistema de SUBSIDIOS REINTEGRABLES PLAN CUOTAS Y DEUDAS ASISTENCIALES. El objetivo perseguido es que \u201ctodos los afiliados&hellip;<\/p>\n","protected":false},"author":1,"featured_media":0,"parent":0,"menu_order":0,"comment_status":"closed","ping_status":"closed","template":"","meta":{"footnotes":""},"class_list":["post-513","page","type-page","status-publish","hentry","description-off"],"_links":{"self":[{"href":"https:\/\/www.cajaforensesantafe.org.ar\/index.php?rest_route=\/wp\/v2\/pages\/513","targetHints":{"allow":["GET"]}}],"collection":[{"href":"https:\/\/www.cajaforensesantafe.org.ar\/index.php?rest_route=\/wp\/v2\/pages"}],"about":[{"href":"https:\/\/www.cajaforensesantafe.org.ar\/index.php?rest_route=\/wp\/v2\/types\/page"}],"author":[{"embeddable":true,"href":"https:\/\/www.cajaforensesantafe.org.ar\/index.php?rest_route=\/wp\/v2\/users\/1"}],"replies":[{"embeddable":true,"href":"https:\/\/www.cajaforensesantafe.org.ar\/index.php?rest_route=%2Fwp%2Fv2%2Fcomments&post=513"}],"version-history":[{"count":11,"href":"https:\/\/www.cajaforensesantafe.org.ar\/index.php?rest_route=\/wp\/v2\/pages\/513\/revisions"}],"predecessor-version":[{"id":3518,"href":"https:\/\/www.cajaforensesantafe.org.ar\/index.php?rest_route=\/wp\/v2\/pages\/513\/revisions\/3518"}],"wp:attachment":[{"href":"https:\/\/www.cajaforensesantafe.org.ar\/index.php?rest_route=%2Fwp%2Fv2%2Fmedia&parent=513"}],"curies":[{"name":"wp","href":"https:\/\/api.w.org\/{rel}","templated":true}]}}