{"id":536,"date":"2015-08-13T03:40:52","date_gmt":"2015-08-13T03:40:52","guid":{"rendered":"https:\/\/www.cajaforensesantafe.org.ar\/?page_id=536"},"modified":"2025-07-30T13:54:56","modified_gmt":"2025-07-30T13:54:56","slug":"leyes-y-convenios","status":"publish","type":"page","link":"https:\/\/www.cajaforensesantafe.org.ar\/?page_id=536","title":{"rendered":"Leyes y Convenios"},"content":{"rendered":"<div id=\"imCel0_00\">\n<div id=\"imCel0_00_Cont\">\n<div id=\"imObj0_00\">\n<p class=\"imAlign_left\"><span class=\"ff3 fc0 fs10 \">Sr. Profesional:<\/span><\/p>\n<p>Ud. podr\u00e1 descargar los textos completos de las siguientes leyes:<\/p>\n<ul class=\"imBullet\">\n<li class=\"imAlign_left\"><span class=\"ff3 fc0 fs10 \"><a class=\"ImLink\" title=\"\" href=\"https:\/\/www.cajaforensesantafe.org.ar\/wp-content\/uploads\/2016\/06\/LEY-CAJA-FORENSE.pdf\" target=\"_blank\" rel=\"noopener\">Ley de Caja Forense (N\u00ba 4.949, t.o. 10.436)<\/a> <\/span><\/li>\n<\/ul>\n<ul class=\"imBullet\">\n<li class=\"imAlign_left\"><span class=\"ff3 fc0 fs10 \"><a class=\"ImLink\" title=\"\" href=\"https:\/\/www.cajaforensesantafe.org.ar\/wp-content\/uploads\/2025\/07\/Ley-6767-12851-14130.pdf\" target=\"_blank\" rel=\"noopener\">Ley de Aranceles (N\u00ba 6.767 \/ 12.851\/ 14130)<\/a><\/span><\/li>\n<\/ul>\n<ul class=\"imBullet\">\n<li class=\"imAlign_left\"><span class=\"ff3 fc0 fs10 \"><a class=\"ImLink\" title=\"\" href=\"https:\/\/www.cajaforensesantafe.org.ar\/wp-content\/uploads\/2024\/12\/Ley10727.pdf\" target=\"_blank\" rel=\"noopener\">Ley de Caja de Seguridad Social de Abogados y Procuradores (N\u00ba 10.727)<\/a><\/span><\/li>\n<\/ul>\n<\/div>\n<\/div>\n<\/div>\n<p><span style=\"color: #0000ff;\"><b><span lang=\"ES-TRAD\">CONVENIOS DE PAGO DE APORTES<\/span><\/b><br \/>\n<\/span><span style=\"color: #0000ff;\"><br \/>\n<span lang=\"ES-TRAD\">\u00a0<\/span><u>CONDICIONES<\/u><\/span><span style=\"color: #0000ff; font-size: large;\"><br \/>\n<\/span><\/p>\n<ul>\n<li><span style=\"color: #000000; font-size: large;\">Ser afiliado activo sin deuda alguna con la Caja Forense.<\/span><\/li>\n<li><span style=\"color: #000000; font-size: large;\">Constar los aportes a Caja de Jubilaciones o la celebraci\u00f3n de convenio con dicha Instituci\u00f3n<\/span><\/li>\n<li><span style=\"color: #000000; font-size: large;\">S\u00f3lo ser\u00e1n admisibles en: a) juicios sucesorios; b) desalojos; c) procesos iniciados para homologaci\u00f3n de convenios.<\/span><\/li>\n<li><span style=\"color: #000000; font-size: large;\">No se autorizar\u00e1 la suscripci\u00f3n de convenios donde existan fondos depositados judicialmente.<\/span><\/li>\n<li><span style=\"color: #000000; font-size: large;\">Cada afiliado s\u00f3lo podr\u00e1 tener hasta dos (2) convenios vigentes en forma simult\u00e1nea en las causas antes mencionadas.<\/span><\/li>\n<li><span style=\"color: #000000; font-size: large;\">El monto m\u00ednimo del convenio por aportes ser\u00e1 el equivalente a dos (2) unidades jus, considerando su valor a la fecha de suscripci\u00f3n.<\/span><\/li>\n<li><span style=\"color: #000000; font-size: large;\">A partir del 01 de enero de 2024 los convenios no se prorrogar\u00e1n, respetando las condiciones de los suscriptos con anterioridad a aquella fecha.<\/span><\/li>\n<li><span style=\"color: #000000; font-size: large;\">Para formalizar convenio, se deber\u00e1 proceder a realizar la precarga del expediente y la remisi\u00f3n (f\u00edsica o digital) al fiscalizador asignado mediante los procedimientos habituales.<\/span><\/li>\n<\/ul>\n","protected":false},"excerpt":{"rendered":"<p>Sr. Profesional: Ud. podr\u00e1 descargar los textos completos de las siguientes leyes: Ley de Caja Forense (N\u00ba 4.949, t.o. 10.436) Ley de Aranceles (N\u00ba 6.767 \/ 12.851\/ 14130) Ley de Caja de Seguridad Social de Abogados y Procuradores (N\u00ba 10.727) CONVENIOS DE PAGO DE APORTES \u00a0CONDICIONES Ser afiliado activo sin deuda alguna con la Caja&hellip;<\/p>\n","protected":false},"author":1,"featured_media":0,"parent":0,"menu_order":0,"comment_status":"closed","ping_status":"closed","template":"","meta":{"footnotes":""},"class_list":["post-536","page","type-page","status-publish","hentry","description-off"],"_links":{"self":[{"href":"https:\/\/www.cajaforensesantafe.org.ar\/index.php?rest_route=\/wp\/v2\/pages\/536","targetHints":{"allow":["GET"]}}],"collection":[{"href":"https:\/\/www.cajaforensesantafe.org.ar\/index.php?rest_route=\/wp\/v2\/pages"}],"about":[{"href":"https:\/\/www.cajaforensesantafe.org.ar\/index.php?rest_route=\/wp\/v2\/types\/page"}],"author":[{"embeddable":true,"href":"https:\/\/www.cajaforensesantafe.org.ar\/index.php?rest_route=\/wp\/v2\/users\/1"}],"replies":[{"embeddable":true,"href":"https:\/\/www.cajaforensesantafe.org.ar\/index.php?rest_route=%2Fwp%2Fv2%2Fcomments&post=536"}],"version-history":[{"count":13,"href":"https:\/\/www.cajaforensesantafe.org.ar\/index.php?rest_route=\/wp\/v2\/pages\/536\/revisions"}],"predecessor-version":[{"id":3685,"href":"https:\/\/www.cajaforensesantafe.org.ar\/index.php?rest_route=\/wp\/v2\/pages\/536\/revisions\/3685"}],"wp:attachment":[{"href":"https:\/\/www.cajaforensesantafe.org.ar\/index.php?rest_route=%2Fwp%2Fv2%2Fmedia&parent=536"}],"curies":[{"name":"wp","href":"https:\/\/api.w.org\/{rel}","templated":true}]}}