{"id":538,"date":"2015-08-13T03:41:55","date_gmt":"2015-08-13T03:41:55","guid":{"rendered":"https:\/\/www.cajaforensesantafe.org.ar\/?page_id=538"},"modified":"2026-04-07T14:35:05","modified_gmt":"2026-04-07T14:35:05","slug":"escala-de-honorarios","status":"publish","type":"page","link":"https:\/\/www.cajaforensesantafe.org.ar\/?page_id=538","title":{"rendered":"ESCALAS DE HONORARIOS"},"content":{"rendered":"<div class=\"wpb-content-wrapper\"><p>[vc_row][vc_column][vc_column_text]<\/p>\n<div id=\"imPage\">\n<div id=\"imCel0_00\">\n<div id=\"imCel0_00_Cont\">\n<div id=\"imObj0_00\">\n<p class=\"imAlign_justify\"><span class=\"ff2 fc0 fs10 \" style=\"color: #000000;\">APLICACI\u00d3N DE LA LEY 6767 CON LA MODIFICACI\u00d3N DE LA LEY 12.851<\/span><\/p>\n<p><span style=\"color: #000000;\">Sr.\/a Profesional:<\/span><\/p>\n<p><span style=\"color: #000000;\">Atento a la entrada en vigencia de la Ley 12.851, publicamos un archivo con la tabla para la regulaci\u00f3n de honorarios seg\u00fan la cuant\u00eda de los juicios, su valuaci\u00f3n en IUS con los respectivos m\u00ednimos y m\u00e1ximos y un programa (en Excel) a los fines de poder de modo sencillo determinar dichos m\u00ednimos y m\u00e1ximos conforme la ley. (Los mismos se encuentran disponibles para su descarga al final de esta noticia)<\/span><\/p>\n<p><span style=\"color: #000000;\">A los fines de evitar el desgaste jurisdiccional que importar\u00eda plantear los recursos pertinentes, la Caja Forense ha dispuesto que todas las regulaciones de fecha anterior al 23 de junio de 2008 y que sean posterior a la entrada en vigencia de la ley 12.851, no ser\u00e1n conformadas y ser\u00e1n reenviadas a cada Juzgado a fin de posibilitar sean ajustadas a lo dispuesto en la misma. A partir de dicha fecha, 23 de junio, a los fines de otorgar la conformidad con la ley de aranceles, las regulaciones deber\u00e1n ajustarse a la normativa vigente.<\/span><\/p>\n<p><span style=\"color: #000000;\">Quedamos a disposici\u00f3n para evacuar cualquier consulta a los fines de la correcta implementaci\u00f3n de la nueva ley de honorarios.<\/span><\/p>\n<p><span style=\"color: #000000;\">\u00a0<\/span><\/p>\n<\/div>\n<\/div>\n<\/div>\n<\/div>\n<p>[\/vc_column_text][\/vc_column][\/vc_row][vc_row][vc_column][vc_column_text css=\u00bb.vc_custom_1775568934541{background-color: #1e73be !important;}\u00bb]<\/p>\n<h4><a href=\"https:\/\/www.cajaforensesantafe.org.ar\/wp-content\/uploads\/2026\/04\/Calculo-Honorarios-Provincial-Ley-12.851.xls\" target=\"_blank\" rel=\"noopener\"><span style=\"color: #ffffff;\"><strong><span class=\"ff2 fc2 fs10 \">\u00a0C\u00e1lculo\u00a0 Honorarios (Ley 12.851)<\/span><\/strong><\/span><\/a><\/h4>\n<p>[\/vc_column_text][\/vc_column][\/vc_row][vc_row][vc_column][vc_empty_space][\/vc_column][\/vc_row][vc_row][vc_column][vc_column_text css=\u00bb.vc_custom_1775571869428{background-color: #1e73be !important;}\u00bb]<\/p>\n<h4><a href=\"https:\/\/www.cajaforensesantafe.org.ar\/wp-content\/uploads\/2026\/04\/Planilla-Honorarios-Jus-a-128.49437.xls\"><strong><span style=\"color: #ffffff;\">Descargar Planilla de honorarios\u00a0(Ley Prov. 12851)<\/span><\/strong><\/a><\/h4>\n<p>[\/vc_column_text][\/vc_column][\/vc_row][vc_row][vc_column][vc_empty_space][\/vc_column][\/vc_row][vc_row][vc_column][vc_column_text css=\u00bb.vc_custom_1775571520044{background-color: #2bd865 !important;}\u00bb]<\/p>\n<h4><a href=\"https:\/\/www.cajaforensesantafe.org.ar\/wp-content\/uploads\/2026\/04\/Calculo-Honorarios-Federal-Ley-27.423-UMA-a-92.482.xls\" target=\"_blank\" rel=\"noopener\"><span style=\"color: #ffffff;\"><strong>C\u00e1lculo Honorarios (Justicia Nacional y Federal &#8211; Ley 27423)<\/strong><\/span><\/a><\/h4>\n<p>[\/vc_column_text][\/vc_column][\/vc_row]<\/p>\n<\/div>","protected":false},"excerpt":{"rendered":"<p>[vc_row][vc_column][vc_column_text] APLICACI\u00d3N DE LA LEY 6767 CON LA MODIFICACI\u00d3N DE LA LEY 12.851 Sr.\/a Profesional: Atento a la entrada en vigencia de la Ley 12.851, publicamos un archivo con la tabla para la regulaci\u00f3n de honorarios seg\u00fan la cuant\u00eda de los juicios, su valuaci\u00f3n en IUS con los respectivos m\u00ednimos y m\u00e1ximos y un programa&hellip;<\/p>\n","protected":false},"author":1,"featured_media":0,"parent":0,"menu_order":0,"comment_status":"closed","ping_status":"closed","template":"","meta":{"footnotes":""},"class_list":["post-538","page","type-page","status-publish","hentry","description-off"],"_links":{"self":[{"href":"https:\/\/www.cajaforensesantafe.org.ar\/index.php?rest_route=\/wp\/v2\/pages\/538","targetHints":{"allow":["GET"]}}],"collection":[{"href":"https:\/\/www.cajaforensesantafe.org.ar\/index.php?rest_route=\/wp\/v2\/pages"}],"about":[{"href":"https:\/\/www.cajaforensesantafe.org.ar\/index.php?rest_route=\/wp\/v2\/types\/page"}],"author":[{"embeddable":true,"href":"https:\/\/www.cajaforensesantafe.org.ar\/index.php?rest_route=\/wp\/v2\/users\/1"}],"replies":[{"embeddable":true,"href":"https:\/\/www.cajaforensesantafe.org.ar\/index.php?rest_route=%2Fwp%2Fv2%2Fcomments&post=538"}],"version-history":[{"count":141,"href":"https:\/\/www.cajaforensesantafe.org.ar\/index.php?rest_route=\/wp\/v2\/pages\/538\/revisions"}],"predecessor-version":[{"id":3946,"href":"https:\/\/www.cajaforensesantafe.org.ar\/index.php?rest_route=\/wp\/v2\/pages\/538\/revisions\/3946"}],"wp:attachment":[{"href":"https:\/\/www.cajaforensesantafe.org.ar\/index.php?rest_route=%2Fwp%2Fv2%2Fmedia&parent=538"}],"curies":[{"name":"wp","href":"https:\/\/api.w.org\/{rel}","templated":true}]}}