{"id":541,"date":"2015-08-13T03:42:50","date_gmt":"2015-08-13T03:42:50","guid":{"rendered":"https:\/\/www.cajaforensesantafe.org.ar\/?page_id=541"},"modified":"2024-11-04T23:31:06","modified_gmt":"2024-11-04T23:31:06","slug":"cesion-de-aportes","status":"publish","type":"page","link":"https:\/\/www.cajaforensesantafe.org.ar\/?page_id=541","title":{"rendered":"CESI\u00d3N Y DEVOLUCI\u00d3N DE APORTES"},"content":{"rendered":"<div id=\"imPage\">\n<div id=\"imCel0_01\">\n<div id=\"imCel0_01_Cont\">\n<div id=\"imObj0_01\">\n<h3 class=\"imAlign_justify\"><span style=\"color: #0000ff;\">CESI\u00d3N DE APORTES<\/span><\/h3>\n<p class=\"imAlign_justify\"><span class=\"ff2 fc0 fs10 \" style=\"color: #000000;\">EL DIRECTORIO DE LA CAJA FORENSE RESUELVE:<\/span><\/p>\n<p><span style=\"color: #000000;\">1\u00b0) Que \u00fanicamente podr\u00e1n cederse los aportes establecidos en el art. 4\u00ba de la Ley 10436 aquellos profesionales que hubieren actuado representando a la parte actora o demandada en un litigio y tuvieren regulados honorarios en conjunto y en proporci\u00f3n de ley.-<\/span><\/p>\n<p><span style=\"color: #000000;\">2\u00b0) Si la cesi\u00f3n se efectivizare entre dos profesionales afiliados, el cedente podr\u00e1 transferir al cesionario, a los fines de que fueren imputados a la cuenta de \u00e9ste \u00faltimo, la totalidad de los aportes que correspondan a los honorarios regulados.-<\/span><\/p>\n<p><span style=\"color: #000000;\">3\u00b0) Si la cesi\u00f3n se efectuare de un profesional no afiliado a otro profesional afiliado, la cesi\u00f3n se limitar\u00e1 al ochenta por ciento (80%) de la parte proporcional de los aportes que le corresponde realizar, debiendo en consecuencia efectuarse el veinte por ciento restante a nombre del profesional no afiliado.-<\/span><\/p>\n<p><span style=\"color: #000000;\">4\u00b0) La cesi\u00f3n ser\u00e1 considerada v\u00e1lida por la Caja \u00fanicamente en aquellos supuestos en que la misma se formalizare por escrito en el expediente, requiriendo la previa conformidad de \u00e9sta instituci\u00f3n.-<\/span><\/p>\n<p><span style=\"color: #000000;\">5\u00b0) En aquellos supuestos en que se integrare la totalidad de los aportes que correspondan a los profesionales mencionados en el apartado 1\u00b0, pero sin cumplimentar con los requisitos formales impuestos en el apartado 4\u00b0, la Caja podr\u00e1 prestar la conformidad respecto del monto si se ajustare a los porcentuales correspondientes, pero no efectuar\u00e1 las imputaciones en las cuentas de los afiliados involucrados hasta tanto no se exprese la conformidad de parte del cedente.-<\/span><\/p>\n<p><span style=\"color: #000000;\">Si no se cumplimentare con este requisito en un plazo de sesenta d\u00edas de ser observado, se imputar\u00e1n a favor del cesionario el porcentaje que corresponda por su participaci\u00f3n en autos, imput\u00e1ndose el saldo al fondo solidario.-<\/span><\/p>\n<\/div>\n<h3><span style=\"color: #0000ff;\">DEVOLUCI\u00d3N DE APORTES<\/span><\/h3>\n<h4 class=\"x_MsoNormal\"><\/h4>\n<p><span style=\"color: #000000;\">Se podr\u00e1 solicitar la devoluci\u00f3n de aportes realizados en exceso en un juicio, los que se reintegrar\u00e1n al valor en pesos de lo abonado en m\u00e1s. Dicha devoluci\u00f3n proceder\u00e1 en la medida que no se verifiquen deudas. Si el importe cuyo exceso se pretende recuperar fue imputado para cubrir un trimestre de la obra social, no proceder\u00e1 su devoluci\u00f3n, pero podr\u00e1 solicitarse su imputaci\u00f3n a otro juicio del mismo tipo (Sucesorios u Ordinarios entre s\u00ed).<\/span><\/p>\n<\/div>\n<\/div>\n<\/div>\n","protected":false},"excerpt":{"rendered":"<p>CESI\u00d3N DE APORTES EL DIRECTORIO DE LA CAJA FORENSE RESUELVE: 1\u00b0) Que \u00fanicamente podr\u00e1n cederse los aportes establecidos en el art. 4\u00ba de la Ley 10436 aquellos profesionales que hubieren actuado representando a la parte actora o demandada en un litigio y tuvieren regulados honorarios en conjunto y en proporci\u00f3n de ley.- 2\u00b0) Si la&hellip;<\/p>\n","protected":false},"author":1,"featured_media":0,"parent":0,"menu_order":0,"comment_status":"closed","ping_status":"closed","template":"","meta":{"footnotes":""},"class_list":["post-541","page","type-page","status-publish","hentry","description-off"],"_links":{"self":[{"href":"https:\/\/www.cajaforensesantafe.org.ar\/index.php?rest_route=\/wp\/v2\/pages\/541","targetHints":{"allow":["GET"]}}],"collection":[{"href":"https:\/\/www.cajaforensesantafe.org.ar\/index.php?rest_route=\/wp\/v2\/pages"}],"about":[{"href":"https:\/\/www.cajaforensesantafe.org.ar\/index.php?rest_route=\/wp\/v2\/types\/page"}],"author":[{"embeddable":true,"href":"https:\/\/www.cajaforensesantafe.org.ar\/index.php?rest_route=\/wp\/v2\/users\/1"}],"replies":[{"embeddable":true,"href":"https:\/\/www.cajaforensesantafe.org.ar\/index.php?rest_route=%2Fwp%2Fv2%2Fcomments&post=541"}],"version-history":[{"count":10,"href":"https:\/\/www.cajaforensesantafe.org.ar\/index.php?rest_route=\/wp\/v2\/pages\/541\/revisions"}],"predecessor-version":[{"id":3513,"href":"https:\/\/www.cajaforensesantafe.org.ar\/index.php?rest_route=\/wp\/v2\/pages\/541\/revisions\/3513"}],"wp:attachment":[{"href":"https:\/\/www.cajaforensesantafe.org.ar\/index.php?rest_route=%2Fwp%2Fv2%2Fmedia&parent=541"}],"curies":[{"name":"wp","href":"https:\/\/api.w.org\/{rel}","templated":true}]}}