{"id":557,"date":"2015-08-13T03:52:31","date_gmt":"2015-08-13T03:52:31","guid":{"rendered":"https:\/\/www.cajaforensesantafe.org.ar\/?page_id=557"},"modified":"2024-11-04T15:09:04","modified_gmt":"2024-11-04T15:09:04","slug":"atencion-fuera-de-santa-fe","status":"publish","type":"page","link":"https:\/\/www.cajaforensesantafe.org.ar\/?page_id=557","title":{"rendered":"ATENCI\u00d3N FUERA DE SANTA FE"},"content":{"rendered":"<div class=\"wpb-content-wrapper\"><p>[vc_row][vc_column width=\u00bb1\/1&#8243;][vc_column_text css=\u00bb.vc_custom_1577717386003{background-color: #1e73be !important;}\u00bb]<\/p>\n<p><strong><span class=\"x_ff6 x_fc0 x_fs10 x_fb x_fu\" style=\"color: #ffffff;\">\u00a0Atenci\u00f3n M\u00e9dica Sanatorial FUERA DE LA PROVINCIA y DENTRO DEL PA\u00cdS<\/span><\/strong><\/p>\n<p>[\/vc_column_text][\/vc_column][\/vc_row][vc_row][vc_column width=\u00bb1\/1&#8243;][vc_empty_space height=\u00bb32px\u00bb][\/vc_column][\/vc_row][vc_row][vc_column width=\u00bb1\/1&#8243;][vc_column_text]<\/p>\n<p><span style=\"color: #000000;\">El afiliado podr\u00e1 solicitar atenci\u00f3n m\u00e9dica fuera de la provincia de Santa Fe (dentro del pa\u00eds), \u00fanicamente con los prestadores con los que la Caja haya firmado convenios o a trav\u00e9s de Cajas de Profesionales de otras Provincias, adheridas al sistema de Reciprocidad. En todos los casos deber\u00e1 presentar la Tarjeta Magn\u00e9tica que lo identifica como afiliado, su DNI y derivaci\u00f3n de cobertura otorgada en \u00c1rea Salud.<\/span><\/p>\n<p>[\/vc_column_text][\/vc_column][\/vc_row][vc_row][vc_column width=\u00bb1\/1&#8243;][vc_empty_space height=\u00bb32px\u00bb][\/vc_column][\/vc_row][vc_row][vc_column width=\u00bb1\/1&#8243;][vc_column_text css=\u00bb.vc_custom_1577717840043{background-color: #1f46c6 !important;}\u00bb]<\/p>\n<p><strong><span style=\"color: #ffffff;\">\u00a0 ATENCI\u00d3N PROGRAMADA<\/span><\/strong><\/p>\n<p>[\/vc_column_text][\/vc_column][\/vc_row][vc_row][vc_column width=\u00bb1\/1&#8243;][vc_empty_space height=\u00bb32px\u00bb][\/vc_column][\/vc_row][vc_row][vc_column width=\u00bb1\/1&#8243;][vc_column_text]<\/p>\n<p><span style=\"color: #000000;\">Previamente a la atenci\u00f3n m\u00e9dica fuera de la provincia,<\/span>\u00a0<span style=\"color: #0000ff;\">el afiliado deber\u00e1 solicitar la derivaci\u00f3n de cobertura correspondiente en el \u00c1rea Salud de la Caja<\/span>, <span style=\"color: #000000;\">caso contrario, la Caja no abonar\u00e1 reintegro alguno por ning\u00fan concepto.<\/span><\/p>\n<p>[\/vc_column_text][\/vc_column][\/vc_row][vc_row][vc_column width=\u00bb1\/1&#8243;][vc_empty_space height=\u00bb32px\u00bb][\/vc_column][\/vc_row][vc_row][vc_column width=\u00bb1\/1&#8243;][vc_column_text css=\u00bb.vc_custom_1577717556346{background-color: #1f46c6 !important;}\u00bb]<\/p>\n<p><span style=\"color: #ffffff;\"><strong>\u00a0 \u00a0ATENCI\u00d3N EN URGENCIA<\/strong><\/span><\/p>\n<p>[\/vc_column_text][\/vc_column][\/vc_row][vc_row][vc_column width=\u00bb1\/1&#8243;][vc_empty_space height=\u00bb32px\u00bb][\/vc_column][\/vc_row][vc_row][vc_column width=\u00bb1\/1&#8243;][vc_column_text]<\/p>\n<ul>\n<li><span class=\"x_ff6 x_fc0 x_fs10\" style=\"color: #000000;\">Para casos de urgencias (estando en tr\u00e1nsito) que requieran atenci\u00f3n m\u00e9dica inmediata, el afiliado podr\u00e1 hacer uso de los servicios que ofrecen las Cajas similares de otras provincias en virtud de los convenios de reciprocidad suscriptos por la Caja Forense de Santa Fe, debiendo en este caso presentar a la Caja donde solicita la atenci\u00f3n la siguiente documentaci\u00f3n:<\/span><\/li>\n<\/ul>\n<ul class=\"x_imBullet\">\n<li style=\"list-style-type: none;\">\n<ul>\n<li style=\"list-style-type: none;\">\n<ul>\n<li class=\"x_imAlign_justify\"><span style=\"color: #000000;\">Derivaci\u00f3n de cobertura<\/span><\/li>\n<li class=\"x_imAlign_justify\"><span style=\"color: #000000;\">Credencial de C.F.<\/span><\/li>\n<li class=\"x_imAlign_justify\"><span style=\"color: #000000;\">D.N.I.<\/span><\/li>\n<\/ul>\n<\/li>\n<li class=\"x_imAlign_justify\"><span style=\"color: #000000;\">En caso de<i><u>\u00a0prestaciones de baja complejidad<\/u><\/i>\u00a0(consulta m\u00e9dica, atenci\u00f3n en guardia, compra de medicamentos, etc.) puede solicitarse cobertura por v\u00eda de reintegros con la documental pertinente, ante Caja Forense Santa Fe, \u00c1rea Salud.<\/span><\/li>\n<\/ul>\n<\/li>\n<\/ul>\n<p>[\/vc_column_text][\/vc_column][\/vc_row]<\/p>\n<\/div>","protected":false},"excerpt":{"rendered":"<p>[vc_row][vc_column width=\u00bb1\/1&#8243;][vc_column_text css=\u00bb.vc_custom_1577717386003{background-color: #1e73be !important;}\u00bb] \u00a0Atenci\u00f3n M\u00e9dica Sanatorial FUERA DE LA PROVINCIA y DENTRO DEL PA\u00cdS [\/vc_column_text][\/vc_column][\/vc_row][vc_row][vc_column width=\u00bb1\/1&#8243;][vc_empty_space height=\u00bb32px\u00bb][\/vc_column][\/vc_row][vc_row][vc_column width=\u00bb1\/1&#8243;][vc_column_text] El afiliado podr\u00e1 solicitar atenci\u00f3n m\u00e9dica fuera de la provincia de Santa Fe (dentro del pa\u00eds), \u00fanicamente con los prestadores con los que la Caja haya firmado convenios o a trav\u00e9s de Cajas de Profesionales&hellip;<\/p>\n","protected":false},"author":1,"featured_media":0,"parent":0,"menu_order":0,"comment_status":"closed","ping_status":"closed","template":"","meta":{"footnotes":""},"class_list":["post-557","page","type-page","status-publish","hentry","description-off"],"_links":{"self":[{"href":"https:\/\/www.cajaforensesantafe.org.ar\/index.php?rest_route=\/wp\/v2\/pages\/557","targetHints":{"allow":["GET"]}}],"collection":[{"href":"https:\/\/www.cajaforensesantafe.org.ar\/index.php?rest_route=\/wp\/v2\/pages"}],"about":[{"href":"https:\/\/www.cajaforensesantafe.org.ar\/index.php?rest_route=\/wp\/v2\/types\/page"}],"author":[{"embeddable":true,"href":"https:\/\/www.cajaforensesantafe.org.ar\/index.php?rest_route=\/wp\/v2\/users\/1"}],"replies":[{"embeddable":true,"href":"https:\/\/www.cajaforensesantafe.org.ar\/index.php?rest_route=%2Fwp%2Fv2%2Fcomments&post=557"}],"version-history":[{"count":6,"href":"https:\/\/www.cajaforensesantafe.org.ar\/index.php?rest_route=\/wp\/v2\/pages\/557\/revisions"}],"predecessor-version":[{"id":3490,"href":"https:\/\/www.cajaforensesantafe.org.ar\/index.php?rest_route=\/wp\/v2\/pages\/557\/revisions\/3490"}],"wp:attachment":[{"href":"https:\/\/www.cajaforensesantafe.org.ar\/index.php?rest_route=%2Fwp%2Fv2%2Fmedia&parent=557"}],"curies":[{"name":"wp","href":"https:\/\/api.w.org\/{rel}","templated":true}]}}