{"id":559,"date":"2015-08-13T03:53:31","date_gmt":"2015-08-13T03:53:31","guid":{"rendered":"https:\/\/www.cajaforensesantafe.org.ar\/?page_id=559"},"modified":"2016-05-05T23:27:42","modified_gmt":"2016-05-05T23:27:42","slug":"farmacias-rosario","status":"publish","type":"page","link":"https:\/\/www.cajaforensesantafe.org.ar\/?page_id=559","title":{"rendered":"Farmacias (Rosario)"},"content":{"rendered":"<div id=\"imPage\">\n<div id=\"imCel0_01\">\n<div id=\"imCel0_01_Cont\">\n<div id=\"imObj0_01\">\n<p class=\"imAlign_justify\"><span class=\"ff0 fc2 fs10 \"><img loading=\"lazy\" decoding=\"async\" class=\"imImage\" src=\"https:\/\/www.cajaforensesantafe.org.ar\/images\/botonete.png\" alt=\"\" width=\"23\" height=\"14\" \/><\/span> <span class=\"ff5 fc3 fs12 fb \">COMPRA de MEDICAMENTOS en ROSARIO:<\/span><span class=\"ff5 fc0 fs8 \"><br \/>\n<\/span><\/p>\n<p class=\"imAlign_left\"><span class=\"ff5 fc0 fs5 \"><br \/>\n<\/span><span class=\"ff5 fc0 fs10 \">Para comprar medicamentos en la ciudad de Rosario, consulte las FARMACIAS QUE FIGURAN EN ESTE <\/span><span class=\"ff5 fc4 fs12 fb \"><a class=\"ImLink\" title=\"\" href=\"https:\/\/www.cajaforensesantafe.org.ar\/wp-content\/uploads\/2016\/05\/Farmacias-en-Rosario.pdf\" target=\"_blank\">LISTADO<\/a><\/span><span class=\"ff5 fc0 fs10 \">.<\/span><\/p>\n<p>A los efectos de agilizar su compra, deber\u00e1 exhibir en la Farmacia habilitada:<\/p>\n<p>La Tarjeta Magn\u00e9tica de la persona (titular o adherente) a cuyo nombre se ha recetado el medicamento.al farmac\u00e9utico que Ud. es afiliado\/a de la Caja Forense de la 1\u00aa Circ. de Santa Fe, incluido\/a en el convenio denominado \u00abCaja Forense 1\u00aa (ambulatorio-seguro)\u00bb.caso de que Ud. se encuentre comprendido\/a en el Sistema Diferenciado (libre cargo), procure indicarle al farmac\u00e9utico que Ud. se encuada en el \u00abPlan 286\u00bb.<\/p>\n<p>Por eventuales dudas o consultas que le manifieste el farmac\u00e9utico, \u00e9ste deber\u00e1 comunicarse conla Asoc. M\u00e9dica de Rosario (A.M.R.), que es la entidad con quien se ha convenido la prestaci\u00f3n de los servicios farmac\u00e9uticos en la ciudad de Rosario.<\/p>\n<p class=\"imAlign_center\"><span class=\"ff6 fc2 fs12 fb \">Directorio Caja Forense<\/span><span class=\"ff6 fc2 fs12 \">.<\/span><\/p>\n<\/div>\n<\/div>\n<\/div>\n<\/div>\n","protected":false},"excerpt":{"rendered":"<p>COMPRA de MEDICAMENTOS en ROSARIO: Para comprar medicamentos en la ciudad de Rosario, consulte las FARMACIAS QUE FIGURAN EN ESTE LISTADO. A los efectos de agilizar su compra, deber\u00e1 exhibir en la Farmacia habilitada: La Tarjeta Magn\u00e9tica de la persona (titular o adherente) a cuyo nombre se ha recetado el medicamento.al farmac\u00e9utico que Ud. es&hellip;<\/p>\n","protected":false},"author":1,"featured_media":0,"parent":0,"menu_order":0,"comment_status":"closed","ping_status":"closed","template":"","meta":{"footnotes":""},"class_list":["post-559","page","type-page","status-publish","hentry","description-off"],"_links":{"self":[{"href":"https:\/\/www.cajaforensesantafe.org.ar\/index.php?rest_route=\/wp\/v2\/pages\/559","targetHints":{"allow":["GET"]}}],"collection":[{"href":"https:\/\/www.cajaforensesantafe.org.ar\/index.php?rest_route=\/wp\/v2\/pages"}],"about":[{"href":"https:\/\/www.cajaforensesantafe.org.ar\/index.php?rest_route=\/wp\/v2\/types\/page"}],"author":[{"embeddable":true,"href":"https:\/\/www.cajaforensesantafe.org.ar\/index.php?rest_route=\/wp\/v2\/users\/1"}],"replies":[{"embeddable":true,"href":"https:\/\/www.cajaforensesantafe.org.ar\/index.php?rest_route=%2Fwp%2Fv2%2Fcomments&post=559"}],"version-history":[{"count":5,"href":"https:\/\/www.cajaforensesantafe.org.ar\/index.php?rest_route=\/wp\/v2\/pages\/559\/revisions"}],"predecessor-version":[{"id":1027,"href":"https:\/\/www.cajaforensesantafe.org.ar\/index.php?rest_route=\/wp\/v2\/pages\/559\/revisions\/1027"}],"wp:attachment":[{"href":"https:\/\/www.cajaforensesantafe.org.ar\/index.php?rest_route=%2Fwp%2Fv2%2Fmedia&parent=559"}],"curies":[{"name":"wp","href":"https:\/\/api.w.org\/{rel}","templated":true}]}}