{"id":617,"date":"2015-11-21T13:51:24","date_gmt":"2015-11-21T13:51:24","guid":{"rendered":"https:\/\/www.cajaforensesantafe.org.ar\/?page_id=617"},"modified":"2024-11-04T15:03:51","modified_gmt":"2024-11-04T15:03:51","slug":"medicina-preventiva","status":"publish","type":"page","link":"https:\/\/www.cajaforensesantafe.org.ar\/?page_id=617","title":{"rendered":"MEDICINA PREVENTIVA"},"content":{"rendered":"<p><span style=\"color: #000000;\">La Caja Forense otorga cada doce (12) meses, a los\/as afiliados\/as beneficiarios\/as que posean una antig\u00fcedad y\/o habilitaci\u00f3n m\u00ednima de treinta (30) d\u00edas, las siguientes prestaciones:<\/span><\/p>\n<ul>\n<li><span style=\"color: #000000;\">Un (1) Papanicolau;<\/span><\/li>\n<li><span style=\"color: #000000;\">Una (1) Mamograf\u00eda Bilateral Digital para las afiliadas beneficiarias, a partir de los 40 a\u00f1os.<\/span><\/li>\n<li><span style=\"color: #000000;\">Un (1) PSA sin cargo para los afiliados beneficiarios, a partir de los 45 a\u00f1os.<\/span><\/li>\n<\/ul>\n<p><span style=\"color: #0000ff;\"><strong>C\u00d3MO ACCEDER A ESTOS BENEFICIOS:<\/strong><\/span><\/p>\n<p><span style=\"color: #000000;\">La prescripci\u00f3n m\u00e9dica de cualquiera de las prestaciones indicadas anteriormente, deber\u00e1n ser presentadas en el \u00c1rea Salud o en cualquiera de las Delegaciones de la Caja Forense, para su autorizaci\u00f3n sin cargo.<\/span><\/p>\n","protected":false},"excerpt":{"rendered":"<p>La Caja Forense otorga cada doce (12) meses, a los\/as afiliados\/as beneficiarios\/as que posean una antig\u00fcedad y\/o habilitaci\u00f3n m\u00ednima de treinta (30) d\u00edas, las siguientes prestaciones: Un (1) Papanicolau; Una (1) Mamograf\u00eda Bilateral Digital para las afiliadas beneficiarias, a partir de los 40 a\u00f1os. Un (1) PSA sin cargo para los afiliados beneficiarios, a partir&hellip;<\/p>\n","protected":false},"author":1,"featured_media":0,"parent":0,"menu_order":0,"comment_status":"closed","ping_status":"closed","template":"","meta":{"footnotes":""},"class_list":["post-617","page","type-page","status-publish","hentry","description-off"],"_links":{"self":[{"href":"https:\/\/www.cajaforensesantafe.org.ar\/index.php?rest_route=\/wp\/v2\/pages\/617","targetHints":{"allow":["GET"]}}],"collection":[{"href":"https:\/\/www.cajaforensesantafe.org.ar\/index.php?rest_route=\/wp\/v2\/pages"}],"about":[{"href":"https:\/\/www.cajaforensesantafe.org.ar\/index.php?rest_route=\/wp\/v2\/types\/page"}],"author":[{"embeddable":true,"href":"https:\/\/www.cajaforensesantafe.org.ar\/index.php?rest_route=\/wp\/v2\/users\/1"}],"replies":[{"embeddable":true,"href":"https:\/\/www.cajaforensesantafe.org.ar\/index.php?rest_route=%2Fwp%2Fv2%2Fcomments&post=617"}],"version-history":[{"count":3,"href":"https:\/\/www.cajaforensesantafe.org.ar\/index.php?rest_route=\/wp\/v2\/pages\/617\/revisions"}],"predecessor-version":[{"id":3473,"href":"https:\/\/www.cajaforensesantafe.org.ar\/index.php?rest_route=\/wp\/v2\/pages\/617\/revisions\/3473"}],"wp:attachment":[{"href":"https:\/\/www.cajaforensesantafe.org.ar\/index.php?rest_route=%2Fwp%2Fv2%2Fmedia&parent=617"}],"curies":[{"name":"wp","href":"https:\/\/api.w.org\/{rel}","templated":true}]}}