{"id":662,"date":"2015-12-09T02:02:16","date_gmt":"2015-12-09T02:02:16","guid":{"rendered":"https:\/\/www.cajaforensesantafe.org.ar\/?page_id=662"},"modified":"2024-11-04T15:05:08","modified_gmt":"2024-11-04T15:05:08","slug":"oncologico","status":"publish","type":"page","link":"https:\/\/www.cajaforensesantafe.org.ar\/?page_id=662","title":{"rendered":"PLAN ONCOLOGICO"},"content":{"rendered":"<div class=\"wpb-content-wrapper\"><p>[vc_row][vc_column width=\u00bb1\/1&#8243;][vc_single_image image=\u00bb673&#8243; border_color=\u00bbgrey\u00bb img_link_large=\u00bb\u00bb img_link_target=\u00bb_self\u00bb img_size=\u00bblarge\u00bb][\/vc_column][\/vc_row][vc_row][vc_column width=\u00bb1\/1&#8243;][vc_column_text]<span style=\"color: #000000;\">A fin de ser perfilado en este plan, los afiliados beneficiarios deber\u00e1n poseer una antig\u00fcedad y\/o habilitaci\u00f3n m\u00ednima de ciento ochenta (180) d\u00edas y presentar la biopsia para dictamen de la Auditor\u00eda M\u00e9dica de Caja Forense.<\/span><\/p>\n<p>&nbsp;<\/p>\n<p><span style=\"color: #000000;\">A partir de ello, la Obra Social brinda cobertura integral sin cargo a los pacientes que padezcan enfermedades oncol\u00f3gicas, con las carencias gen\u00e9ricas establecidas por Directorio seg\u00fan el tipo de pr\u00e1cticas (referidas al diagn\u00f3stico) y previa Auditor\u00eda M\u00e9dica.<\/span><\/p>\n<p>&nbsp;<\/p>\n<p><span style=\"color: #000000;\">A fin de otorgarle una atenci\u00f3n m\u00e1s personalizada, solicitamos tenga a bien acercarse al \u00c1rea Salud con la documentaci\u00f3n y estudios pertinentes, de lunes a viernes de 8 a 13 hs. Tambi\u00e9n podr\u00e1 comunicarse a los tel\u00e9fonos 459-3123\/3167 \u00f3 459-7760, al interno 293.<\/span>[\/vc_column_text][\/vc_column][\/vc_row]<\/p>\n<\/div>","protected":false},"excerpt":{"rendered":"<p>[vc_row][vc_column width=\u00bb1\/1&#8243;][vc_single_image image=\u00bb673&#8243; border_color=\u00bbgrey\u00bb img_link_large=\u00bb\u00bb img_link_target=\u00bb_self\u00bb img_size=\u00bblarge\u00bb][\/vc_column][\/vc_row][vc_row][vc_column width=\u00bb1\/1&#8243;][vc_column_text]A fin de ser perfilado en este plan, los afiliados beneficiarios deber\u00e1n poseer una antig\u00fcedad y\/o habilitaci\u00f3n m\u00ednima de ciento ochenta (180) d\u00edas y presentar la biopsia para dictamen de la Auditor\u00eda M\u00e9dica de Caja Forense. &nbsp; A partir de ello, la Obra Social brinda cobertura integral sin&hellip;<\/p>\n","protected":false},"author":1,"featured_media":0,"parent":0,"menu_order":0,"comment_status":"closed","ping_status":"closed","template":"","meta":{"footnotes":""},"class_list":["post-662","page","type-page","status-publish","hentry","description-off"],"_links":{"self":[{"href":"https:\/\/www.cajaforensesantafe.org.ar\/index.php?rest_route=\/wp\/v2\/pages\/662","targetHints":{"allow":["GET"]}}],"collection":[{"href":"https:\/\/www.cajaforensesantafe.org.ar\/index.php?rest_route=\/wp\/v2\/pages"}],"about":[{"href":"https:\/\/www.cajaforensesantafe.org.ar\/index.php?rest_route=\/wp\/v2\/types\/page"}],"author":[{"embeddable":true,"href":"https:\/\/www.cajaforensesantafe.org.ar\/index.php?rest_route=\/wp\/v2\/users\/1"}],"replies":[{"embeddable":true,"href":"https:\/\/www.cajaforensesantafe.org.ar\/index.php?rest_route=%2Fwp%2Fv2%2Fcomments&post=662"}],"version-history":[{"count":5,"href":"https:\/\/www.cajaforensesantafe.org.ar\/index.php?rest_route=\/wp\/v2\/pages\/662\/revisions"}],"predecessor-version":[{"id":2921,"href":"https:\/\/www.cajaforensesantafe.org.ar\/index.php?rest_route=\/wp\/v2\/pages\/662\/revisions\/2921"}],"wp:attachment":[{"href":"https:\/\/www.cajaforensesantafe.org.ar\/index.php?rest_route=%2Fwp%2Fv2%2Fmedia&parent=662"}],"curies":[{"name":"wp","href":"https:\/\/api.w.org\/{rel}","templated":true}]}}