{"id":798,"date":"2024-04-29T09:46:38","date_gmt":"2024-04-29T09:46:38","guid":{"rendered":"https:\/\/www.cajaforensesantafe.org.ar\/?page_id=798"},"modified":"2024-11-04T16:02:19","modified_gmt":"2024-11-04T16:02:19","slug":"guardia-odontologica-cos-2","status":"publish","type":"page","link":"https:\/\/www.cajaforensesantafe.org.ar\/?page_id=798","title":{"rendered":"GUARDIA ODONTOLOGICA (COS)"},"content":{"rendered":"<h3><span style=\"color: #000000;\">Se encuentra a disposici\u00f3n de los\/as afiliados\/as de Caja Forense el servicio de GUARDIAS SIN CARGO en la Sede del C\u00cdRCULO ODONTOL\u00d3GICO SANTAFESINO (C.O.S.) para la atenci\u00f3n de URGENCIAS ODONTOL\u00d3GICAS.<\/span><\/h3>\n<h3><\/h3>\n<h3><span style=\"color: #0000ff;\">Direcci\u00f3n:\u00a0<\/span>\u00a0<span style=\"color: #000000;\">Eva Per\u00f3n 2467<\/span><\/h3>\n<h3><span style=\"color: #000000;\"><span style=\"color: #0000ff;\">D\u00edas y horarios:\u00a0<\/span>\u00a0 Lunes a viernes de 22 a 04 hs.<\/span><\/h3>\n<h3><span style=\"color: #000000;\"><span style=\"color: #0000ff;\">S\u00e1bados, domingos y feriados:<\/span>\u00a0Las 24 hs.<\/span><\/h3>\n<h3><\/h3>\n<h3><span style=\"color: #000000;\">Condiciones de acceso: El\/la afiliado\/a debe concurrir con DNI y carnet de afiliaci\u00f3n para constatar su identidad y estado activo en la misma.<\/span><\/h3>\n","protected":false},"excerpt":{"rendered":"<p>Se encuentra a disposici\u00f3n de los\/as afiliados\/as de Caja Forense el servicio de GUARDIAS SIN CARGO en la Sede del C\u00cdRCULO ODONTOL\u00d3GICO SANTAFESINO (C.O.S.) para la atenci\u00f3n de URGENCIAS ODONTOL\u00d3GICAS. Direcci\u00f3n:\u00a0\u00a0Eva Per\u00f3n 2467 D\u00edas y horarios:\u00a0\u00a0 Lunes a viernes de 22 a 04 hs. S\u00e1bados, domingos y feriados:\u00a0Las 24 hs. Condiciones de acceso: El\/la afiliado\/a&hellip;<\/p>\n","protected":false},"author":1,"featured_media":0,"parent":0,"menu_order":0,"comment_status":"closed","ping_status":"closed","template":"","meta":{"footnotes":""},"class_list":["post-798","page","type-page","status-publish","hentry","description-off"],"_links":{"self":[{"href":"https:\/\/www.cajaforensesantafe.org.ar\/index.php?rest_route=\/wp\/v2\/pages\/798","targetHints":{"allow":["GET"]}}],"collection":[{"href":"https:\/\/www.cajaforensesantafe.org.ar\/index.php?rest_route=\/wp\/v2\/pages"}],"about":[{"href":"https:\/\/www.cajaforensesantafe.org.ar\/index.php?rest_route=\/wp\/v2\/types\/page"}],"author":[{"embeddable":true,"href":"https:\/\/www.cajaforensesantafe.org.ar\/index.php?rest_route=\/wp\/v2\/users\/1"}],"replies":[{"embeddable":true,"href":"https:\/\/www.cajaforensesantafe.org.ar\/index.php?rest_route=%2Fwp%2Fv2%2Fcomments&post=798"}],"version-history":[{"count":2,"href":"https:\/\/www.cajaforensesantafe.org.ar\/index.php?rest_route=\/wp\/v2\/pages\/798\/revisions"}],"predecessor-version":[{"id":3347,"href":"https:\/\/www.cajaforensesantafe.org.ar\/index.php?rest_route=\/wp\/v2\/pages\/798\/revisions\/3347"}],"wp:attachment":[{"href":"https:\/\/www.cajaforensesantafe.org.ar\/index.php?rest_route=%2Fwp%2Fv2%2Fmedia&parent=798"}],"curies":[{"name":"wp","href":"https:\/\/api.w.org\/{rel}","templated":true}]}}