{"id":809,"date":"2016-02-24T13:44:35","date_gmt":"2016-02-24T13:44:35","guid":{"rendered":"https:\/\/www.cajaforensesantafe.org.ar\/?page_id=809"},"modified":"2025-08-12T12:47:41","modified_gmt":"2025-08-12T12:47:41","slug":"unisem-red-siem","status":"publish","type":"page","link":"https:\/\/www.cajaforensesantafe.org.ar\/?page_id=809","title":{"rendered":"UNISEM &#8211; Red SIEM"},"content":{"rendered":"<div class=\"wpb-content-wrapper\"><p>[vc_row][vc_column width=\u00bb1\/2&#8243;][vc_column_text]<\/p>\n<p><a class=\"dt-single-image\" href=\"https:\/\/www.cajaforensesantafe.org.ar\/wp-content\/uploads\/2016\/02\/p049_1_00.jpg\" data-dt-img-description=\"\"><img loading=\"lazy\" decoding=\"async\" class=\"alignnone wp-image-812 size-full\" src=\"https:\/\/www.cajaforensesantafe.org.ar\/wp-content\/uploads\/2016\/02\/p049_1_00.jpg\" alt=\"p049_1_00\" width=\"327\" height=\"106\" srcset=\"https:\/\/www.cajaforensesantafe.org.ar\/wp-content\/uploads\/2016\/02\/p049_1_00.jpg 327w, https:\/\/www.cajaforensesantafe.org.ar\/wp-content\/uploads\/2016\/02\/p049_1_00-300x97.jpg 300w\" sizes=\"auto, (max-width: 327px) 100vw, 327px\" \/><\/a><\/p>\n<p>[\/vc_column_text][\/vc_column][vc_column width=\u00bb1\/2&#8243;][vc_column_text]FDO.ZUVIR\u00cdA 3601 (Santa Fe)<\/p>\n<p><span class=\"ff2 fc0 fs10 \">EMERGENCIAS Y CONSULTAS MEDICAS: <\/span><span class=\"ff2 fc3 fs10 fb \">4552000<\/span><span class=\"ff2 fc0 fs10 \"><br \/>\nTRASLADOS Y OTROS SERVICIOS: <\/span><span class=\"ff2 fc3 fs10 fb \">4553000<\/span><\/p>\n<p>Para mayor informaci\u00f3n sobre los servicios y coberturas, clic <span class=\"ff2 fc0 fs12 fb \"><a class=\"ImLink\" title=\"\" href=\"https:\/\/www.cajaforensesantafe.org.ar\/wp-content\/uploads\/2016\/02\/unisem.pdf\">AQU\u00cd<\/a><\/span>[\/vc_column_text][\/vc_column][\/vc_row][vc_row][vc_column][vc_column_text css=\u00bb\u00bb]<\/p>\n<h4 class=\"imAlign_center\"><span class=\"ff2 fc2 fs12 fb fu \"><span style=\"color: #ff9900;\">RED SIEM<\/span>:<\/span><\/h4>\n<p class=\"imAlign_justify\"><span class=\"ff2 fc2 fs12 \">Los afiliados de Caja Forense podr\u00e1n acceder al servicio de atenci\u00f3n de emergencias m\u00e9dicas que provee UNISEM, por medio de la RED SIEM, con cobertura en todo el pa\u00eds. Quienes se encuentren en tr\u00e1nsito vacacional en cualquiera de las localidades de la Rep\u00fablica Argentina que figuran en el listado adjunto (<\/span><span class=\"ff2 fc3 fs12 fb \"><a class=\"ImLink\" title=\"\" href=\"https:\/\/www.cajaforensesantafe.org.ar\/wp-content\/uploads\/2017\/12\/Siem-coberturas-SOLO-ARGENTINA-Diciembre-2017.pdf\"> VER AQU\u00cd<\/a><\/span><span class=\"ff2 fc2 fs12 \">), podr\u00e1n recibir este servicio de emergencias m\u00e9dicas.<\/span><\/p>\n<p>A fin de acceder a dicha prestaci\u00f3n los afiliados interesados, deber\u00e1n tramitar en las oficinas de UNISEM (Fdo.Zuvir\u00eda 3601 de la Ciudad de Santa Fe, Tel: (0342) 455-2000) una <strong><span class=\"ff2 fc2 fs12 fb fu \">Constancia de cobertura<\/span><\/strong><span class=\"ff2 fc2 fs12 \">, la cual ser\u00e1 requerida por el prestador local en el momento de la atenci\u00f3n. <\/span><\/p>\n<p><span class=\"ff2 fc2 fs12 \">En caso de afiliados domiciliados fuera de la ciudad de Santa Fe podr\u00e1n solicitar dicha constancia por mail a <\/span><span class=\"ff2 fc4 fs12 fu \">clientes@unisem.com.ar<\/span>[\/vc_column_text][\/vc_column][\/vc_row]<\/p>\n<\/div>","protected":false},"excerpt":{"rendered":"<p>[vc_row][vc_column width=\u00bb1\/2&#8243;][vc_column_text] [\/vc_column_text][\/vc_column][vc_column width=\u00bb1\/2&#8243;][vc_column_text]FDO.ZUVIR\u00cdA 3601 (Santa Fe) EMERGENCIAS Y CONSULTAS MEDICAS: 4552000 TRASLADOS Y OTROS SERVICIOS: 4553000 Para mayor informaci\u00f3n sobre los servicios y coberturas, clic AQU\u00cd[\/vc_column_text][\/vc_column][\/vc_row][vc_row][vc_column][vc_column_text css=\u00bb\u00bb] RED SIEM: Los afiliados de Caja Forense podr\u00e1n acceder al servicio de atenci\u00f3n de emergencias m\u00e9dicas que provee UNISEM, por medio de la RED SIEM, con cobertura&hellip;<\/p>\n","protected":false},"author":1,"featured_media":0,"parent":0,"menu_order":0,"comment_status":"closed","ping_status":"closed","template":"","meta":{"footnotes":""},"class_list":["post-809","page","type-page","status-publish","hentry","description-off"],"_links":{"self":[{"href":"https:\/\/www.cajaforensesantafe.org.ar\/index.php?rest_route=\/wp\/v2\/pages\/809","targetHints":{"allow":["GET"]}}],"collection":[{"href":"https:\/\/www.cajaforensesantafe.org.ar\/index.php?rest_route=\/wp\/v2\/pages"}],"about":[{"href":"https:\/\/www.cajaforensesantafe.org.ar\/index.php?rest_route=\/wp\/v2\/types\/page"}],"author":[{"embeddable":true,"href":"https:\/\/www.cajaforensesantafe.org.ar\/index.php?rest_route=\/wp\/v2\/users\/1"}],"replies":[{"embeddable":true,"href":"https:\/\/www.cajaforensesantafe.org.ar\/index.php?rest_route=%2Fwp%2Fv2%2Fcomments&post=809"}],"version-history":[{"count":4,"href":"https:\/\/www.cajaforensesantafe.org.ar\/index.php?rest_route=\/wp\/v2\/pages\/809\/revisions"}],"predecessor-version":[{"id":3709,"href":"https:\/\/www.cajaforensesantafe.org.ar\/index.php?rest_route=\/wp\/v2\/pages\/809\/revisions\/3709"}],"wp:attachment":[{"href":"https:\/\/www.cajaforensesantafe.org.ar\/index.php?rest_route=%2Fwp%2Fv2%2Fmedia&parent=809"}],"curies":[{"name":"wp","href":"https:\/\/api.w.org\/{rel}","templated":true}]}}