{"id":814,"date":"2016-02-24T13:55:24","date_gmt":"2016-02-24T13:55:24","guid":{"rendered":"https:\/\/www.cajaforensesantafe.org.ar\/?page_id=814"},"modified":"2025-08-12T12:14:38","modified_gmt":"2025-08-12T12:14:38","slug":"sistema-de-reintegros","status":"publish","type":"page","link":"https:\/\/www.cajaforensesantafe.org.ar\/?page_id=814","title":{"rendered":"Sistema de Reintegros"},"content":{"rendered":"<div class=\"wpb-content-wrapper\"><p>[vc_row][vc_column][vc_column_text css=\u00bb\u00bb]<!--\n\n\n<p style=\"text-align: center;\"><a class=\"dt-single-image\" href=\"https:\/\/www.cajaforensesantafe.org.ar\/wp-content\/uploads\/2016\/02\/reintegros.jpg\" data-dt-img-description=\"\"><img loading=\"lazy\" decoding=\"async\" class=\"wp-image-1365 size-full\" src=\"https:\/\/www.cajaforensesantafe.org.ar\/wp-content\/uploads\/2016\/02\/reintegros.jpg\" alt=\"\" width=\"1084\" height=\"268\" \/ style=\"><\/a><\/p>\n\n\n--><\/p>\n<p style=\"text-align: center;\"><a class=\"dt-single-image\" href=\"https:\/\/www.cajaforensesantafe.org.ar\/wp-content\/uploads\/2016\/02\/reintegros.jpg\" data-dt-img-description=\"\"><br \/>\n<img loading=\"lazy\" decoding=\"async\" class=\"wp-image-1365 size-full\" style=\"display: block; margin: auto;\" src=\"https:\/\/www.cajaforensesantafe.org.ar\/wp-content\/uploads\/2016\/02\/reintegros.jpg\" alt=\"\" width=\"1084\" height=\"268\" \/><br \/>\n<\/a><\/p>\n<p>[\/vc_column_text][\/vc_column][\/vc_row][vc_row][vc_column][vc_empty_space height=\u00bb10&#8243;][\/vc_column][\/vc_row][vc_row][vc_column][vc_column_text css=\u00bb.vc_custom_1755000791708{background-color: #ffffff !important;}\u00bb]Para acceder al sistema, la Caja Forense considerar\u00e1 susceptibles de REINTEGRO, las siguientes causales y condiciones:<\/p>\n<h4><span style=\"color: #3366ff;\"><strong>1. Gastos canalizados a trav\u00e9s de otra Obra Social <\/strong><\/span><\/h4>\n<ul style=\"list-style-type: circle;\">\n<li>\u00a0<span style=\"color: #3366ff;\"><strong>Prestaciones M\u00e9dicas<\/strong><\/span>: Para utilizar dicho servicio deber\u00e1 presentar el comprobante oficial de pago original y detallado, acompa\u00f1ando la fotocopia de la orden m\u00e9dica correspondiente. En este caso, la Caja reintegrar\u00e1 la diferencia de lo abonado, tomando como referencia y hasta el l\u00edmite de los montos que reconoce la Caja.<\/li>\n<li><strong><span style=\"color: #3366ff;\">Farmacia:<\/span><\/strong> En caso de medicamentos, y si la otra Obra Social no cuenta con Sistema de Coseguro Mixto (es decir, que el monto a cargo del afiliado se cubra total o parcialmente entre la Caja Forense y la otra Obra Social en el momento en que se est\u00e1 comprando el medicamento), deber\u00e1 presentar la fotocopia de la orden m\u00e9dica y la factura original de la farmacia. En este caso se reintegra el 100% de lo abonado si el medicamento figura en el Vadem\u00e9cum utilizado por Caja Forense ; y el 70% en el caso de que tales medicamentos no figuren en el mismo. En ambos casos, el reintegro posee un tope por receta, de acuerdo a lo estipulado en las Reglamentaciones vigentes.<\/li>\n<\/ul>\n<h4><span style=\"color: #3366ff;\">2. Prestaciones M\u00e9dicas abonadas en forma particular<\/span><\/h4>\n<ul style=\"list-style-type: circle;\">\n<li>\u00a0Mediante nota de solicitud de reintegro presentada por el Afiliado TITULAR, deber\u00e1n acompa\u00f1arse los originales de la factura y\/o recibos pormenorizados y la historia cl\u00ednica detallada en los casos que as\u00ed los requiera Caja Forense. Dicha solicitud se somete al dictamen de la Auditor\u00eda M\u00e9dica, a los efectos de determinar si corresponde su reconocimiento.<\/li>\n<li>La Caja Forense toma como norma para el Reintegro, los valores que abona en cada caso por el uso directo de esta. Para prestaciones No Nomencladas, se asimilan las mismas a los c\u00f3digos del Nomenclador Nacional y luego, de acuerdo a las caracter\u00edsticas de cada caso (tipo de tratamiento, aportes del profesional, Sistema Diferenciado, etc.), resuelve el H. Directorio<\/li>\n<\/ul>\n<h4><span style=\"color: #3366ff;\">3. Sobre la documentaci\u00f3n requerida<\/span><\/h4>\n<ul style=\"list-style-type: circle;\">\n<li>\u00a0En todos los pedidos, las fechas de las facturas del gasto a reintegrar, NO DEBEN EXCEDER LOS 90 d\u00edas para su presentaci\u00f3n<\/li>\n<\/ul>\n<p>[\/vc_column_text][\/vc_column][\/vc_row][vc_row][vc_column][vc_empty_space height=\u00bb20px\u00bb][\/vc_column][\/vc_row][vc_row][vc_column][vc_column_text]<\/p>\n<h5><strong><span class=\"ff5 fc0 fs10 \" style=\"color: #3366ff;\">En caso de presentarse para un reintegro una FACTURA ELECTR\u00d3NICA, cumpla con los requisitos que se detallan aqui:<\/span><\/strong><\/h5>\n<p>[\/vc_column_text][\/vc_column][\/vc_row][vc_row][vc_column][vc_empty_space height=\u00bb20&#8243;][\/vc_column][\/vc_row][vc_row][vc_column][vc_column_text]<\/p>\n<h4><\/h4>\n<p><a class=\"dt-single-image\" href=\"https:\/\/www.cajaforensesantafe.org.ar\/wp-content\/uploads\/2016\/02\/factura.jpg\" data-dt-img-description=\"\"><img loading=\"lazy\" decoding=\"async\" class=\"alignnone wp-image-1361\" src=\"https:\/\/www.cajaforensesantafe.org.ar\/wp-content\/uploads\/2016\/02\/factura.jpg\" alt=\"factura\" width=\"645\" height=\"800\" \/><\/a>[\/vc_column_text][\/vc_column][\/vc_row]<\/p>\n<\/div>","protected":false},"excerpt":{"rendered":"<p>[vc_row][vc_column][vc_column_text css=\u00bb\u00bb] [\/vc_column_text][\/vc_column][\/vc_row][vc_row][vc_column][vc_empty_space height=\u00bb10&#8243;][\/vc_column][\/vc_row][vc_row][vc_column][vc_column_text css=\u00bb.vc_custom_1755000791708{background-color: #ffffff !important;}\u00bb]Para acceder al sistema, la Caja Forense considerar\u00e1 susceptibles de REINTEGRO, las siguientes causales y condiciones: 1. Gastos canalizados a trav\u00e9s de otra Obra Social \u00a0Prestaciones M\u00e9dicas: Para utilizar dicho servicio deber\u00e1 presentar el comprobante oficial de pago original y detallado, acompa\u00f1ando la fotocopia de la orden m\u00e9dica correspondiente.&hellip;<\/p>\n","protected":false},"author":1,"featured_media":0,"parent":0,"menu_order":0,"comment_status":"closed","ping_status":"closed","template":"","meta":{"footnotes":""},"class_list":["post-814","page","type-page","status-publish","hentry","description-off"],"_links":{"self":[{"href":"https:\/\/www.cajaforensesantafe.org.ar\/index.php?rest_route=\/wp\/v2\/pages\/814","targetHints":{"allow":["GET"]}}],"collection":[{"href":"https:\/\/www.cajaforensesantafe.org.ar\/index.php?rest_route=\/wp\/v2\/pages"}],"about":[{"href":"https:\/\/www.cajaforensesantafe.org.ar\/index.php?rest_route=\/wp\/v2\/types\/page"}],"author":[{"embeddable":true,"href":"https:\/\/www.cajaforensesantafe.org.ar\/index.php?rest_route=\/wp\/v2\/users\/1"}],"replies":[{"embeddable":true,"href":"https:\/\/www.cajaforensesantafe.org.ar\/index.php?rest_route=%2Fwp%2Fv2%2Fcomments&post=814"}],"version-history":[{"count":9,"href":"https:\/\/www.cajaforensesantafe.org.ar\/index.php?rest_route=\/wp\/v2\/pages\/814\/revisions"}],"predecessor-version":[{"id":3697,"href":"https:\/\/www.cajaforensesantafe.org.ar\/index.php?rest_route=\/wp\/v2\/pages\/814\/revisions\/3697"}],"wp:attachment":[{"href":"https:\/\/www.cajaforensesantafe.org.ar\/index.php?rest_route=%2Fwp%2Fv2%2Fmedia&parent=814"}],"curies":[{"name":"wp","href":"https:\/\/api.w.org\/{rel}","templated":true}]}}