{"id":817,"date":"2016-02-24T13:58:08","date_gmt":"2016-02-24T13:58:08","guid":{"rendered":"https:\/\/www.cajaforensesantafe.org.ar\/?page_id=817"},"modified":"2016-03-03T14:36:31","modified_gmt":"2016-03-03T14:36:31","slug":"guardia-odontologica-cos","status":"publish","type":"page","link":"https:\/\/www.cajaforensesantafe.org.ar\/?page_id=817","title":{"rendered":"Guardia Odontol\u00f3gica (COS)"},"content":{"rendered":"<div class=\"wpb-content-wrapper\"><p>[vc_row][vc_column width=\u00bb1\/2&#8243;][vc_column_text]<\/p>\n<div id=\"imCel0_00\">\n<div id=\"imCel0_00_Cont\">\n<div id=\"imObj0_00\">\n<p class=\"imAlign_justify\"><strong><span class=\"ff5 fc3 fs12 fb \" style=\"color: #000080;\">GUARDIA ODONTOL\u00d3GICA SIN CARGO<\/span><\/strong><span class=\"ff5 fc2 fs8 \"><br \/>\n<\/span><\/p>\n<p class=\"imAlign_right\"><span class=\"ff5 fc0 fs10 \">Con su Tarjeta de Afiliado a Caja Forense podr\u00e1 acceder <\/span><span class=\"ff5 fc4 fs12 fb \">en forma totalmente gratuita<\/span><span class=\"ff5 fc0 fs10 \"> a los Servicios de Guardia del C\u00edrc. Odont. Santafesino (C.O.S.). Calle Eva Per\u00f3n 2470 P.B. Tel\u00e9fonos: (0342) 4562626 \u00f3 4562627 de Santa Fe.<\/span><span class=\"ff1 fc0 fs10 \"><br \/>\n<\/span><\/p>\n<\/div>\n<\/div>\n<\/div>\n<div id=\"imCel1_00\"><\/div>\n<p>[\/vc_column_text][\/vc_column][vc_column width=\u00bb1\/2&#8243;][vc_column_text]<\/p>\n<p><a class=\"dt-single-image\" href=\"https:\/\/www.cajaforensesantafe.org.ar\/wp-content\/uploads\/2016\/02\/p035_1_00.jpg\" data-dt-img-description=\"\"><img loading=\"lazy\" decoding=\"async\" class=\"alignnone wp-image-818 size-full\" src=\"https:\/\/www.cajaforensesantafe.org.ar\/wp-content\/uploads\/2016\/02\/p035_1_00.jpg\" alt=\"p035_1_00\" width=\"225\" height=\"132\" \/><\/a><\/p>\n<p>[\/vc_column_text][\/vc_column][\/vc_row]<\/p>\n<\/div>","protected":false},"excerpt":{"rendered":"<p>[vc_row][vc_column width=\u00bb1\/2&#8243;][vc_column_text] GUARDIA ODONTOL\u00d3GICA SIN CARGO Con su Tarjeta de Afiliado a Caja Forense podr\u00e1 acceder en forma totalmente gratuita a los Servicios de Guardia del C\u00edrc. Odont. Santafesino (C.O.S.). Calle Eva Per\u00f3n 2470 P.B. Tel\u00e9fonos: (0342) 4562626 \u00f3 4562627 de Santa Fe. [\/vc_column_text][\/vc_column][vc_column width=\u00bb1\/2&#8243;][vc_column_text] [\/vc_column_text][\/vc_column][\/vc_row]<\/p>\n","protected":false},"author":1,"featured_media":0,"parent":0,"menu_order":0,"comment_status":"closed","ping_status":"closed","template":"","meta":{"footnotes":""},"class_list":["post-817","page","type-page","status-publish","hentry","description-off"],"_links":{"self":[{"href":"https:\/\/www.cajaforensesantafe.org.ar\/index.php?rest_route=\/wp\/v2\/pages\/817","targetHints":{"allow":["GET"]}}],"collection":[{"href":"https:\/\/www.cajaforensesantafe.org.ar\/index.php?rest_route=\/wp\/v2\/pages"}],"about":[{"href":"https:\/\/www.cajaforensesantafe.org.ar\/index.php?rest_route=\/wp\/v2\/types\/page"}],"author":[{"embeddable":true,"href":"https:\/\/www.cajaforensesantafe.org.ar\/index.php?rest_route=\/wp\/v2\/users\/1"}],"replies":[{"embeddable":true,"href":"https:\/\/www.cajaforensesantafe.org.ar\/index.php?rest_route=%2Fwp%2Fv2%2Fcomments&post=817"}],"version-history":[{"count":1,"href":"https:\/\/www.cajaforensesantafe.org.ar\/index.php?rest_route=\/wp\/v2\/pages\/817\/revisions"}],"predecessor-version":[{"id":819,"href":"https:\/\/www.cajaforensesantafe.org.ar\/index.php?rest_route=\/wp\/v2\/pages\/817\/revisions\/819"}],"wp:attachment":[{"href":"https:\/\/www.cajaforensesantafe.org.ar\/index.php?rest_route=%2Fwp%2Fv2%2Fmedia&parent=817"}],"curies":[{"name":"wp","href":"https:\/\/api.w.org\/{rel}","templated":true}]}}